{"id":56871,"date":"2022-03-10T16:24:00","date_gmt":"2022-03-10T15:24:00","guid":{"rendered":"https:\/\/secureus.se\/produkt\/easybadge-smart-id-card-design-software\/"},"modified":"2025-12-31T19:59:42","modified_gmt":"2025-12-31T18:59:42","slug":"easybadge-smart-id-card-design-software","status":"publish","type":"product","link":"https:\/\/secureus.se\/pl\/easybadge-smart-id-card-design-software\/","title":{"rendered":"Oprogramowanie do projektowania inteligentnych kart identyfikacyjnych EasyBadge"},"content":{"rendered":"<div id=\"Product-Description\">\n<div>\n<div id=\"Product-Description\">\n<div id=\"Product-Description\">\n<div id=\"Product-Description\">\n<div>\n<div id=\"Product-Description\">\n<div id=\"Product-Description\">\n<div id=\"Product-Description\">\n<p>Oprogramowanie EasyBadge Smart mo\u017ce kodowa\u0107 karty NFC i bezstykowe dla Twojej organizacji i jest zaawansowanym oprogramowaniem do drukowania kart plastikowych.<\/p>\n<p>Dzi\u0119ki intuicyjnemu systemowi mo\u017cesz rozpocz\u0105\u0107 prac\u0119 w zaledwie 60 sekund.<\/p>\n<p>Kreator konfiguracji przeprowadzi Ci\u0119 krok po kroku przez proces, wykorzystuj\u0105c Twoje logo lub niestandardow\u0105 grafik\u0119, aby stworzy\u0107 osza\u0142amiaj\u0105cy, niestandardowy projekt karty.<\/p>\n<p>Opr\u00f3cz oprogramowania Smart EasyBadge posiada r\u00f3wnie\u017c w\u0142asn\u0105 aplikacj\u0119, kt\u00f3ra umo\u017cliwia dodawanie lub edycj\u0119 wpis\u00f3w, robienie zdj\u0119\u0107 telefonem kom\u00f3rkowym lub tabletem, przesy\u0142anie nowych lub edytowanych wpis\u00f3w z dowolnego miejsca na \u015bwiecie.<\/p>\n<p>EasyBadge zosta\u0142 opracowany, aby zaoszcz\u0119dzi\u0107 Tw\u00f3j czas, a interaktywny system pomocy pozwala zada\u0107 pytanie w oprogramowaniu, a EasyBadge nie tylko da Ci odpowied\u017a, ale wykona zadanie za Ciebie, eliminuj\u0105c potrzeb\u0119 sp\u0119dzania czasu na przegl\u0105daniu papierowej instrukcji o pomoc.<\/p>\n<p>Dzi\u0119ki nieograniczonej liczbie wej\u015b\u0107 i mo\u017cliwo\u015bci kodowania kart NFC i zbli\u017ceniowych, EasyBadge Smart jest idealnym rozwi\u0105zaniem dla kart uniwersyteckich, studenckich, du\u017cych firmowych identyfikator\u00f3w pracowniczych i system\u00f3w wydawania kart podr\u00f3\u017cnych.<\/p>\n<p>Aby zobaczy\u0107, czy EasyBadge jest dla Ciebie w\u0142a\u015bciwym rozwi\u0105zaniem, obejrzyj film lub zadzwo\u0144 bezpo\u015brednio do zespo\u0142u, aby zarezerwowa\u0107 bezp\u0142atn\u0105 demonstracj\u0119.<\/p>\n<p>EasyBadge Smart jest kompatybilny ze wszystkimi g\u0142\u00f3wnymi drukarkami kart plastikowych.<\/p>\n<p>* NALE\u017bY PAMI\u0118TA\u0106, \u017bE NIE WSZYSTKIE WERSJE OPROGRAMOWANIA EASYBADGE S\u0104 KOMPATYBILNE Z MAC. *<\/p>\n<p>Waga produktu: 0,02 kg<\/p>\n<\/div>\n<\/div>\n<\/div>\n<\/div>\n<\/div>\n<\/div>\n<\/div>\n<\/div>\n<\/div>","protected":false},"excerpt":{"rendered":"<p>EasyBadge Smart-programvara kan koda NFC och kontaktl&ouml;sa smartkort f&ouml;r din organisation och &auml;r en avancerad&nbsp;programvaran f&ouml;r plastkortutskrift. Med sitt intuitiva system kan du komma ig&aring;ng p&aring; bara 60 sekunder. Installationsguiden<\/p>","protected":false},"featured_media":144951,"template":"","meta":{"_acf_changed":false},"product_brand":[],"product_cat":[1653],"product_tag":[],"class_list":{"0":"post-56871","1":"product","2":"type-product","3":"status-publish","4":"has-post-thumbnail","6":"product_cat-gor-dina-egna-foretagskort","7":"product_shipping_class-postnord-varubrev","8":"pa_brands-easybadge","9":"pa_sakerhetssystem-kortprinter-fargband","10":"tm-has-options","12":"first","13":"instock","14":"sale","15":"featured","16":"taxable","17":"shipping-taxable","18":"purchasable","19":"product-type-simple"},"acf":[],"_links":{"self":[{"href":"https:\/\/secureus.se\/pl\/wp-json\/wp\/v2\/product\/56871","targetHints":{"allow":["GET"]}}],"collection":[{"href":"https:\/\/secureus.se\/pl\/wp-json\/wp\/v2\/product"}],"about":[{"href":"https:\/\/secureus.se\/pl\/wp-json\/wp\/v2\/types\/product"}],"wp:featuredmedia":[{"embeddable":true,"href":"https:\/\/secureus.se\/pl\/wp-json\/wp\/v2\/media\/144951"}],"wp:attachment":[{"href":"https:\/\/secureus.se\/pl\/wp-json\/wp\/v2\/media?parent=56871"}],"wp:term":[{"taxonomy":"product_brand","embeddable":true,"href":"https:\/\/secureus.se\/pl\/wp-json\/wp\/v2\/product_brand?post=56871"},{"taxonomy":"product_cat","embeddable":true,"href":"https:\/\/secureus.se\/pl\/wp-json\/wp\/v2\/product_cat?post=56871"},{"taxonomy":"product_tag","embeddable":true,"href":"https:\/\/secureus.se\/pl\/wp-json\/wp\/v2\/product_tag?post=56871"}],"curies":[{"name":"wp","href":"https:\/\/api.w.org\/{rel}","templated":true}]}}