{"id":56873,"date":"2022-03-10T16:23:00","date_gmt":"2022-03-10T15:23:00","guid":{"rendered":"https:\/\/secureus.se\/produkt\/t-2-fjarrkontroll\/"},"modified":"2026-03-26T08:48:36","modified_gmt":"2026-03-26T07:48:36","slug":"t-2-fjarrkontroll","status":"publish","type":"product","link":"https:\/\/secureus.se\/pl\/t-2-fjarrkontroll\/","title":{"rendered":"Pilot T-2 Radio przystosowane do odbiornik\u00f3w radiowych RK-4, RK-2K, RK-1k"},"content":{"rendered":"<h1>Pilot T-2 \u2013 dwukana\u0142owa i bezpieczna komunikacja dla odbiornik\u00f3w radiowych SATEL<\/h1>\n<p>T-2 to zaawansowany dwukana\u0142owy pilot zapewniaj\u0105cy bezpieczne i niezawodne sterowanie odbiornikami radiowymi firmy SATEL RK-4, RK-2K i RK-1K.<\/p>\n<p>Wykorzystuje technologi\u0119 szyfrowania KEELOQ\u00ae, kt\u00f3ra gwarantuje, \u017ce sygna\u0142 nie zostanie skopiowany ani wykorzystany przez osoby nieuprawnione.<\/p>\n<p><strong>G\u0142\u00f3wne cechy:<\/strong><\/p>\n<ul>\n<li><strong>Bezpieczna komunikacja:<\/strong> Wyposa\u017cony w dynamiczn\u0105 zmian\u0119 kodu KEELOQ\u00ae, kt\u00f3ra chroni przed przechwyceniem sygna\u0142u.<\/li>\n<li><strong>Zakres:<\/strong> Do 350 metr\u00f3w na otwartej przestrzeni i 500 metr\u00f3w z zewn\u0119trzn\u0105 anten\u0105 SMA.<\/li>\n<li><strong>Sterowanie dwukana\u0142owe:<\/strong> Dwa oznaczone kolorami przyciski (czerwony i zielony) zapewniaj\u0105 \u0142atw\u0105 i bezpieczn\u0105 obs\u0142ug\u0119.<\/li>\n<li><strong>Solidna konstrukcja:<\/strong> Zaprojektowane tak, aby wytrzyma\u0107 wp\u0142yw warunk\u00f3w \u015brodowiskowych.<\/li>\n<li><strong>Energooszcz\u0119dny:<\/strong> Zasilany bateri\u0105 12 V.<\/li>\n<\/ul>\n<p>Pilot T-2 \u0142\u0105czy w sobie zaawansowan\u0105 technologi\u0119 i \u0142atwo\u015b\u0107 obs\u0142ugi, dzi\u0119ki czemu jest idealnym wyborem do zastosowa\u0144 zwi\u0105zanych z bezpiecze\u0144stwem, w tym do automatycznych bram, system\u00f3w alarmowych i innych zdalnie sterowanych urz\u0105dze\u0144.<\/p>","protected":false},"excerpt":{"rendered":"<p>T-2 to dwukana\u0142owy pilot do odbiornika radiowego firmy SATEL.<\/p>\n<p>Wyposa\u017cony w szyfrowanie KEELOQ\u00ae i solidn\u0105 konstrukcj\u0119 zapewniaj\u0105c\u0105 bezpieczn\u0105 i niezawodn\u0105 prac\u0119 z zasi\u0119giem do 500 metr\u00f3w.<\/p>","protected":false},"featured_media":145098,"template":"","meta":{"_acf_changed":false},"product_brand":[],"product_cat":[1616],"product_tag":[2275,2424],"class_list":{"0":"post-56873","1":"product","2":"type-product","3":"status-publish","4":"has-post-thumbnail","6":"product_cat-radiosandare-mottagare","7":"product_tag-radio-mottagare-satel","8":"product_tag-rel-pulsarradio","9":"product_shipping_class-postnord-varubrev","10":"pa_brands-satel","11":"pa_sakerhetssystem-smart-home","12":"tm-has-options","14":"first","15":"instock","16":"sale","17":"featured","18":"taxable","19":"shipping-taxable","20":"purchasable","21":"product-type-simple"},"acf":[],"_links":{"self":[{"href":"https:\/\/secureus.se\/pl\/wp-json\/wp\/v2\/product\/56873","targetHints":{"allow":["GET"]}}],"collection":[{"href":"https:\/\/secureus.se\/pl\/wp-json\/wp\/v2\/product"}],"about":[{"href":"https:\/\/secureus.se\/pl\/wp-json\/wp\/v2\/types\/product"}],"wp:featuredmedia":[{"embeddable":true,"href":"https:\/\/secureus.se\/pl\/wp-json\/wp\/v2\/media\/145098"}],"wp:attachment":[{"href":"https:\/\/secureus.se\/pl\/wp-json\/wp\/v2\/media?parent=56873"}],"wp:term":[{"taxonomy":"product_brand","embeddable":true,"href":"https:\/\/secureus.se\/pl\/wp-json\/wp\/v2\/product_brand?post=56873"},{"taxonomy":"product_cat","embeddable":true,"href":"https:\/\/secureus.se\/pl\/wp-json\/wp\/v2\/product_cat?post=56873"},{"taxonomy":"product_tag","embeddable":true,"href":"https:\/\/secureus.se\/pl\/wp-json\/wp\/v2\/product_tag?post=56873"}],"curies":[{"name":"wp","href":"https:\/\/api.w.org\/{rel}","templated":true}]}}