{"id":56874,"date":"2022-03-10T16:23:00","date_gmt":"2022-03-10T15:23:00","guid":{"rendered":"https:\/\/secureus.se\/produkt\/t-4-fjarrkontroll\/"},"modified":"2026-04-17T14:44:40","modified_gmt":"2026-04-17T12:44:40","slug":"t-4-fjarrkontroll","status":"publish","type":"product","link":"https:\/\/secureus.se\/pl\/t-4-fjarrkontroll\/","title":{"rendered":"Pilot T-4 Radio przystosowane do odbiornik\u00f3w radiowych RK-4, RK-2K, RK-1k"},"content":{"rendered":"<h1>Pilot T-4 \u2013 Czterokana\u0142owa i bezpieczna komunikacja z odbiornikiem radiowym SATEL<\/h1>\n<p>T-4 to zaawansowany czterokana\u0142owy pilot przeznaczony do wsp\u00f3\u0142pracy z odbiornikami radiowymi firmy SATEL RK-4, RK-2K i RK-1K. Wykorzystuj\u0105c technologi\u0119 szyfrowania KEELOQ\u00ae i rezonator SAW, T-4 zapewnia niezawodn\u0105 i bezpieczn\u0105 transmisj\u0119 danych, kt\u00f3ra chroni przed nieuprawnionym dost\u0119pem i zak\u0142\u00f3ceniami.<\/p>\n<p><strong>G\u0142\u00f3wne cechy:<\/strong><\/p>\n<ul>\n<li><strong>Szyfrowanie:<\/strong> Dynamiczne przeskakiwanie kodu KEELOQ\u00ae zapewniaj\u0105ce wysoki poziom bezpiecze\u0144stwa.<\/li>\n<li><strong>Zakres:<\/strong> Do 350 metr\u00f3w na otwartej przestrzeni i 500 metr\u00f3w z zewn\u0119trzn\u0105 anten\u0105 SMA.<\/li>\n<li><strong>Sterowanie czterokana\u0142owe:<\/strong> Cztery oddzielne kana\u0142y z przyciskami oznaczonymi kolorami dla \u0142atwo\u015bci u\u017cytkowania.<\/li>\n<li><strong>Solidna konstrukcja:<\/strong> Chroni przed wp\u0142ywem warunk\u00f3w \u015brodowiskowych.<\/li>\n<li><strong>Energooszcz\u0119dny:<\/strong> Zasilany bateri\u0105 12 V.<\/li>\n<\/ul>\n<p>Dzi\u0119ki ergonomicznej konstrukcji i zaawansowanej technologicznie funkcjonalno\u015bci T-4 jest idealnym wyborem do zastosowa\u0144 wymagaj\u0105cych bezpiecze\u0144stwa, takich jak automatyczne bramy, systemy bezpiecze\u0144stwa i urz\u0105dzenia zdalnie sterowane.<\/p>","protected":false},"excerpt":{"rendered":"<p>T-4 to czterokana\u0142owy pilot do odbiornika radiowego firmy SATEL.<\/p>\n<p>Dzi\u0119ki szyfrowaniu KEELOQ\u00ae i solidnej konstrukcji zapewnia niezawodn\u0105 i bezpieczn\u0105 prac\u0119 w zasi\u0119gu do 500 metr\u00f3w.<\/p>\n<p>&nbsp;<\/p>","protected":false},"featured_media":145425,"template":"","meta":{"_acf_changed":false},"product_brand":[],"product_cat":[1616],"product_tag":[2275,2424],"class_list":{"0":"post-56874","1":"product","2":"type-product","3":"status-publish","4":"has-post-thumbnail","6":"product_cat-radiosandare-mottagare","7":"product_tag-radio-mottagare-satel","8":"product_tag-rel-pulsarradio","9":"product_shipping_class-postnord-varubrev","10":"pa_brands-satel","11":"pa_sakerhetssystem-smart-home","12":"tm-has-options","14":"first","15":"instock","16":"sale","17":"featured","18":"taxable","19":"shipping-taxable","20":"purchasable","21":"product-type-simple"},"acf":[],"_links":{"self":[{"href":"https:\/\/secureus.se\/pl\/wp-json\/wp\/v2\/product\/56874","targetHints":{"allow":["GET"]}}],"collection":[{"href":"https:\/\/secureus.se\/pl\/wp-json\/wp\/v2\/product"}],"about":[{"href":"https:\/\/secureus.se\/pl\/wp-json\/wp\/v2\/types\/product"}],"wp:featuredmedia":[{"embeddable":true,"href":"https:\/\/secureus.se\/pl\/wp-json\/wp\/v2\/media\/145425"}],"wp:attachment":[{"href":"https:\/\/secureus.se\/pl\/wp-json\/wp\/v2\/media?parent=56874"}],"wp:term":[{"taxonomy":"product_brand","embeddable":true,"href":"https:\/\/secureus.se\/pl\/wp-json\/wp\/v2\/product_brand?post=56874"},{"taxonomy":"product_cat","embeddable":true,"href":"https:\/\/secureus.se\/pl\/wp-json\/wp\/v2\/product_cat?post=56874"},{"taxonomy":"product_tag","embeddable":true,"href":"https:\/\/secureus.se\/pl\/wp-json\/wp\/v2\/product_tag?post=56874"}],"curies":[{"name":"wp","href":"https:\/\/api.w.org\/{rel}","templated":true}]}}