{"id":56878,"date":"2022-03-10T16:23:00","date_gmt":"2022-03-10T15:23:00","guid":{"rendered":"https:\/\/secureus.se\/produkt\/a4-skap-for-or-ritningar-rod-farg\/"},"modified":"2026-04-22T15:42:11","modified_gmt":"2026-04-22T13:42:11","slug":"a4-skap-for-or-ritningar-rod-farg","status":"publish","type":"product","link":"https:\/\/secureus.se\/pl\/a4-skap-for-or-ritningar-rod-farg\/","title":{"rendered":"Szafka A4 z alarmem przeciwpo\u017carowym na rysunki OR. Kolor czerwony"},"content":{"rendered":"<h1>Szafka A4 z alarmem przeciwpo\u017carowym na rysunki OR. Kolor czerwony<\/h1>\n<h1>LUB SZAFY Alarm przeciwpo\u017carowy<\/h1>\n<p>Szafka na dokumenty zawieraj\u0105ca rysunki orientacyjne i serwisowe system\u00f3w sygnalizacji po\u017caru.<br \/>\nW\u0142az otwiera si\u0119 kluczem stra\u017cackim.<\/p>\n<p>OR-3-BLACK posiada wzmocnion\u0105 pokryw\u0119, dzi\u0119ki czemu mo\u017ce s\u0142u\u017cy\u0107 jako stolik na laptopa lub rysunki.<br \/>\nOR-3 \u2013 ASSA ma otwarty ty\u0142, kt\u00f3ry mo\u017cna zamontowa\u0107 nad przyciskami alarmowymi itp.<\/p>\n<p>Szafy wykonane s\u0105 z blachy stalowej w kolorystyce zgodnej z poni\u017csz\u0105 tabel\u0105.<\/p>\n<p><img decoding=\"async\" class=\"alignnone size-full wp-image-123513183\" title=\"LUB SZAFA Alarm przeciwpo\u017carowy A3 BIA\u0141Y DO ZAMKA ASSA 6308235\" src=\"https:\/\/securityonline.se\/wp-content\/uploads\/2023\/09\/Swanson-Or-skap.jpg\" alt=\"LUB SZAFA Alarm przeciwpo\u017carowy A3 BIA\u0141Y DO ZAMKA ASSA 6308235\" width=\"618\" height=\"292\" \/><\/p>\n<p>Kluczowe funkcje<\/p>\n<p>Wysoko\u015b\u0107 gatunku (mm): 350<\/p>\n<p>Szeroko\u015b\u0107 gatunku (mm): 360<\/p>\n<p>G\u0142\u0119boko\u015b\u0107 gatunku (mm): 90<\/p>\n<div class=\"row\">\n<div class=\"header-icon\"><\/div>\n<\/div>\n<div class=\"col-md-6\">\n<div id=\"collapsePIM\" class=\"d-md-block collapse show\"><\/div>\n<\/div>","protected":false},"excerpt":{"rendered":"<p>Przechowywanie dokument\u00f3w LUB plan\u00f3w\/rysunk\u00f3w lub dokument\u00f3w dotycz\u0105cych alarm\u00f3w i alarm\u00f3w przeciwpo\u017carowych<\/p>\n<p><span data-teams=\"true\">Szafki te dostarczane s\u0105 bez klucza. Je\u015bli jest potrzebny, nale\u017cy go dokupi\u0107 osobno.<\/span><\/p>","protected":false},"featured_media":145439,"template":"","meta":{"_acf_changed":false},"product_brand":[],"product_cat":[1837,3977,2950],"product_tag":[],"class_list":{"0":"post-56878","1":"product","2":"type-product","3":"status-publish","4":"has-post-thumbnail","6":"product_cat-dokumentskap","7":"product_cat-or-skap-brand-brandskydd","8":"product_cat-or-skap-sakerhet","9":"product_shipping_class-tunga-paket","10":"pa_brands-swansons","11":"pa_farg-rod","12":"pa_sakerhetssystem-larmtillbehor-elektronik","13":"tm-no-options","15":"first","16":"instock","17":"sale","18":"featured","19":"taxable","20":"shipping-taxable","21":"purchasable","22":"product-type-simple"},"acf":[],"_links":{"self":[{"href":"https:\/\/secureus.se\/pl\/wp-json\/wp\/v2\/product\/56878","targetHints":{"allow":["GET"]}}],"collection":[{"href":"https:\/\/secureus.se\/pl\/wp-json\/wp\/v2\/product"}],"about":[{"href":"https:\/\/secureus.se\/pl\/wp-json\/wp\/v2\/types\/product"}],"wp:featuredmedia":[{"embeddable":true,"href":"https:\/\/secureus.se\/pl\/wp-json\/wp\/v2\/media\/145439"}],"wp:attachment":[{"href":"https:\/\/secureus.se\/pl\/wp-json\/wp\/v2\/media?parent=56878"}],"wp:term":[{"taxonomy":"product_brand","embeddable":true,"href":"https:\/\/secureus.se\/pl\/wp-json\/wp\/v2\/product_brand?post=56878"},{"taxonomy":"product_cat","embeddable":true,"href":"https:\/\/secureus.se\/pl\/wp-json\/wp\/v2\/product_cat?post=56878"},{"taxonomy":"product_tag","embeddable":true,"href":"https:\/\/secureus.se\/pl\/wp-json\/wp\/v2\/product_tag?post=56878"}],"curies":[{"name":"wp","href":"https:\/\/api.w.org\/{rel}","templated":true}]}}