{"id":56886,"date":"2022-03-10T16:23:00","date_gmt":"2022-03-10T15:23:00","guid":{"rendered":"https:\/\/secureus.se\/produkt\/rk-1k-1-kanal-med-2-stycken-fjarrkontroller-rullande-kod\/"},"modified":"2026-04-17T14:44:08","modified_gmt":"2026-04-17T12:44:08","slug":"radiomottagare-rk-1k-1-kanal","status":"publish","type":"product","link":"https:\/\/secureus.se\/pl\/radiomottagare-rk-1k-1-kanal\/","title":{"rendered":"Odbiornik radiowy RK-1K 1-kana\u0142owy + 2 piloty Zestaw"},"content":{"rendered":"<h1>Odbiornik radiowy RK-1K: proste i bezpieczne rozwi\u0105zania dla Twoich potrzeb<\/h1>\n<p>Odbiornik radiowy RK-1K to \u0142atwe w obs\u0142udze i bezpieczne rozwi\u0105zanie do zdalnego sterowania bramami, alarmami i roletami.<\/p>\n<p>W zestawie znajduj\u0105 si\u0119 dwa piloty, a urz\u0105dzenie wykorzystuje zaawansowan\u0105 technologi\u0119 szyfrowanego kodu, aby zapewni\u0107 maksymalne bezpiecze\u0144stwo przed nieautoryzowanym dost\u0119pem.<\/p>\n<p>Zasi\u0119g do 350 metr\u00f3w w otwartej przestrzeni sprawia, \u017ce RK-1K oferuje zar\u00f3wno wszechstronno\u015b\u0107, jak i niezawodno\u015b\u0107.<\/p>\n<p>Ten odbiornik radiowy idealnie nadaje si\u0119 do zastosowa\u0144 domowych i komercyjnych.<\/p>\n<p>Kompaktowa konstrukcja i \u0142atwa instalacja sprawiaj\u0105, \u017ce urz\u0105dzenie doskonale sprawdzi si\u0119 w ka\u017cdym \u015brodowisku.<\/p>\n<p>Mo\u017cesz \u0142atwo sterowa\u0107 urz\u0105dzeniami za pomoc\u0105 jednego z do\u0142\u0105czonych pilot\u00f3w i korzysta\u0107 z przyjaznych dla u\u017cytkownika funkcji, kt\u00f3re u\u0142atwi\u0105 Ci codzienne \u017cycie.<\/p>\n<p><strong>Funkcje i zalety:<\/strong><\/p>\n<ul>\n<li><strong>Szyfrowane bezpiecze\u0144stwo:<\/strong> Technologia pomijania kod\u00f3w zapobiega nieautoryzowanemu dost\u0119powi.<\/li>\n<li><strong>Daleki zasi\u0119g:<\/strong> Do 350 metr\u00f3w dla maksymalnej elastyczno\u015bci.<\/li>\n<li><strong>\u0141atwa instalacja:<\/strong> Kompaktowa konstrukcja i kompatybilno\u015b\u0107 z wi\u0119kszo\u015bci\u0105 urz\u0105dze\u0144.<\/li>\n<li><strong>Uniwersalne zastosowanie:<\/strong> Idealny do bram, rolet i system\u00f3w bezpiecze\u0144stwa.<\/li>\n<\/ul>\n<p>Zainwestuj w odbiornik radiowy RK-1K, aby uzyska\u0107 bezpieczne i wydajne rozwi\u0105zanie, kt\u00f3re u\u0142atwi sterowanie urz\u0105dzeniami.<\/p>","protected":false},"excerpt":{"rendered":"<p>Odbiornik radiowy RK-1K wyposa\u017cony jest w dwa piloty umo\u017cliwiaj\u0105ce bezpieczne i wygodne sterowanie bramami, alarmami lub roletami.<\/p>\n<p>Dzi\u0119ki technologii szyfrowanego przeskakiwania kod\u00f3w gwarantuje wysoki poziom bezpiecze\u0144stwa i niezawodno\u015bci.<\/p>","protected":false},"featured_media":145421,"template":"","meta":{"_acf_changed":false},"product_brand":[],"product_cat":[1616],"product_tag":[2275,2424],"class_list":{"0":"post-56886","1":"product","2":"type-product","3":"status-publish","4":"has-post-thumbnail","6":"product_cat-radiosandare-mottagare","7":"product_tag-radio-mottagare-satel","8":"product_tag-rel-pulsarradio","9":"product_shipping_class-postnord-varubrev","10":"pa_brands-satel","11":"pa_sakerhetssystem-smart-home","12":"tm-no-options","14":"first","15":"instock","16":"sale","17":"featured","18":"taxable","19":"shipping-taxable","20":"purchasable","21":"product-type-simple"},"acf":[],"_links":{"self":[{"href":"https:\/\/secureus.se\/pl\/wp-json\/wp\/v2\/product\/56886","targetHints":{"allow":["GET"]}}],"collection":[{"href":"https:\/\/secureus.se\/pl\/wp-json\/wp\/v2\/product"}],"about":[{"href":"https:\/\/secureus.se\/pl\/wp-json\/wp\/v2\/types\/product"}],"wp:featuredmedia":[{"embeddable":true,"href":"https:\/\/secureus.se\/pl\/wp-json\/wp\/v2\/media\/145421"}],"wp:attachment":[{"href":"https:\/\/secureus.se\/pl\/wp-json\/wp\/v2\/media?parent=56886"}],"wp:term":[{"taxonomy":"product_brand","embeddable":true,"href":"https:\/\/secureus.se\/pl\/wp-json\/wp\/v2\/product_brand?post=56886"},{"taxonomy":"product_cat","embeddable":true,"href":"https:\/\/secureus.se\/pl\/wp-json\/wp\/v2\/product_cat?post=56886"},{"taxonomy":"product_tag","embeddable":true,"href":"https:\/\/secureus.se\/pl\/wp-json\/wp\/v2\/product_tag?post=56886"}],"curies":[{"name":"wp","href":"https:\/\/api.w.org\/{rel}","templated":true}]}}