{"id":56887,"date":"2022-03-10T16:23:00","date_gmt":"2022-03-10T15:23:00","guid":{"rendered":"https:\/\/secureus.se\/produkt\/rk-2k-2-kanal-med-2-stycken-fjarrkontroller-rullande-kod\/"},"modified":"2026-03-25T19:01:22","modified_gmt":"2026-03-25T18:01:22","slug":"radiomottagare-rk-2k-2-kanal","status":"publish","type":"product","link":"https:\/\/secureus.se\/pl\/radiomottagare-rk-2k-2-kanal\/","title":{"rendered":"Odbiornik radiowy RK-2K 2-kana\u0142owy zestaw z 2-cz\u0119\u015bciowym pilotem"},"content":{"rendered":"<h1><strong>Odbiornik radiowy RK-2K \u2013 bezpieczne i elastyczne zdalne sterowanie<\/strong><\/h1>\n<p>Odbiornik radiowy RK-2K to nowoczesne rozwi\u0105zanie marki SATEL, idealne do zdalnego sterowania bramami, roletami, szlabanami parkingowymi i innymi urz\u0105dzeniami elektrycznymi.<\/p>\n<p>Dzi\u0119ki dw\u00f3m kana\u0142om i do\u0142\u0105czonym pilotom T-2 RK-2K oferuje wysoki poziom bezpiecze\u0144stwa i elastyczno\u015bci w r\u00f3\u017cnych zastosowaniach.<\/p>\n<ul>\n<li><strong>Podw\u00f3jny kana\u0142<\/strong>:Zarz\u0105dzaj dwoma urz\u0105dzeniami precyzyjnie i niezawodnie.<\/li>\n<li><strong>Bezpieczna komunikacja<\/strong>:Zaszyfrowany kod zmienny, kt\u00f3ry chroni przed kradzie\u017c\u0105 sygna\u0142u.<\/li>\n<li><strong>Wska\u017anik niskiego poziomu na\u0142adowania baterii<\/strong>:Piloty ostrzegaj\u0105, gdy bateria jest bliska roz\u0142adowania.<\/li>\n<li><strong>Elastyczne zasilanie<\/strong>: W zale\u017cno\u015bci od potrzeb instalacji nale\u017cy stosowa\u0107 napi\u0119cie sta\u0142e lub przemienne.<\/li>\n<li><strong>Zabezpieczenie przed manipulacj\u0105<\/strong>:Zabezpiecza przed nieautoryzowanym dost\u0119pem dzi\u0119ki wbudowanej ochronie.<\/li>\n<\/ul>\n<p>Do RK-2K mo\u017cna pod\u0142\u0105czy\u0107 a\u017c 1024 piloty, dzi\u0119ki czemu urz\u0105dzenie doskonale sprawdzi si\u0119 zar\u00f3wno w ma\u0142ych, jak i du\u017cych instalacjach.<\/p>\n<p>Urz\u0105dzenie jest \u0142atwe w instalacji i programowaniu, dzi\u0119ki czemu stanowi doskona\u0142y wyb\u00f3r zar\u00f3wno dla profesjonalnych instalator\u00f3w, jak i u\u017cytkownik\u00f3w ko\u0144cowych.<\/p>","protected":false},"excerpt":{"rendered":"<p>Odbiornik radiowy RK-2K firmy SATEL z dwoma kana\u0142ami i 2 pilotami.<\/p>\n<p>Bezpieczne i niezawodne zdalne sterowanie bramami, roletami i szlabanami.<\/p>","protected":false},"featured_media":145077,"template":"","meta":{"_acf_changed":false},"product_brand":[],"product_cat":[1616],"product_tag":[2275,2424],"class_list":{"0":"post-56887","1":"product","2":"type-product","3":"status-publish","4":"has-post-thumbnail","6":"product_cat-radiosandare-mottagare","7":"product_tag-radio-mottagare-satel","8":"product_tag-rel-pulsarradio","9":"product_shipping_class-postnord-varubrev","10":"pa_brands-satel","11":"pa_sakerhetssystem-smart-home","12":"tm-no-options","14":"first","15":"instock","16":"sale","17":"featured","18":"taxable","19":"shipping-taxable","20":"purchasable","21":"product-type-simple"},"acf":[],"_links":{"self":[{"href":"https:\/\/secureus.se\/pl\/wp-json\/wp\/v2\/product\/56887","targetHints":{"allow":["GET"]}}],"collection":[{"href":"https:\/\/secureus.se\/pl\/wp-json\/wp\/v2\/product"}],"about":[{"href":"https:\/\/secureus.se\/pl\/wp-json\/wp\/v2\/types\/product"}],"wp:featuredmedia":[{"embeddable":true,"href":"https:\/\/secureus.se\/pl\/wp-json\/wp\/v2\/media\/145077"}],"wp:attachment":[{"href":"https:\/\/secureus.se\/pl\/wp-json\/wp\/v2\/media?parent=56887"}],"wp:term":[{"taxonomy":"product_brand","embeddable":true,"href":"https:\/\/secureus.se\/pl\/wp-json\/wp\/v2\/product_brand?post=56887"},{"taxonomy":"product_cat","embeddable":true,"href":"https:\/\/secureus.se\/pl\/wp-json\/wp\/v2\/product_cat?post=56887"},{"taxonomy":"product_tag","embeddable":true,"href":"https:\/\/secureus.se\/pl\/wp-json\/wp\/v2\/product_tag?post=56887"}],"curies":[{"name":"wp","href":"https:\/\/api.w.org\/{rel}","templated":true}]}}