{"id":56888,"date":"2022-03-10T16:23:00","date_gmt":"2022-03-10T15:23:00","guid":{"rendered":"https:\/\/secureus.se\/produkt\/rk-4k-4-kanal-med-2-stycken-fjarrkontroller-rullande-kod\/"},"modified":"2026-04-17T14:44:15","modified_gmt":"2026-04-17T12:44:15","slug":"radiomottagare-rk-4k-4-kanal","status":"publish","type":"product","link":"https:\/\/secureus.se\/pl\/radiomottagare-rk-4k-4-kanal\/","title":{"rendered":"Odbiornik radiowy RK-4K 4-kana\u0142owy 2-cz\u0119\u015bciowy zestaw z pilotem"},"content":{"rendered":"<h1>Odbiornik radiowy RK-4K 4-kana\u0142owy + 2 piloty Zestaw<\/h1>\n<p>RK-4K to doskona\u0142e rozwi\u0105zanie do zdalnego sterowania urz\u0105dzeniami elektrycznymi i systemami bezpiecze\u0144stwa.<\/p>\n<p>Dzi\u0119ki czterem kana\u0142om i dw\u00f3m do\u0142\u0105czonym pilotom T-4 mo\u017cesz \u0142atwo sterowa\u0107 bramami, roletami i innymi urz\u0105dzeniami.<\/p>\n<p>Technologia bezpiecznego kodu zmiennego zapewnia, \u017ce mo\u017cna u\u017cywa\u0107 wy\u0142\u0105cznie autoryzowanych pilot\u00f3w, co zapewnia spok\u00f3j ducha i bezpiecze\u0144stwo.<\/p>\n<p>Funkcje obejmuj\u0105 obs\u0142ug\u0119 do 1024 pilot\u00f3w, zabezpieczenie przed ingerencj\u0105 w przypadku otwarcia obudowy i elastyczne zasilanie (pr\u0105d sta\u0142y lub przemienny).<\/p>\n<p>Imponuj\u0105cy zasi\u0119g do 500 m w linii prostej sprawia, \u017ce urz\u0105dzenie idealnie nadaje si\u0119 do zastosowa\u0144 zar\u00f3wno mieszkaniowych, jak i komercyjnych.<\/p>\n<p>RK-4K jest kompatybilny z programem RK Soft firmy SATEL, kt\u00f3ry u\u0142atwia konfiguracj\u0119 i zarz\u0105dzanie pilotami.<\/p>\n<p>Dzi\u0119ki solidnej konstrukcji i \u0142atwym w obs\u0142udze funkcjom, ten zestaw jest niezb\u0119dny dla ka\u017cdego, kto szuka niezawodnego pilota zdalnego sterowania.<\/p>","protected":false},"excerpt":{"rendered":"<p>Odbiornik radiowy RK-4K umo\u017cliwia bezpieczne zdalne sterowanie bramami, roletami i alarmami.<\/p>\n<p>Dzi\u0119ki czterem kana\u0142om i dw\u00f3m do\u0142\u0105czonym pilotom jest to wszechstronne rozwi\u0105zanie zar\u00f3wno do domu, jak i firmy.<\/p>\n<p>Zaawansowane szyfrowanie gwarantuje bezpiecze\u0144stwo, a zasi\u0119g do 500 m sprawia, \u017ce jest to urz\u0105dzenie bardzo u\u017cyteczne.<\/p>","protected":false},"featured_media":145084,"template":"","meta":{"_acf_changed":false},"product_brand":[],"product_cat":[1616],"product_tag":[2275,2424],"class_list":{"0":"post-56888","1":"product","2":"type-product","3":"status-publish","4":"has-post-thumbnail","6":"product_cat-radiosandare-mottagare","7":"product_tag-radio-mottagare-satel","8":"product_tag-rel-pulsarradio","9":"product_shipping_class-postnord-varubrev","10":"pa_brands-satel","11":"pa_sakerhetssystem-smart-home","12":"tm-no-options","14":"first","15":"onbackorder","16":"sale","17":"featured","18":"taxable","19":"shipping-taxable","20":"purchasable","21":"product-type-simple"},"acf":[],"_links":{"self":[{"href":"https:\/\/secureus.se\/pl\/wp-json\/wp\/v2\/product\/56888","targetHints":{"allow":["GET"]}}],"collection":[{"href":"https:\/\/secureus.se\/pl\/wp-json\/wp\/v2\/product"}],"about":[{"href":"https:\/\/secureus.se\/pl\/wp-json\/wp\/v2\/types\/product"}],"wp:featuredmedia":[{"embeddable":true,"href":"https:\/\/secureus.se\/pl\/wp-json\/wp\/v2\/media\/145084"}],"wp:attachment":[{"href":"https:\/\/secureus.se\/pl\/wp-json\/wp\/v2\/media?parent=56888"}],"wp:term":[{"taxonomy":"product_brand","embeddable":true,"href":"https:\/\/secureus.se\/pl\/wp-json\/wp\/v2\/product_brand?post=56888"},{"taxonomy":"product_cat","embeddable":true,"href":"https:\/\/secureus.se\/pl\/wp-json\/wp\/v2\/product_cat?post=56888"},{"taxonomy":"product_tag","embeddable":true,"href":"https:\/\/secureus.se\/pl\/wp-json\/wp\/v2\/product_tag?post=56888"}],"curies":[{"name":"wp","href":"https:\/\/api.w.org\/{rel}","templated":true}]}}