{"id":56890,"date":"2022-03-10T16:23:00","date_gmt":"2022-03-10T15:23:00","guid":{"rendered":"https:\/\/secureus.se\/produkt\/t-1-fjarrkontroll\/"},"modified":"2026-03-20T11:25:33","modified_gmt":"2026-03-20T10:25:33","slug":"t-1-fjarrkontroll","status":"publish","type":"product","link":"https:\/\/secureus.se\/pl\/t-1-fjarrkontroll\/","title":{"rendered":"Pilot T-1 Radio przystosowane do odbiornik\u00f3w radiowych RK-4, RK-2K, RK-1k"},"content":{"rendered":"<h1>Pilot T-1 \u2013 bezpieczna i niezawodna komunikacja z odbiornikiem radiowym SATEL<\/h1>\n<p>T-1 to zaawansowany technologicznie pilot 1-kana\u0142owy przeznaczony do wsp\u00f3\u0142pracy z odbiornikami radiowymi firmy SATEL RK-4, RK-2K i RK-1K. Dzi\u0119ki technologii dynamicznego przeskoku kodu KEELOQ\u00ae gwarantuje bezpieczn\u0105 komunikacj\u0119, uniemo\u017cliwiaj\u0105c skopiowanie sygna\u0142u przez osoby nieupowa\u017cnione.<\/p>\n<p><strong>G\u0142\u00f3wne cechy:<\/strong><\/p>\n<ul>\n<li><strong>Szyfrowanie:<\/strong> Dynamiczne przeskakiwanie kodu KEELOQ\u00ae dla maksymalnego bezpiecze\u0144stwa.<\/li>\n<li><strong>Zakres:<\/strong> Do 350 metr\u00f3w na otwartej przestrzeni i 500 metr\u00f3w z anten\u0105 zewn\u0119trzn\u0105.<\/li>\n<li><strong>Wysoka odporno\u015b\u0107:<\/strong> Wytrzymuje sygna\u0142y zak\u0142\u00f3caj\u0105ce i zmiany otoczenia dzi\u0119ki rezonatorowi SAW.<\/li>\n<li><strong>Zasilanie bateryjne:<\/strong> Prosta obs\u0142uga za pomoc\u0105 akumulatora 12 V.<\/li>\n<li><strong>Uniwersalne zastosowanie:<\/strong> Nadaje si\u0119 do zastosowa\u0144 wymagaj\u0105cych bezpiecze\u0144stwa, takich jak bramy, systemy alarmowe i urz\u0105dzenia zautomatyzowane.<\/li>\n<\/ul>\n<p>Dzi\u0119ki kompaktowej konstrukcji i solidnej funkcjonalno\u015bci T-1 jest niezawodnym rozwi\u0105zaniem zar\u00f3wno dla instalacji komercyjnych, jak i prywatnych, gdzie bezpiecze\u0144stwo i wygoda s\u0105 priorytetem.<\/p>","protected":false},"excerpt":{"rendered":"<h4><span style=\"text-decoration: underline;\"><strong>Mo\u017cesz kupi\u0107 ten pilot z dowolnym grawerunkiem \u2013 naci\u015bnij przycisk \u201cPersonalizuj produkt\u201d.\u201d<\/strong><\/span><\/h4>\n<p>T-1 to bezpieczny pilot do odbiornika radiowego firmy SATEL.<\/p>\n<p>Dzi\u0119ki dynamicznemu pomijaniu kodu KEELOQ\u00ae chroni przed nieuprawnionym kopiowaniem.<\/p>\n<p>Zasi\u0119g do 500 metr\u00f3w z anten\u0105.<\/p>","protected":false},"featured_media":144709,"template":"","meta":{"_acf_changed":false},"product_brand":[],"product_cat":[1616],"product_tag":[2275,2424],"class_list":{"0":"post-56890","1":"product","2":"type-product","3":"status-publish","4":"has-post-thumbnail","6":"product_cat-radiosandare-mottagare","7":"product_tag-radio-mottagare-satel","8":"product_tag-rel-pulsarradio","9":"product_shipping_class-postnord-varubrev","10":"pa_brands-satel","11":"pa_sakerhetssystem-smart-home","12":"tm-has-options","14":"first","15":"instock","16":"sale","17":"featured","18":"taxable","19":"shipping-taxable","20":"purchasable","21":"product-type-simple"},"acf":[],"_links":{"self":[{"href":"https:\/\/secureus.se\/pl\/wp-json\/wp\/v2\/product\/56890","targetHints":{"allow":["GET"]}}],"collection":[{"href":"https:\/\/secureus.se\/pl\/wp-json\/wp\/v2\/product"}],"about":[{"href":"https:\/\/secureus.se\/pl\/wp-json\/wp\/v2\/types\/product"}],"wp:featuredmedia":[{"embeddable":true,"href":"https:\/\/secureus.se\/pl\/wp-json\/wp\/v2\/media\/144709"}],"wp:attachment":[{"href":"https:\/\/secureus.se\/pl\/wp-json\/wp\/v2\/media?parent=56890"}],"wp:term":[{"taxonomy":"product_brand","embeddable":true,"href":"https:\/\/secureus.se\/pl\/wp-json\/wp\/v2\/product_brand?post=56890"},{"taxonomy":"product_cat","embeddable":true,"href":"https:\/\/secureus.se\/pl\/wp-json\/wp\/v2\/product_cat?post=56890"},{"taxonomy":"product_tag","embeddable":true,"href":"https:\/\/secureus.se\/pl\/wp-json\/wp\/v2\/product_tag?post=56890"}],"curies":[{"name":"wp","href":"https:\/\/api.w.org\/{rel}","templated":true}]}}