{"id":56891,"date":"2022-03-10T16:21:00","date_gmt":"2022-03-10T15:21:00","guid":{"rendered":"https:\/\/secureus.se\/produkt\/sakringsmodul-4-sakringar-till-en54-serien-brand\/"},"modified":"2025-12-31T19:58:32","modified_gmt":"2025-12-31T18:58:32","slug":"sakringsmodul-4-sakringar-till-en54-serien-brand","status":"publish","type":"product","link":"https:\/\/secureus.se\/pl\/sakringsmodul-4-sakringar-till-en54-serien-brand\/","title":{"rendered":"Modu\u0142 bezpiecznikowy 4 oddzielne bezpieczniki 0,5Ah z przeka\u017anikiem awarii"},"content":{"rendered":"<h1>Modu\u0142 bezpiecznikowy z 4 oddzielnymi bezpiecznikami i przeka\u017anikiem awarii<\/h1>\n<p>Uaktualnij sw\u00f3j system bezpiecze\u0144stwa za pomoc\u0105 <strong>modu\u0142 bezpiecznikowy<\/strong> co zapewnia niezawodno\u015b\u0107 i prostot\u0119.<\/p>\n<p>Modu\u0142 ten, wyposa\u017cony w cztery niezale\u017cne bezpieczniki 0,5Ah oraz wyj\u015bcie przeka\u017anika technicznego, stanowi doskona\u0142e uzupe\u0142nienie system\u00f3w alarmowych i przeciwpo\u017carowych.<\/p>\n<p>Dzi\u0119ki optycznej sygnalizacji usterek i kompatybilno\u015bci z seri\u0105 EN54-4 RED POWER zapewnia wysok\u0105 precyzj\u0119 i \u0142atwe monitorowanie systemu bezpiecze\u0144stwa.<\/p>\n<h5>G\u0142\u00f3wne cechy<\/h5>\n<ul>\n<li><strong>Cztery zabezpieczone wyj\u015bcia<\/strong>: Ka\u017cde wyj\u015bcie jest indywidualnie zabezpieczone, aby zapobiec przeci\u0105\u017ceniu.<\/li>\n<li><strong>Sygnalizacja b\u0142\u0119du<\/strong>: Diody LED zapewniaj\u0105 szybk\u0105 informacj\u0119 zwrotn\u0105 w przypadku zadzia\u0142ania bezpiecznika.<\/li>\n<li><strong>Wyj\u015bcie przeka\u017anika technicznego<\/strong>: Do \u0142atwego monitorowania stanu systemu i zdalnego sterowania.<\/li>\n<li><strong>Zgodno\u015b\u0107<\/strong>: Idealny do system\u00f3w alarmowych i przeciwpo\u017carowych 24 V.<\/li>\n<li><strong>Zr\u00f3wnowa\u017cony projekt<\/strong>: Wykonane tak, aby wytrzyma\u0107 r\u00f3\u017cne warunki \u015brodowiskowe.<\/li>\n<\/ul>\n<h5>Obszary zastosowa\u0144<\/h5>\n<p>Modu\u0142 nadaje si\u0119 do:<\/p>\n<ul>\n<li><strong>System bezpiecze\u0144stwa po\u017carowego<\/strong>: Zwi\u0119ksza niezawodno\u015b\u0107 dzia\u0142ania poprzez niezawodn\u0105 dystrybucj\u0119 mocy.<\/li>\n<li><strong>Centra alarmowe<\/strong>: Dla system\u00f3w wymagaj\u0105cych szybkiej i dok\u0142adnej obs\u0142ugi b\u0142\u0119d\u00f3w.<\/li>\n<li><strong>System telekomunikacyjny<\/strong>: Zapewnia stabilne i niezawodne zasilanie.<\/li>\n<\/ul>\n<h5>Dane techniczne<\/h5>\n<ul>\n<li>Napi\u0119cie zasilania: 20-30V DC<\/li>\n<li>Wyj\u015bcia: 4 x AUX z bezpiecznikami 0,5Ah<\/li>\n<li>Sygnalizacja b\u0142\u0119d\u00f3w: Optyczne (LED) i wyj\u015bcie przeka\u017anika technicznego<\/li>\n<li>Temperatura pracy: -10\u00b0C do +50\u00b0C<\/li>\n<li>Wymiary: 110,5 x 45 x 32 mm<\/li>\n<\/ul>\n<p>Ten modu\u0142 bezpiecznikowy jest d\u0142ugoterminowym rozwi\u0105zaniem dla instalacji bezpiecze\u0144stwa i gwarantuje \u0142atw\u0105 instalacj\u0119, minimalne wymagania konserwacyjne i wysok\u0105 niezawodno\u015b\u0107 dzia\u0142ania.<\/p>","protected":false},"excerpt":{"rendered":"<p>Modu\u0142 bezpiecznikowy z czterema bezpiecznikami 0,5Ah i przeka\u017anikiem awarii.<\/p>\n<p>Zwi\u0119ksz niezawodno\u015b\u0107 dzia\u0142ania swojego systemu alarmowego lub przeciwpo\u017carowego dzi\u0119ki temu kompaktowemu i niezawodnemu modu\u0142owi.<\/p>","protected":false},"featured_media":145121,"template":"","meta":{"_acf_changed":false},"product_brand":[],"product_cat":[4152,1548,4153],"product_tag":[2959,2427,2230,2232],"class_list":{"0":"post-56891","1":"product","2":"type-product","3":"status-publish","4":"has-post-thumbnail","6":"product_cat-rela-24-volt","7":"product_cat-relaer-elektronik","8":"product_cat-sakringsmodul","9":"product_tag-certifierad-en54","10":"product_tag-rel-relaelektonik","11":"product_tag-rela-24v","12":"product_tag-rela-sakringsmodul","13":"product_shipping_class-postnord-varubrev","14":"pa_brands-pulsar","15":"pa_sakerhetssystem-larmtillbehor-elektronik","16":"tm-no-options","18":"first","19":"instock","20":"sale","21":"featured","22":"taxable","23":"shipping-taxable","24":"purchasable","25":"product-type-simple"},"acf":[],"_links":{"self":[{"href":"https:\/\/secureus.se\/pl\/wp-json\/wp\/v2\/product\/56891","targetHints":{"allow":["GET"]}}],"collection":[{"href":"https:\/\/secureus.se\/pl\/wp-json\/wp\/v2\/product"}],"about":[{"href":"https:\/\/secureus.se\/pl\/wp-json\/wp\/v2\/types\/product"}],"wp:featuredmedia":[{"embeddable":true,"href":"https:\/\/secureus.se\/pl\/wp-json\/wp\/v2\/media\/145121"}],"wp:attachment":[{"href":"https:\/\/secureus.se\/pl\/wp-json\/wp\/v2\/media?parent=56891"}],"wp:term":[{"taxonomy":"product_brand","embeddable":true,"href":"https:\/\/secureus.se\/pl\/wp-json\/wp\/v2\/product_brand?post=56891"},{"taxonomy":"product_cat","embeddable":true,"href":"https:\/\/secureus.se\/pl\/wp-json\/wp\/v2\/product_cat?post=56891"},{"taxonomy":"product_tag","embeddable":true,"href":"https:\/\/secureus.se\/pl\/wp-json\/wp\/v2\/product_tag?post=56891"}],"curies":[{"name":"wp","href":"https:\/\/api.w.org\/{rel}","templated":true}]}}