{"id":56893,"date":"2022-03-10T16:21:00","date_gmt":"2022-03-10T15:21:00","guid":{"rendered":"https:\/\/secureus.se\/produkt\/oppnaknapp-exklusive-beroringsfri-12-26-v-ac-dc\/"},"modified":"2025-12-31T19:58:51","modified_gmt":"2025-12-31T18:58:51","slug":"oppnaknapp-exklusive-beroringsfri-12-26-v-ac-dc","status":"publish","type":"product","link":"https:\/\/secureus.se\/pl\/oppnaknapp-exklusive-beroringsfri-12-26-v-ac-dc\/","title":{"rendered":"Otwierany bezdotykowo przycisk szklany \u2013 12\u201336 V, niebieska dioda LED, IP65 (monta\u017c na \u015bcianie)"},"content":{"rendered":"<p data-start=\"691\" data-end=\"923\">Ten <strong data-start=\"697\" data-end=\"725\">przycisk otwierania bezdotykowego<\/strong> \u0142\u0105czy nowoczesny design z wysok\u0105 funkcjonalno\u015bci\u0105.<br data-start=\"774\" data-end=\"777\" \/>Z jego <strong data-start=\"785\" data-end=\"838\">niebieskie o\u015bwietlenie LED i front ze szk\u0142a hartowanego<\/strong> Doskonale sprawdza si\u0119 w miejscach, w kt\u00f3rych higiena, design i niezawodno\u015b\u0107 dzia\u0142ania maj\u0105 du\u017ce znaczenie.<\/p>\n<p data-start=\"925\" data-end=\"1177\">Przycisk reaguje na ruch d\u0142oni bez kontaktu fizycznego \u2014 idealne rozwi\u0105zanie w szpitalach, biurach, sklepach, szko\u0142ach i innych miejscach publicznych.<br data-start=\"1052\" data-end=\"1055\" \/><strong data-start=\"1055\" data-end=\"1094\">\u0141atwa regulacja odleg\u0142o\u015bci czu\u0142o\u015bci<\/strong> (1\u201315 cm) i tryb pracy przeka\u017anika (NO\/NC\/COM) w zale\u017cno\u015bci od potrzeb instalacji.<\/p>\n<p data-start=\"1179\" data-end=\"1318\">Dzi\u0119ki temu <strong data-start=\"1193\" data-end=\"1230\">Stopie\u0144 ochrony IP65 i metalowa obudowa<\/strong> Materia\u0142 jest odporny na wilgo\u0107 i kurz, dzi\u0119ki czemu nadaje si\u0119 do stosowania zar\u00f3wno wewn\u0105trz, jak i na zewn\u0105trz.<\/p>\n<hr data-start=\"1320\" data-end=\"1323\" \/>\n<h3 data-start=\"1325\" data-end=\"1360\"><strong data-start=\"1332\" data-end=\"1360\">Specyfikacje techniczne<\/strong><\/h3>\n<div class=\"_tableContainer_1rjym_1\">\n<div class=\"group _tableWrapper_1rjym_13 flex w-fit flex-col-reverse\">\n<table class=\"w-fit min-w-(--thread-content-width)\" data-start=\"1361\" data-end=\"1891\">\n<thead data-start=\"1361\" data-end=\"1381\">\n<tr data-start=\"1361\" data-end=\"1381\">\n<th data-start=\"1361\" data-end=\"1372\" data-col-size=\"sm\">Nieruchomo\u015b\u0107<\/th>\n<th data-start=\"1372\" data-end=\"1381\" data-col-size=\"sm\">Warto\u015b\u0107<\/th>\n<\/tr>\n<\/thead>\n<tbody data-start=\"1405\" data-end=\"1891\">\n<tr data-start=\"1405\" data-end=\"1438\">\n<td data-start=\"1405\" data-end=\"1411\" data-col-size=\"sm\">Typ<\/td>\n<td data-start=\"1411\" data-end=\"1438\" data-col-size=\"sm\">Bezdotykowy przycisk otwierania<\/td>\n<\/tr>\n<tr data-start=\"1439\" data-end=\"1474\">\n<td data-start=\"1439\" data-end=\"1455\" data-col-size=\"sm\">Materia\u0142 przedni<\/td>\n<td data-col-size=\"sm\" data-start=\"1455\" data-end=\"1474\">Szk\u0142o hartowane<\/td>\n<\/tr>\n<tr data-start=\"1475\" data-end=\"1491\">\n<td data-start=\"1475\" data-end=\"1481\" data-col-size=\"sm\">Rama<\/td>\n<td data-col-size=\"sm\" data-start=\"1481\" data-end=\"1491\">Metal<\/td>\n<\/tr>\n<tr data-start=\"1492\" data-end=\"1542\">\n<td data-start=\"1492\" data-end=\"1503\" data-col-size=\"sm\">Wolta\u017c<\/td>\n<td data-col-size=\"sm\" data-start=\"1503\" data-end=\"1542\">12\u201336 V AC\/DC (niezale\u017cnie od polaryzacji)<\/td>\n<\/tr>\n<tr data-start=\"1543\" data-end=\"1573\">\n<td data-start=\"1543\" data-end=\"1556\" data-col-size=\"sm\">Wyj\u015bcie przeka\u017anikowe<\/td>\n<td data-col-size=\"sm\" data-start=\"1556\" data-end=\"1573\">NO \/ NC \/ COM<\/td>\n<\/tr>\n<tr data-start=\"1574\" data-end=\"1619\">\n<td data-start=\"1574\" data-end=\"1595\" data-col-size=\"sm\">Odleg\u0142o\u015b\u0107 czu\u0142o\u015bci<\/td>\n<td data-col-size=\"sm\" data-start=\"1595\" data-end=\"1619\">1\u201315 cm (regulowane)<\/td>\n<\/tr>\n<tr data-start=\"1620\" data-end=\"1673\">\n<td data-start=\"1620\" data-end=\"1637\" data-col-size=\"sm\">Wska\u017anik LED<\/td>\n<td data-col-size=\"sm\" data-start=\"1637\" data-end=\"1673\">Niebieski (czuwanie) \/ Zielony (aktywowany)<\/td>\n<\/tr>\n<tr data-start=\"1674\" data-end=\"1696\">\n<td data-start=\"1674\" data-end=\"1688\" data-col-size=\"sm\">Klasa ochrony<\/td>\n<td data-col-size=\"sm\" data-start=\"1688\" data-end=\"1696\">IP65<\/td>\n<\/tr>\n<tr data-start=\"1697\" data-end=\"1747\">\n<td data-start=\"1697\" data-end=\"1713\" data-col-size=\"sm\">Otwory monta\u017cowe<\/td>\n<td data-col-size=\"sm\" data-start=\"1713\" data-end=\"1747\">\u00d8 60 mm (standardowa obudowa urz\u0105dzenia)<\/td>\n<\/tr>\n<tr data-start=\"1748\" data-end=\"1773\">\n<td data-start=\"1748\" data-end=\"1755\" data-col-size=\"sm\">Mierzy\u0107<\/td>\n<td data-col-size=\"sm\" data-start=\"1755\" data-end=\"1773\">86 \u00d7 86 \u00d7 7 mm<\/td>\n<\/tr>\n<tr data-start=\"1774\" data-end=\"1815\">\n<td data-start=\"1774\" data-end=\"1793\" data-col-size=\"sm\">Temperatura robocza<\/td>\n<td data-col-size=\"sm\" data-start=\"1793\" data-end=\"1815\">\u201310\u00b0C do +70\u00b0C<\/td>\n<\/tr>\n<tr data-start=\"1816\" data-end=\"1846\">\n<td data-start=\"1816\" data-end=\"1832\" data-col-size=\"sm\">Wilgotno\u015b\u0107<\/td>\n<td data-col-size=\"sm\" data-start=\"1832\" data-end=\"1846\">10\u201390 % RH<\/td>\n<\/tr>\n<tr data-start=\"1847\" data-end=\"1863\">\n<td data-start=\"1847\" data-end=\"1854\" data-col-size=\"sm\">Waga<\/td>\n<td data-start=\"1854\" data-end=\"1863\" data-col-size=\"sm\">125 gr<\/td>\n<\/tr>\n<tr data-start=\"1864\" data-end=\"1891\">\n<td data-start=\"1864\" data-end=\"1879\" data-col-size=\"sm\">Orzecznictwo<\/td>\n<td data-start=\"1879\" data-end=\"1891\" data-col-size=\"sm\">CE, RoHS<\/td>\n<\/tr>\n<\/tbody>\n<\/table>\n<\/div>\n<\/div>\n<hr data-start=\"1893\" data-end=\"1896\" \/>\n<h3 data-start=\"1898\" data-end=\"1917\"><strong data-start=\"1905\" data-end=\"1917\">Korzy\u015bci<\/strong><\/h3>\n<ul data-start=\"1918\" data-end=\"2210\">\n<li data-start=\"1918\" data-end=\"1971\">\n<p data-start=\"1920\" data-end=\"1971\">Aktywacja bezdotykowa \u2013 higieniczna i trwa\u0142a<\/p>\n<\/li>\n<li data-start=\"1972\" data-end=\"2021\">\n<p data-start=\"1974\" data-end=\"2021\">Stopie\u0144 ochrony IP65 \u2013 odporno\u015b\u0107 na kurz, wilgo\u0107 i czyszczenie<\/p>\n<\/li>\n<li data-start=\"2022\" data-end=\"2062\">\n<p data-start=\"2024\" data-end=\"2062\">Regulowana odleg\u0142o\u015b\u0107 dla r\u00f3\u017cnych \u015brodowisk<\/p>\n<\/li>\n<li data-start=\"2063\" data-end=\"2099\">\n<p data-start=\"2065\" data-end=\"2099\">Wska\u017anik LED zapewniaj\u0105cy jasny status<\/p>\n<\/li>\n<li data-start=\"2100\" data-end=\"2154\">\n<p data-start=\"2102\" data-end=\"2154\">Kompatybilny ze wszystkimi systemami wykorzystuj\u0105cymi przeka\u017aniki NO\/NC<\/p>\n<\/li>\n<li data-start=\"2155\" data-end=\"2210\">\n<p data-start=\"2157\" data-end=\"2210\">Stylowa, niebieska szklana powierzchnia \u2013 nowoczesny i profesjonalny design<\/p>\n<\/li>\n<\/ul>","protected":false},"excerpt":{"rendered":"<p>Elegancki, bezdotykowy przycisk otwierania wykonany ze szk\u0142a hartowanego z niebiesko-zielon\u0105 diod\u0105 LED.<br data-start=\"506\" data-end=\"509\" \/>Klasa szczelno\u015bci IP65, regulowana odleg\u0142o\u015b\u0107 (1\u201315 cm) i uniwersalne wyj\u015bcie przeka\u017anikowe (NO\/NC\/COM).<br data-start=\"590\" data-end=\"593\" \/>Nadaje si\u0119 do monta\u017cu w standardowych puszkach elektrycznych, 12\u201336 V AC\/DC.<\/p>","protected":false},"featured_media":159138,"template":"","meta":{"_acf_changed":false},"product_brand":[],"product_cat":[4867],"product_tag":[3068,2937,2958],"class_list":{"0":"post-56893","1":"product","2":"type-product","3":"status-publish","4":"has-post-thumbnail","6":"product_cat-oppnaknappar-kategorier","7":"product_tag-oppnaknapp-beroringsfria","8":"product_tag-oppnaknappar","9":"product_tag-stonehouse-produkt","10":"product_shipping_class-postnord-varubrev","11":"pa_brands-stonehouse-security","12":"pa_sakerhetssystem-larmtillbehor-elektronik","13":"tm-no-options","15":"first","16":"instock","17":"sale","18":"featured","19":"taxable","20":"shipping-taxable","21":"purchasable","22":"product-type-simple"},"acf":[],"_links":{"self":[{"href":"https:\/\/secureus.se\/pl\/wp-json\/wp\/v2\/product\/56893","targetHints":{"allow":["GET"]}}],"collection":[{"href":"https:\/\/secureus.se\/pl\/wp-json\/wp\/v2\/product"}],"about":[{"href":"https:\/\/secureus.se\/pl\/wp-json\/wp\/v2\/types\/product"}],"wp:featuredmedia":[{"embeddable":true,"href":"https:\/\/secureus.se\/pl\/wp-json\/wp\/v2\/media\/159138"}],"wp:attachment":[{"href":"https:\/\/secureus.se\/pl\/wp-json\/wp\/v2\/media?parent=56893"}],"wp:term":[{"taxonomy":"product_brand","embeddable":true,"href":"https:\/\/secureus.se\/pl\/wp-json\/wp\/v2\/product_brand?post=56893"},{"taxonomy":"product_cat","embeddable":true,"href":"https:\/\/secureus.se\/pl\/wp-json\/wp\/v2\/product_cat?post=56893"},{"taxonomy":"product_tag","embeddable":true,"href":"https:\/\/secureus.se\/pl\/wp-json\/wp\/v2\/product_tag?post=56893"}],"curies":[{"name":"wp","href":"https:\/\/api.w.org\/{rel}","templated":true}]}}