{"id":56900,"date":"2022-03-10T16:20:00","date_gmt":"2022-03-10T15:20:00","guid":{"rendered":"https:\/\/secureus.se\/produkt\/indikering-rod-programmerbar-funktion\/"},"modified":"2026-03-10T11:45:47","modified_gmt":"2026-03-10T10:45:47","slug":"indikering-led-lampa-rod","status":"publish","type":"product","link":"https:\/\/secureus.se\/pl\/indikering-led-lampa-rod\/","title":{"rendered":"Lampka sygnalizacyjna LED Czerwona \u2013 Funkcja programowalna"},"content":{"rendered":"<h1>Lampa sygnalizacyjna LED czerwona SOW-300 Czerwona \u2013 lampa LED do zastosowa\u0144 bezpiecze\u0144stwa<\/h1>\n<p>Lampa SOW-300 Red marki SATEL to wysokiej jako\u015bci lampa LED przeznaczona do stosowania wewn\u0105trz pomieszcze\u0144 w systemach bezpiecze\u0144stwa i ostrzegania.<\/p>\n<p>Cztery r\u00f3\u017cne tryby sygnalizacji zapewniaj\u0105 elastyczno\u015b\u0107 i przejrzysto\u015b\u0107 w r\u00f3\u017cnych zastosowaniach.<\/p>\n<p>Solidna i kompaktowa konstrukcja sprawia, \u017ce SOW-300 doskonale nadaje si\u0119 do sygnalizacji alarm\u00f3w, alarm\u00f3w paniki, toalet dla niepe\u0142nosprawnych i innych wymaga\u0144 bezpiecze\u0144stwa.<\/p>\n<p>Dzi\u0119ki wy\u0142\u0105cznikowi antysabota\u017cowemu mo\u017cesz mie\u0107 pewno\u015b\u0107, \u017ce instalacja jest chroniona przed nieautoryzowanym dost\u0119pem.<\/p>\n<p><strong>Funkcje i zalety<\/strong><\/p>\n<ul>\n<li><strong>Sygna\u0142y programowalne:<\/strong> Wybierz pomi\u0119dzy \u015bwiat\u0142em ci\u0105g\u0142ym, szybkim miganiem, wolnym miganiem lub dwoma migni\u0119ciami i przerw\u0105.<\/li>\n<li><strong>Wysoka widoczno\u015b\u0107:<\/strong> Superjasne diody LED zapewniaj\u0105 wyra\u017ane ostrze\u017cenia.<\/li>\n<li><strong>Ochrona przed manipulacj\u0105:<\/strong> Wbudowany wy\u0142\u0105cznik antysabota\u017cowy zapewnia dodatkowe bezpiecze\u0144stwo.<\/li>\n<li><strong>Energooszcz\u0119dny:<\/strong> Niski pob\u00f3r mocy (44 mA).<\/li>\n<li><strong>Przyjazny dla u\u017cytkownika:<\/strong> \u0141atwa instalacja i pod\u0142\u0105czenie do systemu alarmowego.<\/li>\n<\/ul>\n<p><strong>Dane techniczne:<\/strong><\/p>\n<ul>\n<li>Napi\u0119cie: 12V DC \u00b115%<\/li>\n<li>Maksymalny pob\u00f3r pr\u0105du: 44 mA<\/li>\n<li>Temperatura pracy: -10 do +55 \u00b0C<\/li>\n<li>Wymiary: \u00d8 97 x 37 mm<\/li>\n<li>Waga: 50g<\/li>\n<\/ul>\n<p><strong>Obszary zastosowania:<\/strong><br \/>\nUrz\u0105dzenie SOW-300 idealnie nadaje si\u0119 do zastosowa\u0144, w kt\u00f3rych kluczowe znaczenie ma sygnalizacja wizualna, w tym alarmy, sytuacje awaryjne i ostrze\u017cenia dotycz\u0105ce bezpiecze\u0144stwa.<\/p>\n<p>Upewnij si\u0119, \u017ce Twoje instalacje zabezpieczaj\u0105ce s\u0105 niezawodne i skuteczne dzi\u0119ki SOW-300 Red firmy SATEL.<\/p>","protected":false},"excerpt":{"rendered":"<p><strong>SOW-300 Czerwona \u2013 lampa LED z funkcj\u0105 programowaln\u0105<\/strong><br \/>\nUzyskaj przejrzyste i elastyczne wskazania alarmowe dzi\u0119ki SOW-300.<\/p>\n<p>Oferuje cztery tryby sygnalizacji, wy\u0142\u0105cznik antysabota\u017cowy i kompaktow\u0105 konstrukcj\u0119 do u\u017cytku wewn\u0105trz pomieszcze\u0144.<\/p>\n<p>Idealny do zastosowa\u0144 zwi\u0105zanych z bezpiecze\u0144stwem!<\/p>","protected":false},"featured_media":145451,"template":"","meta":{"_acf_changed":false},"product_brand":[],"product_cat":[1562],"product_tag":[2261,2420],"class_list":{"0":"post-56900","1":"product","2":"type-product","3":"status-publish","4":"has-post-thumbnail","6":"product_cat-larmdon-blixtljus","7":"product_tag-larmdon-indikering-summer","8":"product_tag-rel-larmdonblixt","9":"product_shipping_class-postnord-varubrev","10":"pa_brands-satel","11":"pa_farg-gra","12":"pa_sakerhetssystem-larmtillbehor-elektronik","13":"tm-no-options","15":"first","16":"onbackorder","17":"sale","18":"featured","19":"taxable","20":"shipping-taxable","21":"purchasable","22":"product-type-simple"},"acf":[],"_links":{"self":[{"href":"https:\/\/secureus.se\/pl\/wp-json\/wp\/v2\/product\/56900","targetHints":{"allow":["GET"]}}],"collection":[{"href":"https:\/\/secureus.se\/pl\/wp-json\/wp\/v2\/product"}],"about":[{"href":"https:\/\/secureus.se\/pl\/wp-json\/wp\/v2\/types\/product"}],"wp:featuredmedia":[{"embeddable":true,"href":"https:\/\/secureus.se\/pl\/wp-json\/wp\/v2\/media\/145451"}],"wp:attachment":[{"href":"https:\/\/secureus.se\/pl\/wp-json\/wp\/v2\/media?parent=56900"}],"wp:term":[{"taxonomy":"product_brand","embeddable":true,"href":"https:\/\/secureus.se\/pl\/wp-json\/wp\/v2\/product_brand?post=56900"},{"taxonomy":"product_cat","embeddable":true,"href":"https:\/\/secureus.se\/pl\/wp-json\/wp\/v2\/product_cat?post=56900"},{"taxonomy":"product_tag","embeddable":true,"href":"https:\/\/secureus.se\/pl\/wp-json\/wp\/v2\/product_tag?post=56900"}],"curies":[{"name":"wp","href":"https:\/\/api.w.org\/{rel}","templated":true}]}}