{"id":56906,"date":"2022-03-10T16:20:00","date_gmt":"2022-03-10T15:20:00","guid":{"rendered":"https:\/\/secureus.se\/produkt\/oppnaknapp-12-24-v-beroringsfri-std\/"},"modified":"2026-03-29T09:37:13","modified_gmt":"2026-03-29T07:37:13","slug":"oppnaknapp-12-24-v-beroringsfri-std","status":"publish","type":"product","link":"https:\/\/secureus.se\/pl\/oppnaknapp-12-24-v-beroringsfri-std\/","title":{"rendered":"Przycisk otwierania Easy 12\u201324V \u2013 Bezdotykowy K4, IP67, Regulowany czas i odleg\u0142o\u015b\u0107"},"content":{"rendered":"<p data-start=\"915\" data-end=\"1156\"><strong data-start=\"915\" data-end=\"964\">Przycisk otwierania Easy 12\u201324 V Bezdotykowy (standard) K4<\/strong> jest higienicznym i ekologicznym rozwi\u0105zaniem do sterowania drzwiami i kontroli dost\u0119pu.<br data-start=\"1037\" data-end=\"1040\" \/>Przycisk uruchamia si\u0119 ca\u0142kowicie bezdotykowo \u2014 do uruchomienia przeka\u017anika wystarczy ruch r\u0119ki na odleg\u0142o\u015b\u0107 3\u201315 cm przed czujnikiem.<\/p>\n<p data-start=\"1158\" data-end=\"1309\">Zaprojektowane w celu ograniczenia zu\u017cycia i rozprzestrzeniania si\u0119 infekcji, szczeg\u00f3lnie przydatne w miejscach o du\u017cym nat\u0119\u017ceniu ruchu, takich jak szpitale, biura, szko\u0142y i budynki mieszkalne.<\/p>\n<p data-start=\"1311\" data-end=\"1526\">The <strong data-start=\"1315\" data-end=\"1352\">regulowana czu\u0142o\u015b\u0107 (3\u201315 cm)<\/strong> I <strong data-start=\"1357\" data-end=\"1389\">regulowany czas przeka\u017anika (0\u201330 s)<\/strong> co czyni go elastycznym dla r\u00f3\u017cnych instalacji.<br data-start=\"1432\" data-end=\"1435\" \/>Przycisk posiada czyteln\u0105 diod\u0119 LED: <strong data-start=\"1473\" data-end=\"1495\">czerwony w trybie czuwania<\/strong> I <strong data-start=\"1500\" data-end=\"1523\">zielony po aktywacji<\/strong>.<\/p>\n<p data-start=\"1528\" data-end=\"1666\">Obudowa wykonana jest z wytrzyma\u0142ego <strong data-start=\"1562\" data-end=\"1580\">PC + tworzywo sztuczne ABS<\/strong>, z <strong data-start=\"1586\" data-end=\"1609\">formowana elektronika<\/strong> zapewnia d\u0142ug\u0105 \u017cywotno\u015b\u0107 oraz ochron\u0119 przed wilgoci\u0105 i kurzem (IP67).<\/p>\n<h3 data-start=\"1668\" data-end=\"1703\"><strong data-start=\"1675\" data-end=\"1703\">Specyfikacje techniczne<\/strong><\/h3>\n<div class=\"_tableContainer_1rjym_1\">\n<div class=\"group _tableWrapper_1rjym_13 flex w-fit flex-col-reverse\">\n<table class=\"w-fit min-w-(--thread-content-width)\" data-start=\"1704\" data-end=\"2237\">\n<thead data-start=\"1704\" data-end=\"1724\">\n<tr data-start=\"1704\" data-end=\"1724\">\n<th data-start=\"1704\" data-end=\"1715\" data-col-size=\"sm\">Nieruchomo\u015b\u0107<\/th>\n<th data-start=\"1715\" data-end=\"1724\" data-col-size=\"sm\">Warto\u015b\u0107<\/th>\n<\/tr>\n<\/thead>\n<tbody data-start=\"1748\" data-end=\"2237\">\n<tr data-start=\"1748\" data-end=\"1773\">\n<td data-start=\"1748\" data-end=\"1759\" data-col-size=\"sm\">Wolta\u017c<\/td>\n<td data-start=\"1759\" data-end=\"1773\" data-col-size=\"sm\">Pr\u0105d sta\u0142y 12-24 V<\/td>\n<\/tr>\n<tr data-start=\"1774\" data-end=\"1804\">\n<td data-start=\"1774\" data-end=\"1787\" data-col-size=\"sm\">Wyj\u015bcie przeka\u017anikowe<\/td>\n<td data-start=\"1787\" data-end=\"1804\" data-col-size=\"sm\">NO \/ NC \/ COM<\/td>\n<\/tr>\n<tr data-start=\"1805\" data-end=\"1831\">\n<td data-start=\"1805\" data-end=\"1824\" data-col-size=\"sm\">Zu\u017cycie energii<\/td>\n<td data-start=\"1824\" data-end=\"1831\" data-col-size=\"sm\">Niski<\/td>\n<\/tr>\n<tr data-start=\"1832\" data-end=\"1877\">\n<td data-start=\"1832\" data-end=\"1853\" data-col-size=\"sm\">Odleg\u0142o\u015b\u0107 czu\u0142o\u015bci<\/td>\n<td data-start=\"1853\" data-end=\"1877\" data-col-size=\"sm\">3\u201315 cm (regulowane)<\/td>\n<\/tr>\n<tr data-start=\"1878\" data-end=\"1918\">\n<td data-start=\"1878\" data-end=\"1896\" data-col-size=\"sm\">Op\u00f3\u017anienie czasowe<\/td>\n<td data-start=\"1896\" data-end=\"1918\" data-col-size=\"sm\">0\u201330 s (regulowany)<\/td>\n<\/tr>\n<tr data-start=\"1919\" data-end=\"1958\">\n<td data-start=\"1919\" data-end=\"1931\" data-col-size=\"sm\">\u017bycie<\/td>\n<td data-start=\"1931\" data-end=\"1958\" data-col-size=\"sm\">ok. 500 000 aktywacji<\/td>\n<\/tr>\n<tr data-start=\"1959\" data-end=\"2003\">\n<td data-start=\"1959\" data-end=\"1970\" data-col-size=\"sm\">Tworzywo<\/td>\n<td data-start=\"1970\" data-end=\"2003\" data-col-size=\"sm\">PC + ABS, elektronika formowana<\/td>\n<\/tr>\n<tr data-start=\"2004\" data-end=\"2030\">\n<td data-start=\"2004\" data-end=\"2011\" data-col-size=\"sm\">Mierzy\u0107<\/td>\n<td data-start=\"2011\" data-end=\"2030\" data-col-size=\"sm\">86 \u00d7 86 \u00d7 20 mm<\/td>\n<\/tr>\n<tr data-start=\"2031\" data-end=\"2047\">\n<td data-start=\"2031\" data-end=\"2038\" data-col-size=\"sm\">Waga<\/td>\n<td data-start=\"2038\" data-end=\"2047\" data-col-size=\"sm\">122g<\/td>\n<\/tr>\n<tr data-start=\"2048\" data-end=\"2070\">\n<td data-start=\"2048\" data-end=\"2062\" data-col-size=\"sm\">Klasa ochrony<\/td>\n<td data-start=\"2062\" data-end=\"2070\" data-col-size=\"sm\">IP67<\/td>\n<\/tr>\n<tr data-start=\"2071\" data-end=\"2123\">\n<td data-start=\"2071\" data-end=\"2088\" data-col-size=\"sm\">Wska\u017anik LED<\/td>\n<td data-col-size=\"sm\" data-start=\"2088\" data-end=\"2123\">Czerwony = czuwanie, zielony = aktywowany<\/td>\n<\/tr>\n<tr data-start=\"2124\" data-end=\"2165\">\n<td data-start=\"2124\" data-end=\"2143\" data-col-size=\"sm\">Temperatura robocza<\/td>\n<td data-col-size=\"sm\" data-start=\"2143\" data-end=\"2165\">\u221220\u00b0C do +55\u00b0C<\/td>\n<\/tr>\n<tr data-start=\"2166\" data-end=\"2210\">\n<td data-start=\"2166\" data-end=\"2182\" data-col-size=\"sm\">Wilgotno\u015b\u0107<\/td>\n<td data-col-size=\"sm\" data-start=\"2182\" data-end=\"2210\">0\u201395 % RH (bez kondensacji)<\/td>\n<\/tr>\n<tr data-start=\"2211\" data-end=\"2237\">\n<td data-start=\"2211\" data-end=\"2224\" data-col-size=\"sm\">Certyfikat<\/td>\n<td data-col-size=\"sm\" data-start=\"2224\" data-end=\"2237\">CE\/ROHS<\/td>\n<\/tr>\n<\/tbody>\n<\/table>\n<\/div>\n<\/div>\n<h3 data-start=\"2239\" data-end=\"2258\"><strong data-start=\"2246\" data-end=\"2258\">Korzy\u015bci<\/strong><\/h3>\n<ul data-start=\"2259\" data-end=\"2603\">\n<li data-start=\"2259\" data-end=\"2318\">\n<p data-start=\"2261\" data-end=\"2318\">Ca\u0142kowicie <strong data-start=\"2266\" data-end=\"2293\">aktywacja bezdotykowa<\/strong> \u2013 minimalizuje ryzyko infekcji<\/p>\n<\/li>\n<li data-start=\"2319\" data-end=\"2381\">\n<p data-start=\"2321\" data-end=\"2381\"><strong data-start=\"2321\" data-end=\"2353\">Regulowana czu\u0142o\u015b\u0107 i czas<\/strong> do elastycznej instalacji<\/p>\n<\/li>\n<li data-start=\"2382\" data-end=\"2414\">\n<p data-start=\"2384\" data-end=\"2414\"><strong data-start=\"2384\" data-end=\"2392\">IP67<\/strong> \u2013 odporne na kurz i wilgo\u0107<\/p>\n<\/li>\n<li data-start=\"2415\" data-end=\"2465\">\n<p data-start=\"2417\" data-end=\"2465\">D\u0142uga \u017cywotno\u015b\u0107 (do 500 000 aktywacji)<\/p>\n<\/li>\n<li data-start=\"2466\" data-end=\"2503\">\n<p data-start=\"2468\" data-end=\"2503\">\u0141atwa instalacja przy napi\u0119ciu 12\u201324 V DC<\/p>\n<\/li>\n<li data-start=\"2504\" data-end=\"2543\">\n<p data-start=\"2506\" data-end=\"2543\">Informacja wizualna za pomoc\u0105 diody LED (czerwona\/zielona)<\/p>\n<\/li>\n<li data-start=\"2544\" data-end=\"2603\">\n<p data-start=\"2546\" data-end=\"2603\">Pasuje do wi\u0119kszo\u015bci system\u00f3w kontroli dost\u0119pu i kontroli zamk\u00f3w<\/p>\n<\/li>\n<\/ul>\n<h3 data-start=\"2605\" data-end=\"2634\"><strong data-start=\"2612\" data-end=\"2634\">Obszary zastosowa\u0144<\/strong><\/h3>\n<ul data-start=\"2635\" data-end=\"2776\">\n<li data-start=\"2635\" data-end=\"2669\">\n<p data-start=\"2637\" data-end=\"2669\">Kontrola dost\u0119pu i otwieranie drzwi<\/p>\n<\/li>\n<li data-start=\"2670\" data-end=\"2705\">\n<p data-start=\"2672\" data-end=\"2705\">Budynki publiczne i biura<\/p>\n<\/li>\n<li data-start=\"2706\" data-end=\"2737\">\n<p data-start=\"2708\" data-end=\"2737\">Windy, wej\u015bcia, korytarze<\/p>\n<\/li>\n<li data-start=\"2738\" data-end=\"2776\">\n<p data-start=\"2740\" data-end=\"2776\">\u015arodowiska, w kt\u00f3rych higiena ma szczeg\u00f3lne znaczenie<\/p>\n<\/li>\n<\/ul>","protected":false},"excerpt":{"rendered":"<p>Bezdotykowy przycisk otwierania w kompaktowym formacie (86\u00d786\u00d720 mm) z regulowan\u0105 odleg\u0142o\u015bci\u0105 3\u201315 cm i op\u00f3\u017anieniem czasowym 0\u201330 s.<br data-start=\"704\" data-end=\"707\" \/>Klasa szczelno\u015bci IP67, przeznaczony do profesjonalnych system\u00f3w kontroli dost\u0119pu i drzwi.<br data-start=\"780\" data-end=\"783\" \/>Dzia\u0142a na pr\u0105d sta\u0142y 12-24 V i posiada przeka\u017anik NO\/NC\/COM. Dioda LED \u015bwieci naprzemiennie na czerwono i zielono.<\/p>","protected":false},"featured_media":159132,"template":"","meta":{"_acf_changed":false},"product_brand":[],"product_cat":[4867],"product_tag":[3068,2937,2958],"class_list":{"0":"post-56906","1":"product","2":"type-product","3":"status-publish","4":"has-post-thumbnail","6":"product_cat-oppnaknappar-kategorier","7":"product_tag-oppnaknapp-beroringsfria","8":"product_tag-oppnaknappar","9":"product_tag-stonehouse-produkt","10":"product_shipping_class-postnord-varubrev","11":"pa_brands-stonehouse-security","12":"pa_sakerhetssystem-larmtillbehor-elektronik","13":"tm-no-options","15":"first","16":"instock","17":"sale","18":"featured","19":"taxable","20":"shipping-taxable","21":"purchasable","22":"product-type-simple"},"acf":[],"_links":{"self":[{"href":"https:\/\/secureus.se\/pl\/wp-json\/wp\/v2\/product\/56906","targetHints":{"allow":["GET"]}}],"collection":[{"href":"https:\/\/secureus.se\/pl\/wp-json\/wp\/v2\/product"}],"about":[{"href":"https:\/\/secureus.se\/pl\/wp-json\/wp\/v2\/types\/product"}],"wp:featuredmedia":[{"embeddable":true,"href":"https:\/\/secureus.se\/pl\/wp-json\/wp\/v2\/media\/159132"}],"wp:attachment":[{"href":"https:\/\/secureus.se\/pl\/wp-json\/wp\/v2\/media?parent=56906"}],"wp:term":[{"taxonomy":"product_brand","embeddable":true,"href":"https:\/\/secureus.se\/pl\/wp-json\/wp\/v2\/product_brand?post=56906"},{"taxonomy":"product_cat","embeddable":true,"href":"https:\/\/secureus.se\/pl\/wp-json\/wp\/v2\/product_cat?post=56906"},{"taxonomy":"product_tag","embeddable":true,"href":"https:\/\/secureus.se\/pl\/wp-json\/wp\/v2\/product_tag?post=56906"}],"curies":[{"name":"wp","href":"https:\/\/api.w.org\/{rel}","templated":true}]}}