{"id":56930,"date":"2022-03-10T16:16:00","date_gmt":"2022-03-10T15:16:00","guid":{"rendered":"https:\/\/secureus.se\/produkt\/tagg-abs-pro-mifare-desfire-ev2-farg-svart-minnestorlek-8k\/"},"modified":"2026-03-30T21:25:38","modified_gmt":"2026-03-30T19:25:38","slug":"tagg-mifare-desfire-ev2-svart-8k-pro","status":"publish","type":"product","link":"https:\/\/secureus.se\/pl\/tagg-mifare-desfire-ev2-svart-8k-pro\/","title":{"rendered":"Tag Mifare DESFire\u00ae EV2 8K Czarny \u2013 Pro"},"content":{"rendered":"<h1><strong>Tag Mifare DESFire \u2013 Wi\u0119ksze bezpiecze\u0144stwo\u00a0<\/strong><\/h1>\n<h3>Tag ten dzia\u0142a w systemach korzystaj\u0105cych z technologii DESFire.<\/h3>\n<p><span style=\"text-decoration: underline\"><strong>RCO, Bewator\/Vanderbilt, Aptus, ASSA ARX, system dla go\u015bci i logowanie.<\/strong><\/span><\/p>\n<p>Nale\u017cy pami\u0119ta\u0107, \u017ce znacznik nie jest zaprogramowany w trybie RAID dla RCO, ale jest dostarczany ze standardowym chipem.<\/p>\n<p>Nasz znacznik \u201eABS Pro\u201d Mifare DESFire zosta\u0142 stworzony, aby sprosta\u0107 najbardziej wymagaj\u0105cym potrzebom w zakresie bezpiecze\u0144stwa i identyfikacji.<\/p>\n<p>Dzi\u0119ki solidnej konstrukcji z materia\u0142u ABS i cienkiemu profilowi wynosz\u0105cemu zaledwie 2,9 mm zapewnia idealn\u0105 r\u00f3wnowag\u0119 pomi\u0119dzy trwa\u0142o\u015bci\u0105 i elegancj\u0105.<\/p>\n<p>Eleganckie wyko\u0144czenie sprawia, \u017ce idealnie nadaje si\u0119 do grawerowania standardowych numer\u00f3w lub umieszczania logo za pomoc\u0105 grawerowanego lub kolorowego wyko\u0144czenia.<\/p>\n<p>Nasze tagi nadaj\u0105 si\u0119 do system\u00f3w dost\u0119pu, system\u00f3w dla go\u015bci, rezerwacji, alarm\u00f3w, \u0142adowarek samochodowych, zarz\u0105dzania magazynem i innych zastosowa\u0144<\/p>\n<p>Tagg \u201eABS Pro\u201d z chipem Tagg Mifare DESFire zapewnia wi\u0119ksze bezpiecze\u0144stwo ni\u017c Mifare Classic.<\/p>\n<p>Jest dost\u0119pny w wielu wariantach Tagg Mifare DESFire i mo\u017cemy go r\u00f3wnie\u017c wyprodukowa\u0107 z wybranym przez Ciebie chipem.<\/p>\n<p>Dzisiejszym standardem dla tag\u00f3w przej\u015bciowych s\u0105: EM4200, Mifare1k, tagi kombinowane oraz DESFire, niezale\u017cnie od tego, mo\u017cemy dostosowa\u0107 tag dla Ciebie.<\/p>\n<p>Rozumiemy znaczenie dostarczania wysokiej jako\u015bci znacznik\u00f3w RFID, kt\u00f3re spe\u0142niaj\u0105 dzisiejsze wymagania i oczekiwania.<\/p>\n<p>Dlatego staramy si\u0119 oferowa\u0107 najlepsz\u0105 technologi\u0119 i kompatybilno\u015b\u0107, aby poprawi\u0107 bezpiecze\u0144stwo i wydajno\u015b\u0107 Twoich system\u00f3w.<\/p>\n<p><strong><span style=\"text-decoration: underline\">Dopasowane do wyj\u0105tkowych projekt\u00f3w \u2013 Tagg Mifare DESFire ABS Pro<\/span><\/strong><\/p>\n<p>Zaletami naszych tag\u00f3w RFID jest kompatybilno\u015b\u0107 z r\u00f3\u017cnymi systemami\/technologiami oraz mo\u017cliwo\u015b\u0107 dostosowania tag\u00f3w do unikalnych projekt\u00f3w.<\/p>\n<p>Mo\u017cemy zaprogramowa\u0107 i zintegrowa\u0107 r\u00f3\u017cne chipy, aby spe\u0142ni\u0107 okre\u015blone wymagania aplikacji i stworzy\u0107 niestandardowe rozwi\u0105zania.<\/p>\n<p>Skontaktuj si\u0119 z nami ju\u017c dzi\u015b, aby om\u00f3wi\u0107 pomys\u0142y na projekt i uzyska\u0107 dostosowane do Twoich potrzeb rozwi\u0105zanie w zakresie znacznik\u00f3w RFID.<\/p>\n<p><strong>Szybka dostawa i zawsze w magazynie \u2013 Tagg Mifare DESFire jest dost\u0119pny w r\u00f3\u017cnych wersjach\u00a0<\/strong><\/p>\n<p>Brelok RFID \u201eABS Pro\u201d jest zawsze dost\u0119pny w magazynie w liczbie ponad 80 000 sztuk w 6 kolorach (czerwony, niebieski, bia\u0142y, czarny, zielony, \u017c\u00f3\u0142ty) i z r\u00f3\u017cnymi chipami.<\/p>\n<p>Za pomoc\u0105 naszych maszyn laserowych i oprogramowania mo\u017cesz wybra\u0107 logo i unikalny numer do grawerowania z dostaw\u0105 w ci\u0105gu 1-3 dni.<\/p>\n<p>Jak zawsze! Oznacz Mifare DESFire z oryginalnym chipem firmy<a href=\"https:\/\/www.nxp.com\/\" rel=\"noopener\"> NXP<\/a><\/p>\n<p><strong>Nadaje si\u0119 do wszystkiego i wszystkich - Tagg Mifare DESFire<\/strong><\/p>\n<ul>\n<li>System przepustek<\/li>\n<li>System go\u015bci<\/li>\n<li>Rezerwacja<\/li>\n<li>System alarmowy i bezpiecze\u0144stwa<\/li>\n<\/ul>\n<p><strong>Zalety \u201eABS Pro\u201d - Tag Mifare DESFire<\/strong><\/p>\n<ul>\n<li>Solidna konstrukcja z materia\u0142u ABS<\/li>\n<li>Cienki profil o grubo\u015bci zaledwie 2,9 mm<\/li>\n<li>Mo\u017cliwo\u015b\u0107 wygrawerowania standardowego numeru lub do\u0142\u0105czenia logo<\/li>\n<li>Du\u017cy wyb\u00f3r wariant\u00f3w chip\u00f3w dostosowanych do r\u00f3\u017cnych potrzeb i zawsze dost\u0119pnych w magazynie.<\/li>\n<\/ul>\n<ul>\n<li>Du\u017cy wyb\u00f3r wariant\u00f3w chip\u00f3w dostosowanych do r\u00f3\u017cnych potrzeb i zawsze dost\u0119pnych w magazynie.<\/li>\n<\/ul>","protected":false},"excerpt":{"rendered":"<p>Ten produkt posiada certyfikowany chip firmy NXP\u00ae, globalnej firmy technologicznej z siedzib\u0105 w Holandii. NXP\u00ae specjalizuje si\u0119 w RFID i NFC oraz oferuje szereg produkt\u00f3w z zakresu bezpiecze\u0144stwa, \u0142\u0105czno\u015bci i rozwi\u0105za\u0144 wbudowanych. Nale\u017cy pami\u0119ta\u0107, \u017ce ten produkt nie b\u0119dzie dzia\u0142a\u0142 np. z systemami Yale lub je\u015bli system ma kody zmienne.<\/p>","protected":false},"featured_media":163673,"template":"","meta":{"_acf_changed":false},"product_brand":[],"product_cat":[1340,4810,4790],"product_tag":[2314,3139,3136,2074,4806,4146,2095,2958],"class_list":{"0":"post-56930","1":"product","2":"type-product","3":"status-publish","4":"has-post-thumbnail","6":"product_cat-rfid-tagg-abs-pro","7":"product_cat-desfire","8":"product_cat-desfire-8k-tagg","9":"product_tag-desfire-lop-logo","10":"product_tag-desfire-ev2-8k","11":"product_tag-desfire-taggar-kort","12":"product_tag-ej-lagerfraga","13":"product_tag-fungerar-ej-till-yale","14":"product_tag-nxp","15":"product_tag-rfid-500","16":"product_tag-stonehouse-produkt","17":"product_shipping_class-postnord-varubrev","18":"pa_brands-stonehouse-security","19":"pa_chip-teknik-mifare-desfire-8k-minne","20":"pa_farg-svart","21":"pa_sakerhetssystem-rfid-taggar","22":"tm-has-options","24":"first","25":"instock","26":"sale","27":"featured","28":"taxable","29":"shipping-taxable","30":"purchasable","31":"product-type-simple"},"acf":[],"_links":{"self":[{"href":"https:\/\/secureus.se\/pl\/wp-json\/wp\/v2\/product\/56930","targetHints":{"allow":["GET"]}}],"collection":[{"href":"https:\/\/secureus.se\/pl\/wp-json\/wp\/v2\/product"}],"about":[{"href":"https:\/\/secureus.se\/pl\/wp-json\/wp\/v2\/types\/product"}],"wp:featuredmedia":[{"embeddable":true,"href":"https:\/\/secureus.se\/pl\/wp-json\/wp\/v2\/media\/163673"}],"wp:attachment":[{"href":"https:\/\/secureus.se\/pl\/wp-json\/wp\/v2\/media?parent=56930"}],"wp:term":[{"taxonomy":"product_brand","embeddable":true,"href":"https:\/\/secureus.se\/pl\/wp-json\/wp\/v2\/product_brand?post=56930"},{"taxonomy":"product_cat","embeddable":true,"href":"https:\/\/secureus.se\/pl\/wp-json\/wp\/v2\/product_cat?post=56930"},{"taxonomy":"product_tag","embeddable":true,"href":"https:\/\/secureus.se\/pl\/wp-json\/wp\/v2\/product_tag?post=56930"}],"curies":[{"name":"wp","href":"https:\/\/api.w.org\/{rel}","templated":true}]}}