{"id":56979,"date":"2022-03-10T16:01:00","date_gmt":"2022-03-10T15:01:00","guid":{"rendered":"https:\/\/secureus.se\/produkt\/armband-silikon-fast-em4200-storlek-55-mm-small\/"},"modified":"2025-12-31T19:50:55","modified_gmt":"2025-12-31T18:50:55","slug":"rfid-armband-silikon-fast-em4200-storlek-55-mm-small","status":"publish","type":"product","link":"https:\/\/secureus.se\/pl\/rfid-armband-silikon-fast-em4200-storlek-55-mm-small\/","title":{"rendered":"Bransoletka RFID EM4200 \u2013 ma\u0142a, niebieska, 55 mm"},"content":{"rendered":"<p>Nasze bransoletki RFID s\u0105 dost\u0119pne w r\u00f3\u017cnych rozmiarach i kolorach. Ty r\u00f3wnie\u017c wybierasz jak\u0105 technologi\u0119 chcesz zamontowa\u0107 w bransoletce. Je\u015bli chcesz wygrawerowa\u0107 numery, skontaktuj si\u0119 z nami przed z\u0142o\u017ceniem zam\u00f3wienia. W naszej ofercie posiadamy du\u017co wi\u0119cej wersji bransoletek, dlatego zawsze mo\u017cesz si\u0119 z nami skontaktowa\u0107, aby uzyska\u0107 najlepsz\u0105 cen\u0119, niezale\u017cnie od modelu.<\/p>","protected":false},"excerpt":{"rendered":"<p>Bransoletki mo\u017cna zam\u00f3wi\u0107 w dowolnym kolorze, minimalna warto\u015b\u0107 zam\u00f3wienia to 100 sztuk. Skontaktuj si\u0119 z nami, aby uzyska\u0107 najlepsz\u0105 cen\u0119.<\/p>","protected":false},"featured_media":145503,"template":"","meta":{"_acf_changed":false},"product_brand":[],"product_cat":[1849],"product_tag":[2958],"class_list":{"0":"post-56979","1":"product","2":"type-product","3":"status-publish","4":"has-post-thumbnail","6":"product_cat-rfid-armband","7":"product_tag-stonehouse-produkt","8":"product_shipping_class-postnord-varubrev","9":"pa_brands-stonehouse-security","10":"pa_rfid-armband-farg-bla","11":"pa_rfid-armband-modell-fast-storlek-small-55-mm","12":"pa_rfid-armband-teknik-em4200","13":"pa_storlek-small","14":"tm-has-options","16":"first","17":"instock","18":"sale","19":"featured","20":"taxable","21":"shipping-taxable","22":"purchasable","23":"product-type-simple"},"acf":[],"_links":{"self":[{"href":"https:\/\/secureus.se\/pl\/wp-json\/wp\/v2\/product\/56979","targetHints":{"allow":["GET"]}}],"collection":[{"href":"https:\/\/secureus.se\/pl\/wp-json\/wp\/v2\/product"}],"about":[{"href":"https:\/\/secureus.se\/pl\/wp-json\/wp\/v2\/types\/product"}],"wp:featuredmedia":[{"embeddable":true,"href":"https:\/\/secureus.se\/pl\/wp-json\/wp\/v2\/media\/145503"}],"wp:attachment":[{"href":"https:\/\/secureus.se\/pl\/wp-json\/wp\/v2\/media?parent=56979"}],"wp:term":[{"taxonomy":"product_brand","embeddable":true,"href":"https:\/\/secureus.se\/pl\/wp-json\/wp\/v2\/product_brand?post=56979"},{"taxonomy":"product_cat","embeddable":true,"href":"https:\/\/secureus.se\/pl\/wp-json\/wp\/v2\/product_cat?post=56979"},{"taxonomy":"product_tag","embeddable":true,"href":"https:\/\/secureus.se\/pl\/wp-json\/wp\/v2\/product_tag?post=56979"}],"curies":[{"name":"wp","href":"https:\/\/api.w.org\/{rel}","templated":true}]}}