{"id":56987,"date":"2022-03-10T15:57:00","date_gmt":"2022-03-10T14:57:00","guid":{"rendered":"https:\/\/secureus.se\/produkt\/ackumulator-batteri-12v-2-3-ah\/"},"modified":"2026-04-15T16:03:29","modified_gmt":"2026-04-15T14:03:29","slug":"agm-batteri-12v-23ah","status":"publish","type":"product","link":"https:\/\/secureus.se\/pl\/agm-batteri-12v-23ah\/","title":{"rendered":"Akumulator 12V 2,3Ah Wersja Pro"},"content":{"rendered":"<h1>Akumulator AGM 12V 2,3ah \/ Akumulator 12V \u2013 2,3Ah<\/h1>\n<p>Bezobs\u0142ugowy akumulator alarmowy do zasilania rezerwowego w systemach alarmowych, 12 V, 2,3 Ah<\/p>\n<p>178 mm x 35 mm x 61 mm<\/p>\n<p>Waga 0,91 kg<\/p>\n<p>Baterie odgrywaj\u0105 kluczow\u0105 rol\u0119 w systemach bezpiecze\u0144stwa i alarmowych, gdzie niezawodne zasilanie jest spraw\u0105 najwy\u017cszej wagi. W\u015br\u00f3d r\u00f3\u017cnych opcji dost\u0119pnych na rynku, akumulatory AGM (Absorbent Glass Mat) sprawdzi\u0142y si\u0119 jako niezawodne i wysokiej jako\u015bci rozwi\u0105zanie do takich zastosowa\u0144.<\/p>\n<p>W akumulatorach AGM zastosowano separator z maty szklanej, kt\u00f3ry absorbuje i utrzymuje elektrolit na miejscu, dzi\u0119ki czemu idealnie nadaj\u0105 si\u0119 do stosowania w \u015brodowiskach, w kt\u00f3rych wa\u017cne jest zminimalizowanie ryzyka wycieku. Konstrukcja ta zapewnia r\u00f3wnie\u017c wysoki stopie\u0144 niezawodno\u015bci i wydajno\u015bci nawet w wymagaj\u0105cych warunkach, co jest niezb\u0119dne w zastosowaniach zwi\u0105zanych z bezpiecze\u0144stwem i alarmami, gdzie akumulatory musz\u0105 dzia\u0142a\u0107 bez przerwy.<\/p>\n<p>Jedn\u0105 z najbardziej cenionych cech akumulator\u00f3w AGM s\u0105 ich niskie wymagania konserwacyjne. Wymagaj\u0105 minimalnej konserwacji i maj\u0105 d\u0142ug\u0105 \u017cywotno\u015b\u0107, co czyni je op\u0142acalnymi w miar\u0119 up\u0142ywu czasu. Ponadto technologia AGM okaza\u0142a si\u0119 odporna na g\u0142\u0119bokie roz\u0142adowanie, kt\u00f3re jest cz\u0119st\u0105 przyczyn\u0105 awarii akumulator\u00f3w w systemach bezpiecze\u0144stwa.<\/p>\n<p>Je\u015bli chodzi o jako\u015b\u0107, wa\u017cne jest, aby wybiera\u0107 akumulatory AGM od sprawdzonych producent\u00f3w, kt\u00f3rzy stosuj\u0105 wysokiej jako\u015bci materia\u0142y i procesy produkcyjne. Inwestycja w dobrej jako\u015bci baterie to \u015brodek zapobiegawczy zapewniaj\u0105cy prawid\u0142owe dzia\u0142anie system\u00f3w bezpiecze\u0144stwa i alarm\u00f3w, gdy s\u0105 naprawd\u0119 potrzebne.<\/p>\n<p>Podsumowuj\u0105c, akumulatory AGM stanowi\u0105 niezawodne i wysokiej jako\u015bci \u017ar\u00f3d\u0142o zasilania do zastosowa\u0144 zwi\u0105zanych z bezpiecze\u0144stwem i alarmami. Ich niskie wymagania konserwacyjne, d\u0142uga \u017cywotno\u015b\u0107 i odporno\u015b\u0107 na g\u0142\u0119bokie roz\u0142adowanie czyni\u0105 je doskona\u0142ym wyborem dla ka\u017cdego, kto stawia na niezawodno\u015b\u0107 i wydajno\u015b\u0107 swoich system\u00f3w.<\/p>\n<p>Akumulator AGM 12V 2,3ah<\/p>","protected":false},"excerpt":{"rendered":"<p>Bateria AGM 2,3 AH do telekomunikacji, alarm\u00f3w i system\u00f3w bezpiecze\u0144stwa.<\/p>","protected":false},"featured_media":144904,"template":"","meta":{"_acf_changed":false},"product_brand":[],"product_cat":[1596],"product_tag":[2179,2419],"class_list":{"0":"post-56987","1":"product","2":"type-product","3":"status-publish","4":"has-post-thumbnail","6":"product_cat-ackumulatorer-12v-agm-batterier","7":"product_tag-batteri-1-6-ah-2","8":"product_tag-rel-batteri","9":"product_shipping_class-tunga-paket","10":"pa_brands-stonehouse-security","11":"tm-no-options","13":"first","14":"instock","15":"sale","16":"featured","17":"taxable","18":"shipping-taxable","19":"purchasable","20":"product-type-simple"},"acf":[],"_links":{"self":[{"href":"https:\/\/secureus.se\/pl\/wp-json\/wp\/v2\/product\/56987","targetHints":{"allow":["GET"]}}],"collection":[{"href":"https:\/\/secureus.se\/pl\/wp-json\/wp\/v2\/product"}],"about":[{"href":"https:\/\/secureus.se\/pl\/wp-json\/wp\/v2\/types\/product"}],"wp:featuredmedia":[{"embeddable":true,"href":"https:\/\/secureus.se\/pl\/wp-json\/wp\/v2\/media\/144904"}],"wp:attachment":[{"href":"https:\/\/secureus.se\/pl\/wp-json\/wp\/v2\/media?parent=56987"}],"wp:term":[{"taxonomy":"product_brand","embeddable":true,"href":"https:\/\/secureus.se\/pl\/wp-json\/wp\/v2\/product_brand?post=56987"},{"taxonomy":"product_cat","embeddable":true,"href":"https:\/\/secureus.se\/pl\/wp-json\/wp\/v2\/product_cat?post=56987"},{"taxonomy":"product_tag","embeddable":true,"href":"https:\/\/secureus.se\/pl\/wp-json\/wp\/v2\/product_tag?post=56987"}],"curies":[{"name":"wp","href":"https:\/\/api.w.org\/{rel}","templated":true}]}}