{"id":56988,"date":"2022-03-10T15:57:00","date_gmt":"2022-03-10T14:57:00","guid":{"rendered":"https:\/\/secureus.se\/produkt\/ackumulator-batteri-agm-12v-12ah\/"},"modified":"2026-04-17T14:43:30","modified_gmt":"2026-04-17T12:43:30","slug":"12v-12ah-agm-batteri-helios-vrla","status":"publish","type":"product","link":"https:\/\/secureus.se\/pl\/12v-12ah-agm-batteri-helios-vrla\/","title":{"rendered":"Akumulator 12V 12Ah HELIOS 5 lat Wersja Pro"},"content":{"rendered":"<p data-start=\"674\" data-end=\"970\">Akumulator HELIOS 12V 12Ah AGM (VRLA) to niezawodny, regulowany zaworami i bezobs\u0142ugowy akumulator kwasowo-o\u0142owiowy o stabilnej wydajno\u015bci i d\u0142ugiej \u017cywotno\u015bci.<br data-start=\"813\" data-end=\"816\" \/>Doskonale nadaje si\u0119 do stosowania w trybie czuwania i cyklicznym w r\u00f3\u017cnego rodzaju systemach alarmowych, UPS-ach, systemach telekomunikacyjnych, o\u015bwietleniu, ogrodzeniach elektrycznych i innym sprz\u0119cie 12 V.<\/p>\n<p data-start=\"972\" data-end=\"1136\">Z \u017cywotno\u015bci\u0105 projektow\u0105 do <strong data-start=\"1007\" data-end=\"1015\">5 lat<\/strong> i bardzo niskim wska\u017anikiem b\u0142\u0119du (&lt; 0,03 %), seria HELIOS jest wyborem wysokiej jako\u015bci zar\u00f3wno dla u\u017cytkownik\u00f3w profesjonalnych, jak i prywatnych.<\/p>\n<hr data-start=\"1138\" data-end=\"1141\" \/>\n<h3 data-start=\"1143\" data-end=\"1171\"><strong data-start=\"1147\" data-end=\"1171\">Dlaczego warto wybra\u0107 HELIOS?<\/strong><\/h3>\n<ul data-start=\"1173\" data-end=\"1561\">\n<li data-start=\"1173\" data-end=\"1255\">\n<p data-start=\"1175\" data-end=\"1255\">Bezobs\u0142ugowy akumulator AGM (VRLA) \u2013 uszczelniony, odporny na wibracje i wycieki.<\/p>\n<\/li>\n<li data-start=\"1256\" data-end=\"1335\">\n<p data-start=\"1258\" data-end=\"1335\">Okres u\u017cytkowania 5 lat \u2013 op\u0142acalne w przypadku stosowania jako urz\u0105dzenie rezerwowe i zapasowe.<\/p>\n<\/li>\n<li data-start=\"1336\" data-end=\"1403\">\n<p data-start=\"1338\" data-end=\"1403\">Stabilna krzywa napi\u0119cia \u2013 wysoka niezawodno\u015b\u0107 dzia\u0142ania w przypadku urz\u0105dze\u0144 wra\u017cliwych.<\/p>\n<\/li>\n<li data-start=\"1404\" data-end=\"1478\">\n<p data-start=\"1406\" data-end=\"1478\">Niska awaryjno\u015b\u0107 (&lt;0,03 %) ju\u017c w fabryce \u2013 wyprodukowano zgodnie z normami ISO.<\/p>\n<\/li>\n<li data-start=\"1479\" data-end=\"1561\">\n<p data-start=\"1481\" data-end=\"1561\">Standardowy format \u2013 z \u0142atwo\u015bci\u0105 zast\u0119puje wi\u0119kszo\u015b\u0107 akumulator\u00f3w 12 V 12 Ah o tym samym rozmiarze.<\/p>\n<\/li>\n<\/ul>\n<hr data-start=\"1563\" data-end=\"1566\" \/>\n<h3 data-start=\"1568\" data-end=\"1602\"><strong data-start=\"1572\" data-end=\"1602\">Typowe zastosowania<\/strong><\/h3>\n<ul data-start=\"1604\" data-end=\"1833\">\n<li data-start=\"1604\" data-end=\"1648\">\n<p data-start=\"1606\" data-end=\"1648\">Panele alarmowe, syreny i systemy dost\u0119pu<\/p>\n<\/li>\n<li data-start=\"1649\" data-end=\"1679\">\n<p data-start=\"1651\" data-end=\"1679\">UPS i rozwi\u0105zania zasilania awaryjnego<\/p>\n<\/li>\n<li data-start=\"1680\" data-end=\"1713\">\n<p data-start=\"1682\" data-end=\"1713\">O\u015bwietlenie awaryjne i znaki ewakuacyjne<\/p>\n<\/li>\n<li data-start=\"1714\" data-end=\"1754\">\n<p data-start=\"1716\" data-end=\"1754\">Sprz\u0119t telekomunikacyjny\/przesy\u0142aj\u0105cy dane, modemy, routery<\/p>\n<\/li>\n<li data-start=\"1755\" data-end=\"1792\">\n<p data-start=\"1757\" data-end=\"1792\">Ogrodzenie elektryczne i mniejsze magazyny energii<\/p>\n<\/li>\n<li data-start=\"1793\" data-end=\"1833\">\n<p data-start=\"1795\" data-end=\"1833\">Systemy wsparcia motoryzacyjnego i przemys\u0142owego<\/p>\n<\/li>\n<\/ul>\n<hr data-start=\"1835\" data-end=\"1838\" \/>\n<h3 data-start=\"1840\" data-end=\"1861\"><strong data-start=\"1844\" data-end=\"1861\">Dane techniczne<\/strong><\/h3>\n<div class=\"_tableContainer_1rjym_1\">\n<div class=\"group _tableWrapper_1rjym_13 flex w-fit flex-col-reverse\">\n<table class=\"w-fit min-w-(--thread-content-width)\" data-start=\"1863\" data-end=\"2412\">\n<thead data-start=\"1863\" data-end=\"1883\">\n<tr data-start=\"1863\" data-end=\"1883\">\n<th data-start=\"1863\" data-end=\"1874\" data-col-size=\"sm\">Nieruchomo\u015b\u0107<\/th>\n<th data-start=\"1874\" data-end=\"1883\" data-col-size=\"md\">Warto\u015b\u0107<\/th>\n<\/tr>\n<\/thead>\n<tbody data-start=\"1907\" data-end=\"2412\">\n<tr data-start=\"1907\" data-end=\"1931\">\n<td data-start=\"1907\" data-end=\"1923\" data-col-size=\"sm\"><strong data-start=\"1909\" data-end=\"1922\">Wolta\u017c:<\/strong><\/td>\n<td data-col-size=\"md\" data-start=\"1923\" data-end=\"1931\">12V<\/td>\n<\/tr>\n<tr data-start=\"1932\" data-end=\"1958\">\n<td data-start=\"1932\" data-end=\"1949\" data-col-size=\"sm\"><strong data-start=\"1934\" data-end=\"1948\">Pojemno\u015b\u0107:<\/strong><\/td>\n<td data-start=\"1949\" data-end=\"1958\" data-col-size=\"md\">12Ah<\/td>\n<\/tr>\n<tr data-start=\"1959\" data-end=\"2041\">\n<td data-start=\"1959\" data-end=\"1977\" data-col-size=\"sm\"><strong data-start=\"1961\" data-end=\"1976\">Typ baterii:<\/strong><\/td>\n<td data-start=\"1977\" data-end=\"2041\" data-col-size=\"md\">AGM (akumulator kwasowo-o\u0142owiowy z regulowanym zaworem, uszczelniony \/ bezobs\u0142ugowy)<\/td>\n<\/tr>\n<tr data-start=\"2042\" data-end=\"2083\">\n<td data-start=\"2042\" data-end=\"2065\" data-col-size=\"sm\"><strong data-start=\"2044\" data-end=\"2064\">Projekt \u017cycia:<\/strong><\/td>\n<td data-start=\"2065\" data-end=\"2083\" data-col-size=\"md\">5 lat (czuwanie)<\/td>\n<\/tr>\n<tr data-start=\"2084\" data-end=\"2124\">\n<td data-start=\"2084\" data-end=\"2104\" data-col-size=\"sm\"><strong data-start=\"2086\" data-end=\"2103\">Wymiary (d\u0142. \u00d7 szer. \u00d7 wys.):<\/strong><\/td>\n<td data-start=\"2104\" data-end=\"2124\" data-col-size=\"md\">151 \u00d7 98 \u00d7 93 mm<\/td>\n<\/tr>\n<tr data-start=\"2125\" data-end=\"2151\">\n<td data-start=\"2125\" data-end=\"2137\" data-col-size=\"sm\"><strong data-start=\"2127\" data-end=\"2136\">Waga:<\/strong><\/td>\n<td data-start=\"2137\" data-end=\"2151\" data-col-size=\"md\">oko\u0142o 3,24 kg<\/td>\n<\/tr>\n<tr data-start=\"2152\" data-end=\"2191\">\n<td data-start=\"2152\" data-end=\"2166\" data-col-size=\"sm\"><strong data-start=\"2154\" data-end=\"2165\">Typ s\u0142upa:<\/strong><\/td>\n<td data-start=\"2166\" data-end=\"2191\" data-col-size=\"md\">P\u0142aski pin F2 (6,3 mm)<\/td>\n<\/tr>\n<tr data-start=\"2192\" data-end=\"2224\">\n<td data-start=\"2192\" data-end=\"2205\" data-col-size=\"sm\"><strong data-start=\"2194\" data-end=\"2204\">Ok\u0142adka:<\/strong><\/td>\n<td data-start=\"2205\" data-end=\"2224\" data-col-size=\"md\">Czarny plastik ABS<\/td>\n<\/tr>\n<tr data-start=\"2225\" data-end=\"2294\">\n<td data-start=\"2225\" data-end=\"2247\" data-col-size=\"sm\"><strong data-start=\"2227\" data-end=\"2246\">Certyfikaty:<\/strong><\/td>\n<td data-start=\"2247\" data-end=\"2294\" data-col-size=\"md\">CE, UL, RoHS, ISO9000 \/ ISO14000 \/ ISO18000<\/td>\n<\/tr>\n<tr data-start=\"2295\" data-end=\"2339\">\n<td data-start=\"2295\" data-end=\"2315\" data-col-size=\"sm\"><strong data-start=\"2297\" data-end=\"2314\">Wsp\u00f3\u0142czynnik awaryjno\u015bci:<\/strong><\/td>\n<td data-start=\"2315\" data-end=\"2339\" data-col-size=\"md\">&lt; 0,03 % z fabryki<\/td>\n<\/tr>\n<tr data-start=\"2340\" data-end=\"2376\">\n<td data-start=\"2340\" data-end=\"2367\" data-col-size=\"sm\"><strong data-start=\"2342\" data-end=\"2366\">Numer artyku\u0142u (SKU):<\/strong><\/td>\n<td data-col-size=\"md\" data-start=\"2367\" data-end=\"2376\">50012<\/td>\n<\/tr>\n<tr data-start=\"2377\" data-end=\"2412\">\n<td data-start=\"2377\" data-end=\"2402\" data-col-size=\"sm\"><strong data-start=\"2379\" data-end=\"2401\">Marka \/ Seria:<\/strong><\/td>\n<td data-col-size=\"md\" data-start=\"2402\" data-end=\"2412\">HELIOS<\/td>\n<\/tr>\n<\/tbody>\n<\/table>\n<\/div>\n<\/div>\n<hr data-start=\"2414\" data-end=\"2417\" \/>\n<h3 data-start=\"2419\" data-end=\"2452\"><strong data-start=\"2423\" data-end=\"2452\">Zalecenia dotycz\u0105ce \u0142adowania<\/strong><\/h3>\n<ul data-start=\"2454\" data-end=\"2563\">\n<li data-start=\"2454\" data-end=\"2493\">\n<p data-start=\"2456\" data-end=\"2493\"><strong data-start=\"2456\" data-end=\"2477\">\u0141adowanie w trybie czuwania:<\/strong> 13,5 \u2013 13,8 V<\/p>\n<\/li>\n<li data-start=\"2494\" data-end=\"2533\">\n<p data-start=\"2496\" data-end=\"2533\"><strong data-start=\"2496\" data-end=\"2517\">\u0141adowanie cykliczne:<\/strong> 14,4 \u2013 15,0 V<\/p>\n<\/li>\n<li data-start=\"2534\" data-end=\"2563\">\n<p data-start=\"2536\" data-end=\"2563\"><strong data-start=\"2536\" data-end=\"2555\">Maksymalny pr\u0105d \u0142adowania:<\/strong> 3,6A<\/p>\n<\/li>\n<\/ul>\n<p data-start=\"2565\" data-end=\"2763\">W przypadku pracy cyklicznej pr\u0105d \u0142adowania nie powinien przekracza\u0107 30 % pojemno\u015bci akumulatora (Ah).<br data-start=\"2649\" data-end=\"2652\" \/>Do \u0142adowania konserwacyjnego zaleca si\u0119 stosowanie oko\u0142o 5 akumulator\u00f3w %.<br data-start=\"2699\" data-end=\"2702\" \/>Zawsze nale\u017cy przestrzega\u0107 instrukcji obs\u0142ugi \u0142adowarki i specyfikacji sprz\u0119tu.<\/p>\n<hr data-start=\"2765\" data-end=\"2768\" \/>\n<h3 data-start=\"2770\" data-end=\"2790\"><strong data-start=\"2774\" data-end=\"2790\">Instalacja<\/strong><\/h3>\n<ol data-start=\"2792\" data-end=\"3060\">\n<li data-start=\"2792\" data-end=\"2839\">\n<p data-start=\"2795\" data-end=\"2839\">Od\u0142\u0105czy\u0107 urz\u0105dzenie od napi\u0119cia sieciowego.<\/p>\n<\/li>\n<li data-start=\"2840\" data-end=\"2912\">\n<p data-start=\"2843\" data-end=\"2912\">Otw\u00f3rz komor\u0119 baterii i sprawd\u017a biegunowo\u015b\u0107 (czerwony = +, czarny = \u2013).<\/p>\n<\/li>\n<li data-start=\"2913\" data-end=\"2989\">\n<p data-start=\"2916\" data-end=\"2989\">Pod\u0142\u0105cz p\u0142askie piny w odpowiednim miejscu \u2013 bateria jest dostarczana z F2 (6,3 mm).<\/p>\n<\/li>\n<li data-start=\"2990\" data-end=\"3060\">\n<p data-start=\"2993\" data-end=\"3060\">Umie\u015b\u0107 bateri\u0119 w komorze i przetestuj jej dzia\u0142anie po ponownym pod\u0142\u0105czeniu.<\/p>\n<\/li>\n<\/ol>\n<hr data-start=\"3062\" data-end=\"3065\" \/>\n<h3 data-start=\"3067\" data-end=\"3080\"><strong data-start=\"3071\" data-end=\"3080\">\u015arodowisko<\/strong><\/h3>\n<p data-start=\"3082\" data-end=\"3247\">Produkt nadaje si\u0119 do recyklingu. Zu\u017cyte akumulatory o\u0142owiowe nale\u017cy odda\u0107 do najbli\u017cszego punktu recyklingu.<br data-start=\"3174\" data-end=\"3177\" \/>Seria HELIOS zosta\u0142a wyprodukowana z uwzgl\u0119dnieniem aspekt\u00f3w \u015brodowiskowych, jako\u015bci i bezpiecze\u0144stwa.<\/p>\n<hr data-start=\"3249\" data-end=\"3252\" \/>\n<h3 data-start=\"3254\" data-end=\"3265\"><strong data-start=\"3258\" data-end=\"3265\">Cz\u0119sto zadawane pytania<\/strong><\/h3>\n<p data-start=\"3267\" data-end=\"3387\"><strong data-start=\"3267\" data-end=\"3302\">Czy to akumulator AGM czy \u017celowy?<\/strong><br data-start=\"3302\" data-end=\"3305\" \/>Jest to akumulator AGM (VRLA), czyli regulowany zaworami i ca\u0142kowicie bezobs\u0142ugowy.<\/p>\n<p data-start=\"3389\" data-end=\"3570\"><strong data-start=\"3389\" data-end=\"3441\">Czy pasuje do mojego systemu UPS, alarmowego lub telefonicznego?<\/strong><br data-start=\"3441\" data-end=\"3444\" \/>Tak, je\u015bli Tw\u00f3j obecny akumulator ma napi\u0119cie 12 V 12 Ah i wymiary 151\u00d798\u00d793 mm oraz p\u0142askie zaciski (F2), jest to bezpo\u015bredni zamiennik.<\/p>\n<p data-start=\"3572\" data-end=\"3669\"><strong data-start=\"3572\" data-end=\"3604\">Czy musz\u0119 uzupe\u0142ni\u0107 p\u0142yn?<\/strong><br data-start=\"3604\" data-end=\"3607\" \/>Nie, akumulator jest ca\u0142kowicie szczelny i nie wymaga \u017cadnej konserwacji.<\/p>\n<hr data-start=\"3671\" data-end=\"3674\" \/>\n<h3 data-start=\"3676\" data-end=\"3698\"><strong data-start=\"3680\" data-end=\"3698\">Streszczenie<\/strong><\/h3>\n<p data-start=\"3700\" data-end=\"3976\">Akumulator HELIOS 12V 12Ah AGM (VRLA) to niezawodny i ekonomiczny akumulator do alarm\u00f3w, UPS-\u00f3w i innego sprz\u0119tu 12 V.<br data-start=\"3823\" data-end=\"3826\" \/>Dzi\u0119ki szczelnej konstrukcji, niskiemu samoroz\u0142adowaniu i 5-letniej \u017cywotno\u015bci, akumulator ten oferuje stabiln\u0105 prac\u0119 i bezpieczn\u0105 eksploatacj\u0119 w profesjonalnych systemach.<\/p>\n<p data-start=\"3700\" data-end=\"3976\"><strong>Kompatybilny m.in. z:<\/strong><\/p>\n<p data-start=\"3700\" data-end=\"3976\"><!--more--><\/p>\n<ul>\n<li>Amstron AP-12120F2<\/li>\n<li>Amstron AP-12140F2<\/li>\n<li>BB BP12-12<\/li>\n<li>BB BPL12-12<\/li>\n<li>BB EB12-12<\/li>\n<li>BB EP12-12<\/li>\n<li>BB EVP12-12<\/li>\n<li>BB HR15-12<\/li>\n<li>CSB EVX12110<\/li>\n<li>CSB EVX12120<\/li>\n<li>CSB GH12100<\/li>\n<li>CSB GP12100A<\/li>\n<li>CSB GP12110<\/li>\n<li>CSB GP12110 F2<\/li>\n<li>CSB GP12110F1<\/li>\n<li>CSB GP12110F2<\/li>\n<li>CSB GP12120<\/li>\n<li>CSB GP12120 F2<\/li>\n<li>CSB GP12120F2<\/li>\n<li>CSB GPL12120<\/li>\n<li>Casil CA12120<\/li>\n<li>Douglas Guardian DBG12-12G<\/li>\n<li>Douglas Guardian DBG1212A<\/li>\n<li>Douglas Guardian DG12-12G<\/li>\n<li>Douglas Guardian DG1212A<\/li>\n<li>Orze\u0142 Picher CF12V15<\/li>\n<li>\u0141o\u015b ELK-12100<\/li>\n<li>\u0141o\u015b ELK-12120<\/li>\n<li>EnerSys NP12-12<\/li>\n<li>EnerSys NP12-12FR<\/li>\n<li>EnerSys NP12-12T<\/li>\n<li>Exide EP12-12<\/li>\n<li>Magazyn GS PE12V12F2<\/li>\n<li>Mg\u0142a HZS12-12<\/li>\n<li>Hitachi HP12-12<\/li>\n<li>IBT BT10-12<\/li>\n<li>IBT BT12-12<\/li>\n<li>IBT BT15-12<\/li>\n<li>Autostrada mi\u0119dzystanowa ABSL1104<\/li>\n<li>Autostrada mi\u0119dzystanowa ABSL1105<\/li>\n<li>Autostrada mi\u0119dzystanowa BSL1104<\/li>\n<li>Autostrada mi\u0119dzystanowa BSL1105<\/li>\n<li>Autostrada mi\u0119dzystanowa PC12120<\/li>\n<li>Autostrada mi\u0119dzystanowa PC1220<\/li>\n<li>Autostrada mi\u0119dzystanowa SLA1104<\/li>\n<li>Autostrada mi\u0119dzystanowa SLA1105<\/li>\n<li>Autostrada mi\u0119dzystanowa SLA3060<\/li>\n<li>Johnson Controls JC12120<\/li>\n<li>Wstrz\u0105s SA12120F1<\/li>\n<li>Wstrz\u0105s SA12120F2<\/li>\n<li>King Long WP10-12<\/li>\n<li>Kr\u00f3l Long WP11-12<\/li>\n<li>King Long WP12-12<\/li>\n<li>Leoch LP12-12<\/li>\n<li>MK ES12-12<\/li>\n<li>OD 6-DW-12<\/li>\n<li>Panasonic LC-PB1210PU<\/li>\n<li>Panasonic LC-R1211P<\/li>\n<li>Panasonic LC-R1212P<\/li>\n<li>Panasonic LC-R12V10PF<\/li>\n<li>Panasonic LC-R12V12P<\/li>\n<li>Panasonic LC-R12V12PF<\/li>\n<li>Panasonic LC-R8512P<\/li>\n<li>Panasonic LC-R8512PF<\/li>\n<li>Panasonic LC-R8512PS<\/li>\n<li>Panasonic LC-RA1212CH<\/li>\n<li>Panasonic LC-RA1212P<\/li>\n<li>Panasonic LC-RA1212P1<\/li>\n<li>Panasonic LC-RA1212PG1<\/li>\n<li>Panasonic LC-RA1212PU<\/li>\n<li>Panasonic LC-RB1210PU<\/li>\n<li>Power Patrol SLA1104<\/li>\n<li>Power Patrol SLA3060<\/li>\n<li>Power Sonic PS-12100<\/li>\n<li>Power Sonic PS-12120<\/li>\n<li>Power Sonic PS-12140<\/li>\n<li>Nosoro\u017cec SLA10-12\/T25<\/li>\n<li>Pobiera 12V 12Ah<\/li>\n<li>S\u0142o\u0144ce 2145139800<\/li>\n<li>S\u0142o\u0144ce 789552500<\/li>\n<li>S\u0142o\u0144ce 95525<\/li>\n<li>S\u0142o\u0144ce A212\/10S<\/li>\n<li>Sunshine A212\/12G<\/li>\n<li>Sonnenschein A212\/9.5S<\/li>\n<li>Sonnenschein A412\/8.5 SR<\/li>\n<li>S\u0142o\u0144ce A512100S<\/li>\n<li>S\u0142o\u0144ce A51210S<\/li>\n<li>Sunshine CR1212<\/li>\n<li>Sonnenschein NGA5120010HSOSA<\/li>\n<li>Burza TR12-12<\/li>\n<li>Zwi\u0105zek MX-12120<\/li>\n<li>Zwi\u0105zek MX-12120 F2<\/li>\n<li>Uniwersalny (UPG) D5775<\/li>\n<li>Uniwersalny (UPG) UB12120<\/li>\n<li>Wizja 6FM12<\/li>\n<li>Wizja CP12100<\/li>\n<li>Wizja CP12120<\/li>\n<li>Wulkan KB12120<\/li>\n<li>Yuasa NP12-12<\/li>\n<li>Yuasa NP12-12FR<\/li>\n<li>Yuasa NP12-12T<\/li>\n<\/ul>","protected":false},"excerpt":{"rendered":"<p>Bezobs\u0142ugowy akumulator 12 V 12 Ah AGM (VRLA) do system\u00f3w alarmowych, UPS-\u00f3w, system\u00f3w telekomunikacyjnych i innego sprz\u0119tu 12 V.<br data-start=\"522\" data-end=\"525\" \/>Standardowe wymiary 151\u00d798\u00d793 mm z cewkami p\u0142asko-pinowymi F2 (6,3 mm). \u017bywotno\u015b\u0107 konstrukcyjna 5 lat. Szybka dostawa ze szwedzkiego sklepu.<\/p>","protected":false},"featured_media":159335,"template":"","meta":{"_acf_changed":false},"product_brand":[],"product_cat":[1596,2428],"product_tag":[4519,2419],"class_list":{"0":"post-56988","1":"product","2":"type-product","3":"status-publish","4":"has-post-thumbnail","6":"product_cat-ackumulatorer-12v-agm-batterier","7":"product_cat-stromforsorjning-batterier","8":"product_tag-batteri-7-12-ah","9":"product_tag-rel-batteri","10":"product_shipping_class-tunga-paket","11":"pa_brands-stonehouse-security","12":"tm-no-options","14":"first","15":"instock","16":"sale","17":"featured","18":"taxable","19":"shipping-taxable","20":"purchasable","21":"product-type-simple"},"acf":[],"_links":{"self":[{"href":"https:\/\/secureus.se\/pl\/wp-json\/wp\/v2\/product\/56988","targetHints":{"allow":["GET"]}}],"collection":[{"href":"https:\/\/secureus.se\/pl\/wp-json\/wp\/v2\/product"}],"about":[{"href":"https:\/\/secureus.se\/pl\/wp-json\/wp\/v2\/types\/product"}],"wp:featuredmedia":[{"embeddable":true,"href":"https:\/\/secureus.se\/pl\/wp-json\/wp\/v2\/media\/159335"}],"wp:attachment":[{"href":"https:\/\/secureus.se\/pl\/wp-json\/wp\/v2\/media?parent=56988"}],"wp:term":[{"taxonomy":"product_brand","embeddable":true,"href":"https:\/\/secureus.se\/pl\/wp-json\/wp\/v2\/product_brand?post=56988"},{"taxonomy":"product_cat","embeddable":true,"href":"https:\/\/secureus.se\/pl\/wp-json\/wp\/v2\/product_cat?post=56988"},{"taxonomy":"product_tag","embeddable":true,"href":"https:\/\/secureus.se\/pl\/wp-json\/wp\/v2\/product_tag?post=56988"}],"curies":[{"name":"wp","href":"https:\/\/api.w.org\/{rel}","templated":true}]}}