{"id":56989,"date":"2022-03-10T15:57:00","date_gmt":"2022-03-10T14:57:00","guid":{"rendered":"https:\/\/secureus.se\/produkt\/ackumulator-batteri-12v-3-6-ah\/"},"modified":"2026-04-26T14:13:55","modified_gmt":"2026-04-26T12:13:55","slug":"agm-batteri-12v-36ah","status":"publish","type":"product","link":"https:\/\/secureus.se\/pl\/agm-batteri-12v-36ah\/","title":{"rendered":"Akumulator 12V 3,6Ah Wersja Pro"},"content":{"rendered":"<h1>Akumulator AGM 12V 3,6Ah<\/h1>\n<p data-start=\"444\" data-end=\"891\">Akumulator AGM 12V 3,6Ah to niezawodne \u017ar\u00f3d\u0142o zasilania dla system\u00f3w bezpiecze\u0144stwa i alarm\u00f3w, gdzie kluczowe jest sta\u0142e i niezawodne zasilanie.<\/p>\n<p data-start=\"444\" data-end=\"891\">Akumulator zaprojektowano tak, aby nie wymaga\u0142 konserwacji, co oznacza, \u017ce wymaga minimalnego nadzoru i oferuje d\u0142ug\u0105 \u017cywotno\u015b\u0107, nawet do trzech lat.<\/p>\n<p data-start=\"444\" data-end=\"891\">Aby mie\u0107 pewno\u015b\u0107, \u017ce akumulator stale dostarcza wystarczaj\u0105c\u0105 ilo\u015b\u0107 energii, nale\u017cy go wymieni\u0107 po oko\u0142o trzech latach, niezale\u017cnie od stanu.<\/p>\n<p data-start=\"893\" data-end=\"1268\">Technologia AGM (Absorbent Glass Mat) wykorzystuje separator z maty szklanej, kt\u00f3ry poch\u0142ania i utrzymuje elektrolit na miejscu. Dzi\u0119ki temu akumulator jest niezwykle odporny na wycieki i gwarantuje wysok\u0105 wydajno\u015b\u0107 nawet w wymagaj\u0105cych warunkach.<\/p>\n<p data-start=\"893\" data-end=\"1268\">Dzi\u0119ki temu akumulatory AGM s\u0105 idealnym rozwi\u0105zaniem w przypadku zastosowa\u0144 takich jak alarmy i systemy telekomunikacyjne, gdzie niezawodno\u015b\u0107 akumulatora ma kluczowe znaczenie.<\/p>\n<p data-start=\"1270\" data-end=\"1543\">Konstrukcja akumulatora AGM sprawia, \u017ce jest on bardziej odporny na g\u0142\u0119bokie roz\u0142adowanie ni\u017c tradycyjne akumulatory kwasowo-o\u0142owiowe, co zmniejsza ryzyko awarii akumulatora w systemach bezpiecze\u0144stwa.<\/p>\n<p data-start=\"1270\" data-end=\"1543\">Ponadto akumulatory AGM charakteryzuj\u0105 si\u0119 zazwyczaj d\u0142ug\u0105 \u017cywotno\u015bci\u0105, co sprawia, \u017ce staj\u0105 si\u0119 op\u0142acalne w d\u0142u\u017cszej perspektywie.<\/p>\n<p data-start=\"1545\" data-end=\"1788\">Akumulator jest kompaktowy i lekki, dzi\u0119ki czemu mo\u017cna go \u0142atwo zamontowa\u0107 w wi\u0119kszo\u015bci system\u00f3w alarmowych i urz\u0105dze\u0144 zabezpieczaj\u0105cych.<\/p>\n<p data-start=\"1545\" data-end=\"1788\">Wymiary 134x34x66 mm i waga 0,635 kg sprawiaj\u0105, \u017ce jest on kompatybilny z wieloma systemami bezpiecze\u0144stwa.<\/p>\n<p data-start=\"1790\" data-end=\"1820\"><strong data-start=\"1790\" data-end=\"1818\">G\u0142\u00f3wne cechy:<\/strong><\/p>\n<ul data-start=\"1821\" data-end=\"2171\">\n<li data-start=\"1821\" data-end=\"1842\">\n<p data-start=\"1823\" data-end=\"1842\"><strong data-start=\"1823\" data-end=\"1836\">Wolta\u017c:<\/strong> 12 V<\/p>\n<\/li>\n<li data-start=\"1843\" data-end=\"1868\">\n<p data-start=\"1845\" data-end=\"1868\"><strong data-start=\"1845\" data-end=\"1859\">Pojemno\u015b\u0107:<\/strong> 3,6Ah<\/p>\n<\/li>\n<li data-start=\"1869\" data-end=\"1913\">\n<p data-start=\"1871\" data-end=\"1913\"><strong data-start=\"1871\" data-end=\"1885\">Technologia:<\/strong> AGM (absorbuj\u0105ca mata szklana)<\/p>\n<\/li>\n<li data-start=\"1914\" data-end=\"1955\">\n<p data-start=\"1916\" data-end=\"1955\"><strong data-start=\"1916\" data-end=\"1928\">Rozmiar:<\/strong> 134 x 34 x 66 mm (d\u0142. x szer. x wys.)<\/p>\n<\/li>\n<li data-start=\"1979\" data-end=\"2006\">\n<p data-start=\"1981\" data-end=\"2006\"><strong data-start=\"1981\" data-end=\"2001\">Bezobs\u0142ugowy:<\/strong> Tak<\/p>\n<\/li>\n<li data-start=\"2007\" data-end=\"2053\">\n<p data-start=\"2009\" data-end=\"2053\"><strong data-start=\"2009\" data-end=\"2024\">U\u017cywa\u0107:<\/strong> Systemy alarmowe i telekomunikacyjne<\/p>\n<\/li>\n<li data-start=\"2054\" data-end=\"2086\">\n<p data-start=\"2056\" data-end=\"2086\"><strong data-start=\"2056\" data-end=\"2070\">\u017bycie:<\/strong> Do 3 lat<\/p>\n<\/li>\n<li data-start=\"2087\" data-end=\"2132\">\n<p data-start=\"2089\" data-end=\"2132\"><strong data-start=\"2089\" data-end=\"2127\">Odporno\u015b\u0107 na g\u0142\u0119bokie roz\u0142adowanie:<\/strong> Tak<\/p>\n<\/li>\n<li data-start=\"2133\" data-end=\"2171\">\n<p data-start=\"2135\" data-end=\"2171\"><strong data-start=\"2135\" data-end=\"2164\">Numer artyku\u0142u dostawcy:<\/strong> 500036<\/p>\n<\/li>\n<\/ul>\n<p data-start=\"2173\" data-end=\"2188\"><strong data-start=\"2173\" data-end=\"2186\">Zalety:<\/strong><\/p>\n<ul data-start=\"2189\" data-end=\"2510\">\n<li data-start=\"2189\" data-end=\"2242\">\n<p data-start=\"2191\" data-end=\"2242\"><strong data-start=\"2191\" data-end=\"2210\">Bezobs\u0142ugowy<\/strong> \u2013 Wymaga minimalnego nadzoru<\/p>\n<\/li>\n<li data-start=\"2243\" data-end=\"2319\">\n<p data-start=\"2245\" data-end=\"2319\"><strong data-start=\"2245\" data-end=\"2269\">Wysoka niezawodno\u015b\u0107<\/strong> \u2013 Idealny do zastosowa\u0144 w systemach bezpiecze\u0144stwa i alarmach<\/p>\n<\/li>\n<li data-start=\"2320\" data-end=\"2419\">\n<p data-start=\"2322\" data-end=\"2419\"><strong data-start=\"2322\" data-end=\"2354\">Odporny na przeciekanie<\/strong> \u2013 Nadaje si\u0119 do stosowania w \u015brodowiskach, w kt\u00f3rych niezawodno\u015b\u0107 ma kluczowe znaczenie<\/p>\n<\/li>\n<li data-start=\"2420\" data-end=\"2510\">\n<p data-start=\"2422\" data-end=\"2510\"><strong data-start=\"2422\" data-end=\"2440\">D\u0142uga \u017cywotno\u015b\u0107<\/strong> \u2013 Zapewnia ekonomiczne rozwi\u0105zania dla system\u00f3w o d\u0142ugotrwa\u0142ym u\u017cytkowaniu<\/p>\n<\/li>\n<\/ul>\n<p data-start=\"2512\" data-end=\"2734\">Podsumowuj\u0105c, akumulator AGM 12 V 3,6 Ah to niezawodne i wydajne rozwi\u0105zanie dla system\u00f3w bezpiecze\u0144stwa i alarmowych, co czyni go doskona\u0142ym wyborem dla ka\u017cdego, kto w swoich systemach stawia na trwa\u0142o\u015b\u0107 i niezawodno\u015b\u0107.<\/p>","protected":false},"excerpt":{"rendered":"<p>Akumulator AGM 12 V 3,6 Ah to akumulator bezobs\u0142ugowy przeznaczony do system\u00f3w alarmowych i telekomunikacyjnych wymagaj\u0105cych \u017ar\u00f3d\u0142a zasilania o napi\u0119ciu 12 V.<\/p>\n<p>Dzi\u0119ki d\u0142ugiej \u017cywotno\u015bci i odporno\u015bci na g\u0142\u0119bokie roz\u0142adowania gwarantuje, \u017ce Tw\u00f3j system b\u0119dzie niezawodnie zasilany przez okres do trzech lat.<\/p>","protected":false},"featured_media":156159,"template":"","meta":{"_acf_changed":false},"product_brand":[],"product_cat":[1596,1862],"product_tag":[2179,2419,2426],"class_list":{"0":"post-56989","1":"product","2":"type-product","3":"status-publish","4":"has-post-thumbnail","6":"product_cat-ackumulatorer-12v-agm-batterier","7":"product_cat-batterier-knappcell","8":"product_tag-batteri-1-6-ah-2","9":"product_tag-rel-batteri","10":"product_tag-rel-risco","11":"product_shipping_class-tunga-paket","12":"tm-no-options","14":"first","15":"instock","16":"sale","17":"featured","18":"taxable","19":"shipping-taxable","20":"purchasable","21":"product-type-simple"},"acf":[],"_links":{"self":[{"href":"https:\/\/secureus.se\/pl\/wp-json\/wp\/v2\/product\/56989","targetHints":{"allow":["GET"]}}],"collection":[{"href":"https:\/\/secureus.se\/pl\/wp-json\/wp\/v2\/product"}],"about":[{"href":"https:\/\/secureus.se\/pl\/wp-json\/wp\/v2\/types\/product"}],"wp:featuredmedia":[{"embeddable":true,"href":"https:\/\/secureus.se\/pl\/wp-json\/wp\/v2\/media\/156159"}],"wp:attachment":[{"href":"https:\/\/secureus.se\/pl\/wp-json\/wp\/v2\/media?parent=56989"}],"wp:term":[{"taxonomy":"product_brand","embeddable":true,"href":"https:\/\/secureus.se\/pl\/wp-json\/wp\/v2\/product_brand?post=56989"},{"taxonomy":"product_cat","embeddable":true,"href":"https:\/\/secureus.se\/pl\/wp-json\/wp\/v2\/product_cat?post=56989"},{"taxonomy":"product_tag","embeddable":true,"href":"https:\/\/secureus.se\/pl\/wp-json\/wp\/v2\/product_tag?post=56989"}],"curies":[{"name":"wp","href":"https:\/\/api.w.org\/{rel}","templated":true}]}}