{"id":56992,"date":"2022-03-10T15:57:00","date_gmt":"2022-03-10T14:57:00","guid":{"rendered":"https:\/\/secureus.se\/produkt\/ackumulator-batteri-agm-helios-12v-18ah-med-flatstiftanslutning\/"},"modified":"2026-04-29T15:29:02","modified_gmt":"2026-04-29T13:29:02","slug":"agm-batteri-12v18ah","status":"publish","type":"product","link":"https:\/\/secureus.se\/pl\/agm-batteri-12v18ah\/","title":{"rendered":"Akumulator 12V 18Ah HELIOS Z\u0142\u0105cze p\u0142askie, \u017cywotno\u015b\u0107 5\u20138 lat, wersja Pro"},"content":{"rendered":"<h2 data-start=\"191\" data-end=\"275\"><strong data-start=\"194\" data-end=\"275\">Akumulator AGM 12 V 18 Ah \u2013 HELIOS AGM z p\u0142askim z\u0142\u0105czem (\u017cywotno\u015b\u0107 5\u20138 lat)<\/strong><\/h2>\n<p data-start=\"277\" data-end=\"346\"><strong data-start=\"277\" data-end=\"346\">Niezawodne zasilanie system\u00f3w alarmowych, UPS-\u00f3w i system\u00f3w telekomunikacyjnych<\/strong><\/p>\n<p data-start=\"348\" data-end=\"592\">Helios AGM 12V 18Ah to <strong data-start=\"375\" data-end=\"429\">bezobs\u0142ugowy akumulator kwasowo-o\u0142owiowy z p\u0142askim z\u0142\u0105czem bolcowym<\/strong> (nie \u015bruba), kt\u00f3ra zapewnia stabilny i d\u0142ugotrwa\u0142y efekt. Idealna do <strong data-start=\"496\" data-end=\"540\">systemy bezpiecze\u0144stwa, zasilanie awaryjne (UPS)<\/strong> i innych system\u00f3w, w kt\u00f3rych niezawodno\u015b\u0107 ma kluczowe znaczenie.<\/p>\n<hr data-start=\"594\" data-end=\"597\" \/>\n<h3 data-start=\"599\" data-end=\"620\"><strong data-start=\"606\" data-end=\"620\">Charakterystyka<\/strong><\/h3>\n<ul data-start=\"621\" data-end=\"788\">\n<li data-start=\"621\" data-end=\"640\">\n<p data-start=\"623\" data-end=\"640\">Wolta\u017c: <strong data-start=\"633\" data-end=\"640\">12 V<\/strong><\/p>\n<\/li>\n<li data-start=\"641\" data-end=\"662\">\n<p data-start=\"643\" data-end=\"662\">Pojemno\u015b\u0107: <strong data-start=\"654\" data-end=\"662\">18Ah<\/strong><\/p>\n<\/li>\n<li data-start=\"663\" data-end=\"704\">\n<p data-start=\"665\" data-end=\"704\">Po\u0142\u0105czenie: <strong data-start=\"677\" data-end=\"704\">P\u0142aski trzpie\u0144 (F2 \/ 6,3 mm)<\/strong><\/p>\n<\/li>\n<li data-start=\"705\" data-end=\"728\">\n<p data-start=\"707\" data-end=\"728\">\u017bycie: <strong data-start=\"718\" data-end=\"728\">5\u20138 lat<\/strong><\/p>\n<\/li>\n<li data-start=\"729\" data-end=\"769\">\n<p data-start=\"731\" data-end=\"769\">Rozmiar: <strong data-start=\"740\" data-end=\"769\">181 \u00d7 77 \u00d7 167 mm (d\u0142. \u00d7 szer. \u00d7 wys.)<\/strong><\/p>\n<\/li>\n<li data-start=\"770\" data-end=\"788\">\n<p data-start=\"772\" data-end=\"788\">Waga: <strong data-start=\"778\" data-end=\"788\">5,1 kg<\/strong><\/p>\n<\/li>\n<\/ul>\n<hr data-start=\"790\" data-end=\"793\" \/>\n<h3 data-start=\"795\" data-end=\"835\"><strong data-start=\"802\" data-end=\"835\">Jako\u015b\u0107 i niezawodno\u015b\u0107<\/strong><\/h3>\n<p data-start=\"836\" data-end=\"1072\">Akumulatory AGM Helios s\u0105 produkowane z wysok\u0105 precyzj\u0105 i <strong data-start=\"890\" data-end=\"921\">niski wsp\u00f3\u0142czynnik b\u0142\u0119d\u00f3w poni\u017cej 0,03 %<\/strong> z fabryki.<br data-start=\"934\" data-end=\"937\" \/>Ka\u017cda bateria spe\u0142nia <strong data-start=\"961\" data-end=\"1009\">CE, UL, RoHS, ISO9000, ISO14000 i ISO18000<\/strong> \u2013 co gwarantuje wysok\u0105 jako\u015b\u0107, wydajno\u015b\u0107 i bezpieczn\u0105 eksploatacj\u0119.<\/p>\n<hr data-start=\"1074\" data-end=\"1077\" \/>\n<h3 data-start=\"1079\" data-end=\"1098\"><strong data-start=\"1086\" data-end=\"1098\">Korzy\u015bci<\/strong><\/h3>\n<ul data-start=\"1099\" data-end=\"1307\">\n<li data-start=\"1099\" data-end=\"1140\">\n<p data-start=\"1101\" data-end=\"1140\">Wysoka wydajno\u015b\u0107 i niskie samoroz\u0142adowanie<\/p>\n<\/li>\n<li data-start=\"1141\" data-end=\"1171\">\n<p data-start=\"1143\" data-end=\"1171\">Konstrukcja bezobs\u0142ugowa<\/p>\n<\/li>\n<li data-start=\"1172\" data-end=\"1216\">\n<p data-start=\"1174\" data-end=\"1216\">Zoptymalizowany dla <strong data-start=\"1188\" data-end=\"1214\">operacje tworzenia kopii zapasowych i awaryjne<\/strong><\/p>\n<\/li>\n<li data-start=\"1217\" data-end=\"1257\">\n<p data-start=\"1219\" data-end=\"1257\">Wytrzymuje cz\u0119ste \u0142adowanie i roz\u0142adowywanie<\/p>\n<\/li>\n<li data-start=\"1258\" data-end=\"1307\">\n<p data-start=\"1260\" data-end=\"1307\">Stabilna praca nawet przy zmiennych temperaturach<\/p>\n<\/li>\n<\/ul>\n<hr data-start=\"1309\" data-end=\"1312\" \/>\n<h3 data-start=\"1314\" data-end=\"1342\"><strong data-start=\"1320\" data-end=\"1342\">Obszary zastosowa\u0144<\/strong><\/h3>\n<ul data-start=\"1343\" data-end=\"1459\">\n<li data-start=\"1343\" data-end=\"1383\">\n<p data-start=\"1345\" data-end=\"1383\">Systemy alarmowe i urz\u0105dzenia zabezpieczaj\u0105ce<\/p>\n<\/li>\n<li data-start=\"1384\" data-end=\"1407\">\n<p data-start=\"1386\" data-end=\"1407\">UPS i zasilanie rezerwowe<\/p>\n<\/li>\n<li data-start=\"1408\" data-end=\"1428\">\n<p data-start=\"1410\" data-end=\"1428\">Obiekty telekomunikacyjne<\/p>\n<\/li>\n<li data-start=\"1429\" data-end=\"1459\">\n<p data-start=\"1431\" data-end=\"1459\">O\u015bwietlenie awaryjne i alarmy operacyjne<\/p>\n<\/li>\n<\/ul>\n<hr data-start=\"1461\" data-end=\"1464\" \/>\n<p data-start=\"1466\" data-end=\"1697\"><strong data-start=\"1466\" data-end=\"1487\">Seria Helios AGM<\/strong> Dost\u0119pne w r\u00f3\u017cnych pojemno\u015bciach (7\u201345Ah), aby sprosta\u0107 r\u00f3\u017cnym potrzebom.<br data-start=\"1549\" data-end=\"1552\" \/>Niezale\u017cnie od tego, czy prowadzisz firm\u0119 ochroniarsk\u0105, czy instalujesz systemy UPS, mo\u017cesz liczy\u0107 na <strong data-start=\"1642\" data-end=\"1656\">Walne zgromadzenie Helios<\/strong> dostarcza energi\u0119, gdy jest ona najbardziej potrzebna.<\/p>","protected":false},"excerpt":{"rendered":"<p>Bateria AGM 18 AH 5-letnia \u017cywotno\u015b\u0107 do system\u00f3w telekomunikacyjnych, alarmowych i bezpiecze\u0144stwa. Wyposa\u017cony w s\u0142upek na trzpie\u0144 p\u0142aski (nie \u015brubowy)<\/p>\n<p>Zapraszamy do zapoznania si\u0119 z nasz\u0105 ofert\u0105 akumulator\u00f3w Helios AGM, znanych r\u00f3wnie\u017c jako akumulatory zaprojektowane tak, aby spe\u0142nia\u0107 wymagania system\u00f3w alarmowych, UPS-\u00f3w, system\u00f3w telekomunikacyjnych i innych.<\/p>\n<p>Dzi\u0119ki pojemno\u015bci 18Ah i napi\u0119ciu 12V nasze akumulatory zapewniaj\u0105 niezawodne i d\u0142ugotrwa\u0142e zasilanie do r\u00f3\u017cnych zastosowa\u0144, w tym rozwi\u0105za\u0144 rezerwowych.<\/p>","protected":false},"featured_media":159064,"template":"","meta":{"_acf_changed":false},"product_brand":[],"product_cat":[1596,2428],"product_tag":[4406,2423,2419,2422],"class_list":{"0":"post-56992","1":"product","2":"type-product","3":"status-publish","4":"has-post-thumbnail","6":"product_cat-ackumulatorer-12v-agm-batterier","7":"product_cat-stromforsorjning-batterier","8":"product_tag-batteri-13-45-ah","9":"product_tag-rel-larm-allman","10":"product_tag-rel-batteri","11":"product_tag-rel-brand","12":"product_shipping_class-tunga-paket","13":"pa_brands-stonehouse-security","14":"tm-no-options","16":"first","17":"onbackorder","18":"sale","19":"featured","20":"taxable","21":"shipping-taxable","22":"purchasable","23":"product-type-simple"},"acf":[],"_links":{"self":[{"href":"https:\/\/secureus.se\/pl\/wp-json\/wp\/v2\/product\/56992","targetHints":{"allow":["GET"]}}],"collection":[{"href":"https:\/\/secureus.se\/pl\/wp-json\/wp\/v2\/product"}],"about":[{"href":"https:\/\/secureus.se\/pl\/wp-json\/wp\/v2\/types\/product"}],"wp:featuredmedia":[{"embeddable":true,"href":"https:\/\/secureus.se\/pl\/wp-json\/wp\/v2\/media\/159064"}],"wp:attachment":[{"href":"https:\/\/secureus.se\/pl\/wp-json\/wp\/v2\/media?parent=56992"}],"wp:term":[{"taxonomy":"product_brand","embeddable":true,"href":"https:\/\/secureus.se\/pl\/wp-json\/wp\/v2\/product_brand?post=56992"},{"taxonomy":"product_cat","embeddable":true,"href":"https:\/\/secureus.se\/pl\/wp-json\/wp\/v2\/product_cat?post=56992"},{"taxonomy":"product_tag","embeddable":true,"href":"https:\/\/secureus.se\/pl\/wp-json\/wp\/v2\/product_tag?post=56992"}],"curies":[{"name":"wp","href":"https:\/\/api.w.org\/{rel}","templated":true}]}}