{"id":56995,"date":"2022-03-10T15:57:00","date_gmt":"2022-03-10T14:57:00","guid":{"rendered":"https:\/\/secureus.se\/produkt\/5-pack-knappcellsbatteri-lithium-cr2032-210-mah-3v-fran-pk-cell-ej-uppladningsbart\/"},"modified":"2026-04-28T13:02:53","modified_gmt":"2026-04-28T11:02:53","slug":"5-pack-knappcellsbatteri-lithium-cr2032-210-mah-3v-fran-pk-cell-ej-uppladningsbart","status":"publish","type":"product","link":"https:\/\/secureus.se\/pl\/5-pack-knappcellsbatteri-lithium-cr2032-210-mah-3v-fran-pk-cell-ej-uppladningsbart\/","title":{"rendered":"Bateria CR2032, 5 sztuk, bateria guzikowa, litowa"},"content":{"rendered":"<p>PK-cell Bateria pastylkowa 3V CR2032 to bardzo wszechstronna bateria, kt\u00f3ra sprawdza si\u0119 we wszystkich typach produkt\u00f3w wymagaj\u0105cych nieco wi\u0119cej, takich jak produkty bezpiecze\u0144stwa i inne produkty wymagaj\u0105ce d\u0142ugiej \u017cywotno\u015bci.<\/p>\n<p>Poniewa\u017c ten akumulator jest dost\u0119pny w praktycznym 5-paku, oszcz\u0119dzasz zar\u00f3wno na \u015brodowisku, jak i na kosztach innych ni\u017c zakup.<\/p>\n<p>Baterie charakteryzuj\u0105 si\u0119 imponuj\u0105c\u0105 wydajno\u015bci\u0105 i trwa\u0142o\u015bci\u0105, z kt\u00f3rej znane s\u0105 ogniwa PK.<\/p>","protected":false},"excerpt":{"rendered":"<p>PK-cell Bateria pastylkowa 3V CR2032 to bardzo wszechstronna bateria, kt\u00f3ra sprawdza si\u0119 we wszystkich typach produkt\u00f3w wymagaj\u0105cych nieco wi\u0119cej, takich jak produkty bezpiecze\u0144stwa i inne produkty wymagaj\u0105ce d\u0142ugiej \u017cywotno\u015bci. Poniewa\u017c to<\/p>","protected":false},"featured_media":144980,"template":"","meta":{"_acf_changed":false},"product_brand":[],"product_cat":[1324,1862],"product_tag":[2419],"class_list":{"0":"post-56995","1":"product","2":"type-product","3":"status-publish","4":"has-post-thumbnail","6":"product_cat-outlet","7":"product_cat-batterier-knappcell","8":"product_tag-rel-batteri","9":"product_shipping_class-postnord-varubrev","10":"pa_brands-pk-cell","11":"tm-no-options","13":"first","14":"instock","15":"sale","16":"featured","17":"taxable","18":"shipping-taxable","19":"purchasable","20":"product-type-simple"},"acf":[],"_links":{"self":[{"href":"https:\/\/secureus.se\/pl\/wp-json\/wp\/v2\/product\/56995","targetHints":{"allow":["GET"]}}],"collection":[{"href":"https:\/\/secureus.se\/pl\/wp-json\/wp\/v2\/product"}],"about":[{"href":"https:\/\/secureus.se\/pl\/wp-json\/wp\/v2\/types\/product"}],"wp:featuredmedia":[{"embeddable":true,"href":"https:\/\/secureus.se\/pl\/wp-json\/wp\/v2\/media\/144980"}],"wp:attachment":[{"href":"https:\/\/secureus.se\/pl\/wp-json\/wp\/v2\/media?parent=56995"}],"wp:term":[{"taxonomy":"product_brand","embeddable":true,"href":"https:\/\/secureus.se\/pl\/wp-json\/wp\/v2\/product_brand?post=56995"},{"taxonomy":"product_cat","embeddable":true,"href":"https:\/\/secureus.se\/pl\/wp-json\/wp\/v2\/product_cat?post=56995"},{"taxonomy":"product_tag","embeddable":true,"href":"https:\/\/secureus.se\/pl\/wp-json\/wp\/v2\/product_tag?post=56995"}],"curies":[{"name":"wp","href":"https:\/\/api.w.org\/{rel}","templated":true}]}}