{"id":56998,"date":"2022-03-10T15:57:00","date_gmt":"2022-03-10T14:57:00","guid":{"rendered":"https:\/\/secureus.se\/produkt\/ackumulator-batteri-agm-helios-12v-28ah\/"},"modified":"2026-04-15T13:43:45","modified_gmt":"2026-04-15T11:43:45","slug":"agm-batteri-12v-28ah","status":"publish","type":"product","link":"https:\/\/secureus.se\/pl\/agm-batteri-12v-28ah\/","title":{"rendered":"Akumulator 12V 28Ah 8-10 lat Wersja Pro"},"content":{"rendered":"<h1>Bateria AGM 12V 28Ah Bateria HELIOS AGM 8-10 lat<\/h1>\n<h2>Niezawodne zasilanie alarm\u00f3w, UPS i system\u00f3w telekomunikacyjnych<\/h2>\n<p>Witamy w naszej ofercie akumulator\u00f3w Helios AGM, znanych r\u00f3wnie\u017c jako akumulatory, zaprojektowanych z my\u015bl\u0105 o potrzebach system\u00f3w alarmowych, UPS i telekomunikacji.<\/p>\n<p>Dzi\u0119ki pojemno\u015bci 28Ah i napi\u0119ciu 12V nasze akumulatory zapewniaj\u0105 niezawodne i d\u0142ugotrwa\u0142e zasilanie do r\u00f3\u017cnych zastosowa\u0144, w tym rozwi\u0105za\u0144 rezerwowych.<\/p>\n<h3>Koncentracja na jako\u015bci<\/h3>\n<p>Nasze akumulatory Helios AGM s\u0105 produkowane przez starannie wybranych producent\u00f3w, k\u0142ad\u0105cych du\u017cy nacisk na jako\u015b\u0107. Wszystkie akumulatory posiadaj\u0105 certyfikaty ISO dotycz\u0105ce jako\u015bci i ochrony \u015brodowiska, co gwarantuje wysoki standard wydajno\u015bci i niezawodno\u015bci.<\/p>\n<h3>Akumulator AGM 12V 28Ah o bardzo niskiej awaryjno\u015bci<\/h3>\n<p>Dzi\u0119ki bardzo niskiemu wsp\u00f3\u0142czynnikowi awaryjno\u015bci wynosz\u0105cemu mniej ni\u017c 0,03% w fabryce, mo\u017cesz mie\u0107 pewno\u015b\u0107, \u017ce nasze akumulatory Helios AGM zosta\u0142y zaprojektowane tak, aby wytrzyma\u0107 i zapewnia\u0107 niezawodn\u0105 moc przez d\u0142ugi czas.<\/p>\n<h3>Zoptymalizowany koszt<\/h3>\n<p>Nasz\u0105 ambicj\u0105 jest m\u00f3c zaoferowa\u0107 Twojemu magazynowi te wysokiej jako\u015bci akumulatory AGM po najni\u017cszej mo\u017cliwej cenie, aby\u015b m\u00f3g\u0142 mie\u0107 dost\u0119p do niezawodnego zasilania bez utraty jako\u015bci.<\/p>\n<h3>U\u017cyj do tworzenia kopii zapasowych<\/h3>\n<p>Seria Helios oferuje szeroki zakres pojemno\u015bci akumulator\u00f3w od 7 do 45 Ah, dzi\u0119ki czemu mo\u017cna znale\u017a\u0107 odpowiednie rozwi\u0105zanie dla konkretnych potrzeb w zakresie zasilania awaryjnego w zakresie alarm\u00f3w, UPS i telekomunikacji.<\/p>\n<p>Dzi\u0119ki akumulatorowi Helios AGM mo\u017cesz mie\u0107 pewno\u015b\u0107, \u017ce masz niezawodne i ekonomiczne rozwi\u0105zanie w zakresie zasilania rezerwowego, niezale\u017cnie od tego, czy dotyczy to alarm\u00f3w, UPS czy urz\u0105dze\u0144 telekomunikacyjnych wymagaj\u0105cych dzia\u0142ania rezerwowego.<\/p>\n<p>Rozmiar 181x77x167 (dxsxw)<\/p>\n<p>Rozmiar 175x166x126 (dxsxw)<\/p>\n<p>Waga 9 kg<\/p>\n<p><span class=\"ui-provider a b c d e f g h i j k l m n o p q r s t u v w x y z ab ac ae af ag ah ai aj ak\" dir=\"ltr\">Baterie Helios produkowane s\u0105 z nast\u0119puj\u0105cymi certyfikatami: CE, UL, ROSH, ISO9000, ISO14000 i ISO18000<\/span><\/p>","protected":false},"excerpt":{"rendered":"<p>Bateria AGM 28 AH \u017bywotno\u015b\u0107 8-10 lat do system\u00f3w telekomunikacyjnych, alarmowych i bezpiecze\u0144stwa.<\/p>","protected":false},"featured_media":0,"template":"","meta":{"_acf_changed":false},"product_brand":[],"product_cat":[1596],"product_tag":[4406],"class_list":{"0":"post-56998","1":"product","2":"type-product","3":"status-publish","5":"product_cat-ackumulatorer-12v-agm-batterier","6":"product_tag-batteri-13-45-ah","7":"product_shipping_class-tunga-paket","8":"pa_brands-stonehouse-security","9":"tm-no-options","11":"first","12":"onbackorder","13":"sale","14":"featured","15":"taxable","16":"shipping-taxable","17":"purchasable","18":"product-type-simple"},"acf":[],"_links":{"self":[{"href":"https:\/\/secureus.se\/pl\/wp-json\/wp\/v2\/product\/56998","targetHints":{"allow":["GET"]}}],"collection":[{"href":"https:\/\/secureus.se\/pl\/wp-json\/wp\/v2\/product"}],"about":[{"href":"https:\/\/secureus.se\/pl\/wp-json\/wp\/v2\/types\/product"}],"wp:attachment":[{"href":"https:\/\/secureus.se\/pl\/wp-json\/wp\/v2\/media?parent=56998"}],"wp:term":[{"taxonomy":"product_brand","embeddable":true,"href":"https:\/\/secureus.se\/pl\/wp-json\/wp\/v2\/product_brand?post=56998"},{"taxonomy":"product_cat","embeddable":true,"href":"https:\/\/secureus.se\/pl\/wp-json\/wp\/v2\/product_cat?post=56998"},{"taxonomy":"product_tag","embeddable":true,"href":"https:\/\/secureus.se\/pl\/wp-json\/wp\/v2\/product_tag?post=56998"}],"curies":[{"name":"wp","href":"https:\/\/api.w.org\/{rel}","templated":true}]}}