{"id":56999,"date":"2022-03-10T15:57:00","date_gmt":"2022-03-10T14:57:00","guid":{"rendered":"https:\/\/secureus.se\/produkt\/lithium-extra-longlife-9-volts-batteri-fran-pk-cell-ej-uppladdningsbart\/"},"modified":"2026-04-30T08:38:35","modified_gmt":"2026-04-30T06:38:35","slug":"9v-batteri-lithium-cr9v-long-life-1200mah","status":"publish","type":"product","link":"https:\/\/secureus.se\/pl\/9v-batteri-lithium-cr9v-long-life-1200mah\/","title":{"rendered":"Bateria litowa 9 V CR9V \u2013 d\u0142uga \u017cywotno\u015b\u0107 1200 mAh"},"content":{"rendered":"<h1><strong>Bateria litowa 9 V CR9V \u2013 d\u0142uga \u017cywotno\u015b\u0107 1200 mAh<\/strong><\/h1>\n<p>Ta wydajna bateria CR9V o pojemno\u015bci 1200 mAh jest idealnym rozwi\u0105zaniem do zastosowa\u0144 wymagaj\u0105cych dodatkowej mocy i d\u0142ugotrwa\u0142ej wydajno\u015bci.<\/p>\n<p>Technologia litowa oznacza, \u017ce bateria dzia\u0142a znacznie d\u0142u\u017cej ni\u017c standardowe baterie alkaliczne, a jej zwi\u0119kszona pojemno\u015b\u0107 sprawia, \u017ce rzadko trzeba j\u0105 wymienia\u0107.<\/p>\n<p><strong>Zalety baterii litowej w por\u00f3wnaniu do baterii alkalicznych:<\/strong><\/p>\n<ul>\n<li>D\u0142u\u017csza \u017cywotno\u015b\u0107: do 3-5 razy d\u0142u\u017csza ni\u017c baterie alkaliczne.<\/li>\n<li>Niezawodne dzia\u0142anie w ekstremalnych temperaturach: wytrzymuje od -40\u00b0C do +60\u00b0C bez wp\u0142ywu na wydajno\u015b\u0107.<\/li>\n<li>Wy\u017csza g\u0119sto\u015b\u0107 energii: Idealny do sprz\u0119tu b\u0119d\u0105cego w ci\u0105g\u0142ym u\u017cyciu, takiego jak alarmy bezpiecze\u0144stwa, czujniki przeciwpo\u017carowe i sprz\u0119t medyczny.<\/li>\n<li>Mniejsza waga: baterie litowe wa\u017c\u0105 mniej ni\u017c ich alkaliczne odpowiedniki, co u\u0142atwia obs\u0142ug\u0119 w urz\u0105dzeniach przeno\u015bnych.<\/li>\n<\/ul>\n<p><strong>Obszary zastosowania:<\/strong><\/p>\n<ul>\n<li>Sprz\u0119t zabezpieczaj\u0105cy, taki jak alarmy przeciwpo\u017carowe i antyw\u0142amaniowe.<\/li>\n<li>Sprz\u0119t medyczny.<\/li>\n<li>Urz\u0105dzenia elektroniczne w ekstremalnych warunkach.<\/li>\n<li>Zastosowanie profesjonalne, gdzie wymagana jest d\u0142ugotrwa\u0142a eksploatacja.<\/li>\n<\/ul>\n<p><strong>Specyfikacja produktu:<\/strong><\/p>\n<ul>\n<li>Typ: litowo 9 V (CR9V)<\/li>\n<li>Pojemno\u015b\u0107: 1200 mAh<\/li>\n<li>Temperatura pracy: -40\u00b0C do +60\u00b0C<\/li>\n<li>D\u0142uga \u017cywotno\u015b\u0107 dla wymagaj\u0105cych zastosowa\u0144<\/li>\n<\/ul>\n<p>Zainwestuj w akumulator, kt\u00f3ry zapewni niezawodne i d\u0142ugotrwa\u0142e dzia\u0142anie w Twoich najbardziej wymagaj\u0105cych urz\u0105dzeniach.<\/p>","protected":false},"excerpt":{"rendered":"<p>Ta bateria litowa 9 V (CR9V) o pojemno\u015bci 1200 mAh jest przeznaczona do wymagaj\u0105cych zastosowa\u0144, takich jak produkty bezpiecze\u0144stwa i sprz\u0119t u\u017cywany w ekstremalnych temperaturach. Dzi\u0119ki d\u0142ugiej \u017cywotno\u015bci i niezawodnemu dzia\u0142aniu wytrzymuje temperatury robocze od -40\u00b0C do +60\u00b0C. Wi\u0119ksza trwa\u0142o\u015b\u0107 ni\u017c baterie alkaliczne.<\/p>","protected":false},"featured_media":145295,"template":"","meta":{"_acf_changed":false},"product_brand":[],"product_cat":[1862],"product_tag":[2419],"class_list":{"0":"post-56999","1":"product","2":"type-product","3":"status-publish","4":"has-post-thumbnail","6":"product_cat-batterier-knappcell","7":"product_tag-rel-batteri","8":"product_shipping_class-postnord-varubrev","9":"pa_brands-pk-cell","10":"tm-no-options","12":"first","13":"instock","14":"sale","15":"featured","16":"taxable","17":"shipping-taxable","18":"purchasable","19":"product-type-simple"},"acf":[],"_links":{"self":[{"href":"https:\/\/secureus.se\/pl\/wp-json\/wp\/v2\/product\/56999","targetHints":{"allow":["GET"]}}],"collection":[{"href":"https:\/\/secureus.se\/pl\/wp-json\/wp\/v2\/product"}],"about":[{"href":"https:\/\/secureus.se\/pl\/wp-json\/wp\/v2\/types\/product"}],"wp:featuredmedia":[{"embeddable":true,"href":"https:\/\/secureus.se\/pl\/wp-json\/wp\/v2\/media\/145295"}],"wp:attachment":[{"href":"https:\/\/secureus.se\/pl\/wp-json\/wp\/v2\/media?parent=56999"}],"wp:term":[{"taxonomy":"product_brand","embeddable":true,"href":"https:\/\/secureus.se\/pl\/wp-json\/wp\/v2\/product_brand?post=56999"},{"taxonomy":"product_cat","embeddable":true,"href":"https:\/\/secureus.se\/pl\/wp-json\/wp\/v2\/product_cat?post=56999"},{"taxonomy":"product_tag","embeddable":true,"href":"https:\/\/secureus.se\/pl\/wp-json\/wp\/v2\/product_tag?post=56999"}],"curies":[{"name":"wp","href":"https:\/\/api.w.org\/{rel}","templated":true}]}}