{"id":57058,"date":"2022-03-10T15:47:00","date_gmt":"2022-03-10T14:47:00","guid":{"rendered":"https:\/\/secureus.se\/produkt\/rokdetektor-kombi-stallbart-val-rok-varme-certifierad-en54-5-en54-7\/"},"modified":"2026-04-01T13:58:48","modified_gmt":"2026-04-01T11:58:48","slug":"tsd-1-rokdetektor-kombi-rok-varme-en54","status":"publish","type":"product","link":"https:\/\/secureus.se\/pl\/tsd-1-rokdetektor-kombi-rok-varme-en54\/","title":{"rendered":"Detektor dymu i ciep\u0142a TSD-1 Combi \u2013 programowalny \u2013 EN54 \u2013 uniwersalny dla wszystkich alarm\u00f3w"},"content":{"rendered":"<h1>Detektor dymu TSD-1 Combi Smoke &amp; Heat \u2013 certyfikowany zgodnie z norm\u0105 EN54<\/h1>\n<p>TSD-1 to zaawansowany wieloczujnikowy detektor \u0142\u0105cz\u0105cy w sobie czujniki dymu i ciep\u0142a w celu wczesnego wykrywania po\u017caru.<\/p>\n<p>Idealnie nadaje si\u0119 do budynk\u00f3w mieszkalnych i komercyjnych, zapewniaj\u0105c niezr\u00f3wnane bezpiecze\u0144stwo i niezawodno\u015b\u0107.<\/p>\n<h2>G\u0142\u00f3wne funkcje<\/h2>\n<ul>\n<li><strong>Podw\u00f3jne wykrywanie:<\/strong> Czujniki dymu i ciep\u0142a wsp\u00f3\u0142pracuj\u0105 ze sob\u0105, aby szybko wykrywa\u0107 potencjalne po\u017cary.<\/li>\n<li><strong>Certyfikowane bezpiecze\u0144stwo:<\/strong> Spe\u0142nia norm\u0119 EN54-7 w zakresie wykrywania dymu i norm\u0119 EN54-5 w zakresie wykrywania ciep\u0142a.<\/li>\n<li><strong>Inteligentne programowanie:<\/strong> Aby uzyska\u0107 optymaln\u0105 wydajno\u015b\u0107, mo\u017cna dostosowa\u0107 ustawienia detektora za pomoc\u0105 prze\u0142\u0105cznik\u00f3w DIP.<\/li>\n<li><strong>Filtr heksamesh:<\/strong> Chroni przed kurzem i owadami, zapewniaj\u0105c wi\u0119ksz\u0105 trwa\u0142o\u015b\u0107 i czu\u0142o\u015b\u0107.<\/li>\n<li><strong>Wska\u017anik wizualny:<\/strong> Czerwona dioda LED sygnalizuje alarm, zanieczyszczenie komory lub nieprawid\u0142ow\u0105 konfiguracj\u0119.<\/li>\n<\/ul>\n<h2>Korzy\u015bci<\/h2>\n<p>Urz\u0105dzenie TSD-1 zaprojektowano z my\u015bl\u0105 o \u0142atwej instalacji i konserwacji. Dzi\u0119ki kompaktowej konstrukcji urz\u0105dzenie pasuje do wi\u0119kszo\u015bci pomieszcze\u0144 i oferuje niezawodny monitoring 24 godziny na dob\u0119, 7 dni w tygodniu.<\/p>\n<p>Funkcja wieloczujnikowa gwarantuje szybk\u0105 i dok\u0142adn\u0105 reakcj\u0119 na wzrost poziomu dymu i ciep\u0142a.<\/p>\n<h2>Specyfikacja techniczna<\/h2>\n<ul>\n<li><strong>Napi\u0119cie zasilania:<\/strong> 12V pr\u0105du sta\u0142ego \u00b115 %<\/li>\n<li><strong>Temperatura pracy:<\/strong> -10\u00b0C do +55\u00b0C<\/li>\n<li><strong>Pob\u00f3r mocy w trybie czuwania:<\/strong> 0,25 mA<\/li>\n<li><strong>Wymiary:<\/strong> \u00d8108 x 61 mm<\/li>\n<li><strong>Orzecznictwo:<\/strong> PN-EN54-5, PN-EN54-7<\/li>\n<\/ul>\n<p>Zainwestuj w bezpiecze\u0144stwo z TSD-1 i chro\u0144 swoich bliskich przed ryzykiem po\u017caru.<\/p>","protected":false},"excerpt":{"rendered":"<p><strong>Detektor dymu TSD-1 Combi Smoke &amp; Heat \u2013 certyfikowany zgodnie z norm\u0105 EN54<\/strong><br \/>\nWykrywaj po\u017cary na wczesnym etapie dzi\u0119ki po\u0142\u0105czeniu czujnik\u00f3w dymu i ciep\u0142a w urz\u0105dzeniu TSD-1.<\/p>\n<p>Certyfikowany zgodnie z norm\u0105 EN54, z inteligentnym programowaniem i wysok\u0105 czu\u0142o\u015bci\u0105 dla wi\u0119kszego bezpiecze\u0144stwa.<\/p>","protected":false},"featured_media":145389,"template":"","meta":{"_acf_changed":false},"product_brand":[],"product_cat":[3373,1756,4157],"product_tag":[2959],"class_list":{"0":"post-57058","1":"product","2":"type-product","3":"status-publish","4":"has-post-thumbnail","6":"product_cat-rokdetektorer","7":"product_cat-rokdetektorer-kolmonoxid","8":"product_cat-varmedetektor","9":"product_tag-certifierad-en54","10":"product_shipping_class-tunga-paket","11":"pa_brands-satel","12":"tm-no-options","14":"first","15":"instock","16":"sale","17":"featured","18":"taxable","19":"shipping-taxable","20":"purchasable","21":"product-type-simple"},"acf":[],"_links":{"self":[{"href":"https:\/\/secureus.se\/pl\/wp-json\/wp\/v2\/product\/57058","targetHints":{"allow":["GET"]}}],"collection":[{"href":"https:\/\/secureus.se\/pl\/wp-json\/wp\/v2\/product"}],"about":[{"href":"https:\/\/secureus.se\/pl\/wp-json\/wp\/v2\/types\/product"}],"wp:featuredmedia":[{"embeddable":true,"href":"https:\/\/secureus.se\/pl\/wp-json\/wp\/v2\/media\/145389"}],"wp:attachment":[{"href":"https:\/\/secureus.se\/pl\/wp-json\/wp\/v2\/media?parent=57058"}],"wp:term":[{"taxonomy":"product_brand","embeddable":true,"href":"https:\/\/secureus.se\/pl\/wp-json\/wp\/v2\/product_brand?post=57058"},{"taxonomy":"product_cat","embeddable":true,"href":"https:\/\/secureus.se\/pl\/wp-json\/wp\/v2\/product_cat?post=57058"},{"taxonomy":"product_tag","embeddable":true,"href":"https:\/\/secureus.se\/pl\/wp-json\/wp\/v2\/product_tag?post=57058"}],"curies":[{"name":"wp","href":"https:\/\/api.w.org\/{rel}","templated":true}]}}