{"id":57082,"date":"2022-03-10T15:42:00","date_gmt":"2022-03-10T14:42:00","guid":{"rendered":"https:\/\/secureus.se\/produkt\/las-till-kapsling-2-nycklar\/"},"modified":"2025-12-31T19:54:41","modified_gmt":"2025-12-31T18:54:41","slug":"las-till-kapsling-2-nycklar-neo","status":"publish","type":"product","link":"https:\/\/secureus.se\/pl\/las-till-kapsling-2-nycklar-neo\/","title":{"rendered":"Zamek do obudowy - 2 klucze NEO"},"content":{"rendered":"<h1>Zamek do obudowy \u2014 2 klucze NEO \u2014 zabezpiecz i chro\u0144 sw\u00f3j system bezpiecze\u0144stwa<\/h1>\n<p>Chro\u0144 swoje wra\u017cliwe komponenty i systemy bezpiecze\u0144stwa za pomoc\u0105 <strong>Zamek do obudowy - 2 klucze NEO<\/strong>.<\/p>\n<p>To rozwi\u0105zanie ma na celu zapewnienie maksymalnego bezpiecze\u0144stwa obud\u00f3w i jest kompatybilne z <strong>DSC NEO<\/strong>, <strong>Paradoks<\/strong>, I <strong>System Risco<\/strong>.<\/p>\n<p>Dzi\u0119ki dw\u00f3m do\u0142\u0105czonym kluczom zamek ten zapewnia zar\u00f3wno bezpiecze\u0144stwo, jak i \u0142atwy dost\u0119p.<\/p>\n<p>Jest to idealne rozwi\u0105zanie dla ka\u017cdego, kto chce mie\u0107 pewno\u015b\u0107, \u017ce jego instalacje bezpiecze\u0144stwa pozostan\u0105 chronione i nienaruszone.<\/p>\n<h5>G\u0142\u00f3wne funkcje<\/h5>\n<ul>\n<li><strong>Maksymalna ochrona<\/strong>: Uszczelnij obudowy i chro\u0144 wra\u017cliwe komponenty przed nieupowa\u017cnionym dost\u0119pem.<\/li>\n<li><strong>Elastyczno\u015b\u0107<\/strong>: Kompatybilny z systemami DSC NEO, Paradox i Risco.<\/li>\n<li><strong>Praktyczne zastosowanie<\/strong>: W zestawie dwa klucze zapewniaj\u0105ce \u0142atwy dost\u0119p i bezpiecze\u0144stwo.<\/li>\n<li><strong>Niezawodny projekt<\/strong>: Wysokiej jako\u015bci materia\u0142, kt\u00f3ry wytrzymuje codzienne u\u017cytkowanie i zapewnia d\u0142ug\u0105 \u017cywotno\u015b\u0107.<\/li>\n<\/ul>\n<h5>Korzy\u015bci<\/h5>\n<ul>\n<li><strong>\u0141atwa instalacja<\/strong>: Szybki monta\u017c na kompatybilnych obudowach.<\/li>\n<li><strong>Dodatkowe bezpiecze\u0144stwo<\/strong>: Dwa klawisze zapewniaj\u0105 elastyczno\u015b\u0107 i wygod\u0119 u\u017cytkowania.<\/li>\n<li><strong>Uniwersalna kompatybilno\u015b\u0107<\/strong>: Pasuje do wielu system\u00f3w i ma szerokie zastosowanie.<\/li>\n<\/ul>\n<h5>Obszary zastosowa\u0144<\/h5>\n<ul>\n<li><strong>Budynki Handlowe<\/strong>: Idealny dla biur i sklep\u00f3w, kt\u00f3re musz\u0105 chroni\u0107 swoje systemy bezpiecze\u0144stwa.<\/li>\n<li><strong>Nieruchomo\u015bci mieszkalne<\/strong>: Bezpieczne obudowy w domach i budynkach mieszkalnych.<\/li>\n<li><strong>Miejsca publiczne<\/strong>: Idealny dla szk\u00f3\u0142, szpitali i innych wra\u017cliwych \u015brodowisk.<\/li>\n<\/ul>\n<p>Z <strong>Zamek do obudowy - 2 klucze NEO<\/strong> otrzymujesz proste, bezpieczne i niezawodne rozwi\u0105zanie chroni\u0105ce Twoj\u0105 instalacj\u0119 bezpiecze\u0144stwa.<\/p>","protected":false},"excerpt":{"rendered":"<p>Zamek do obudowy za pomoc\u0105 dw\u00f3ch kluczy, idealny do ochrony system\u00f3w bezpiecze\u0144stwa.<\/p>\n<p>Kompatybilny z obudowami DSC NEO, Paradox i Risco.<\/p>","protected":false},"featured_media":144983,"template":"","meta":{"_acf_changed":false},"product_brand":[],"product_cat":[3323,1322,4186],"product_tag":[3311,3022,3031],"class_list":{"0":"post-57082","1":"product","2":"type-product","3":"status-publish","4":"has-post-thumbnail","6":"product_cat-kapsling","7":"product_cat-dsc-larm-neo-power-hybridlarm","8":"product_cat-skaplas-industrilas","9":"product_tag-dsc-neo-svensk-manual","10":"product_tag-neo-central-kapslingar","11":"product_tag-neo-ovriga-tillbehor","12":"product_shipping_class-postnord-varubrev","13":"pa_brands-4dsc","14":"pa_dsc-neo-hybridlarm-ovriga-tillbehor","15":"tm-has-options","17":"first","18":"instock","19":"featured","20":"taxable","21":"shipping-taxable","22":"purchasable","23":"product-type-simple"},"acf":[],"_links":{"self":[{"href":"https:\/\/secureus.se\/pl\/wp-json\/wp\/v2\/product\/57082","targetHints":{"allow":["GET"]}}],"collection":[{"href":"https:\/\/secureus.se\/pl\/wp-json\/wp\/v2\/product"}],"about":[{"href":"https:\/\/secureus.se\/pl\/wp-json\/wp\/v2\/types\/product"}],"wp:featuredmedia":[{"embeddable":true,"href":"https:\/\/secureus.se\/pl\/wp-json\/wp\/v2\/media\/144983"}],"wp:attachment":[{"href":"https:\/\/secureus.se\/pl\/wp-json\/wp\/v2\/media?parent=57082"}],"wp:term":[{"taxonomy":"product_brand","embeddable":true,"href":"https:\/\/secureus.se\/pl\/wp-json\/wp\/v2\/product_brand?post=57082"},{"taxonomy":"product_cat","embeddable":true,"href":"https:\/\/secureus.se\/pl\/wp-json\/wp\/v2\/product_cat?post=57082"},{"taxonomy":"product_tag","embeddable":true,"href":"https:\/\/secureus.se\/pl\/wp-json\/wp\/v2\/product_tag?post=57082"}],"curies":[{"name":"wp","href":"https:\/\/api.w.org\/{rel}","templated":true}]}}