{"id":57110,"date":"2022-03-10T15:42:00","date_gmt":"2022-03-10T14:42:00","guid":{"rendered":"https:\/\/secureus.se\/produkt\/dsc-neo-knappsats-tradbunden-hs2lcdrf-med-powerg-transceiver-engelsk-text\/"},"modified":"2026-05-04T14:25:57","modified_gmt":"2026-05-04T12:25:57","slug":"dsc-hardwired-keypad-powerg-hs2lcdrf-eng","status":"publish","type":"product","link":"https:\/\/secureus.se\/pl\/dsc-hardwired-keypad-powerg-hs2lcdrf-eng\/","title":{"rendered":"Klawiatura przewodowa DSC do radia PowerG HS2LCDRF obs\u0142uguje j\u0119zyki angielski, francuski, w\u0142oski, niemiecki, holenderski i polski."},"content":{"rendered":"<p><strong>Klawiatura przewodowa DSC PowerG HS2LCDRF<\/strong> to zaawansowana klawiatura przewodowa, kt\u00f3ra doskonale sprawdza si\u0119 w systemach alarmowych DSC NEO.<\/p>\n<p>Klawiatura ta wyposa\u017cona jest w czytelny wy\u015bwietlacz LCD, kt\u00f3ry wy\u015bwietla informacje w j\u0119zyku angielskim oraz obs\u0142uguje pi\u0119\u0107 innych j\u0119zyk\u00f3w: francuski, w\u0142oski, niemiecki, holenderski i polski.<\/p>\n<p>Dzi\u0119ki wbudowanemu odbiornikowi radiowemu, HS2LCDRF umo\u017cliwia pod\u0142\u0105czenie czujnik\u00f3w bezprzewodowych i innych produkt\u00f3w NEO, co zapewnia du\u017c\u0105 elastyczno\u015b\u0107 w instalacji i u\u017cytkowaniu.<\/p>\n<p>Klawiatura posiada dowolnie programowalne teksty dla stref i obszar\u00f3w alarmowych oraz umo\u017cliwia \u0142atwy odczyt pami\u0119ci zdarze\u0144 bezpo\u015brednio na wy\u015bwietlaczu.<\/p>\n<p>Posiada pi\u0119\u0107 klawiszy funkcyjnych do skr\u00f3t\u00f3w oraz trzy klawisze awaryjne umo\u017cliwiaj\u0105ce szybki dost\u0119p do wa\u017cnych funkcji.<\/p>\n<p>Pob\u00f3r pr\u0105du wynosi od 55 do 105 mA, co czyni go energooszcz\u0119dnym.<\/p>\n<p>Dodatkowo klawiatura oferuje intuicyjne mo\u017cliwo\u015bci programowania oraz przyjazn\u0105 dla u\u017cytkownika konstrukcj\u0119, dzi\u0119ki czemu jest idealnym rozwi\u0105zaniem zar\u00f3wno dla dom\u00f3w, jak i firm poszukuj\u0105cych niezawodnego i elastycznego bezpiecze\u0144stwa.<\/p>","protected":false},"excerpt":{"rendered":"<p>Klawiatura przewodowa DSC PowerG HS2LCDRF to klawiatura przewodowa z radiem, obs\u0142uguj\u0105ca j\u0119zyk angielski i pi\u0119\u0107 j\u0119zyk\u00f3w oraz oferuj\u0105ca elastyczne rozwi\u0105zania bezpiecze\u0144stwa dla systemu alarmowego NEO.<\/p>","protected":false},"featured_media":145220,"template":"","meta":{"_acf_changed":false},"product_brand":[],"product_cat":[3329,1322],"product_tag":[3311,3028,3029],"class_list":{"0":"post-57110","1":"product","2":"type-product","3":"status-publish","4":"has-post-thumbnail","6":"product_cat-knappsats-kod","7":"product_cat-dsc-larm-neo-power-hybridlarm","8":"product_tag-dsc-neo-svensk-manual","9":"product_tag-neo-knappsats-manoverpaneler","10":"product_tag-neo-dsc-knappsats-manoverpaneler","11":"product_shipping_class-postnord-varubrev","12":"pa_brands-4dsc","13":"pa_dsc-neo-hybridlarm-knappsatser","14":"tm-has-options","16":"first","17":"instock","18":"sale","19":"featured","20":"taxable","21":"shipping-taxable","22":"purchasable","23":"product-type-simple"},"acf":[],"_links":{"self":[{"href":"https:\/\/secureus.se\/pl\/wp-json\/wp\/v2\/product\/57110","targetHints":{"allow":["GET"]}}],"collection":[{"href":"https:\/\/secureus.se\/pl\/wp-json\/wp\/v2\/product"}],"about":[{"href":"https:\/\/secureus.se\/pl\/wp-json\/wp\/v2\/types\/product"}],"wp:featuredmedia":[{"embeddable":true,"href":"https:\/\/secureus.se\/pl\/wp-json\/wp\/v2\/media\/145220"}],"wp:attachment":[{"href":"https:\/\/secureus.se\/pl\/wp-json\/wp\/v2\/media?parent=57110"}],"wp:term":[{"taxonomy":"product_brand","embeddable":true,"href":"https:\/\/secureus.se\/pl\/wp-json\/wp\/v2\/product_brand?post=57110"},{"taxonomy":"product_cat","embeddable":true,"href":"https:\/\/secureus.se\/pl\/wp-json\/wp\/v2\/product_cat?post=57110"},{"taxonomy":"product_tag","embeddable":true,"href":"https:\/\/secureus.se\/pl\/wp-json\/wp\/v2\/product_tag?post=57110"}],"curies":[{"name":"wp","href":"https:\/\/api.w.org\/{rel}","templated":true}]}}