{"id":57112,"date":"2022-03-10T15:42:00","date_gmt":"2022-03-10T14:42:00","guid":{"rendered":"https:\/\/secureus.se\/produkt\/kapsling-large-till-neo-multi-80-va-trafo\/"},"modified":"2026-05-04T13:06:33","modified_gmt":"2026-05-04T11:06:33","slug":"dsc-kapsling-multi-80-va","status":"publish","type":"product","link":"https:\/\/secureus.se\/pl\/dsc-kapsling-multi-80-va\/","title":{"rendered":"Obudowa Multi (du\u017ca) z wbudowanym Trafo Multi 80 VA dla DSC \u2013 Paradox i Risco AWO300"},"content":{"rendered":"<h1><strong>Obudowa DSC Multi z wbudowan\u0105 moc\u0105 80 VA<\/strong> Transformator to solidne i wszechstronne rozwi\u0105zanie dla wszelkich instalacji alarmowych i telekomunikacyjnych.<\/h1>\n<p>Zosta\u0142 zaprojektowany tak, aby by\u0142 kompatybilny z systemami Risco, DSC NEO i Paradox, co czyni go doskona\u0142ym wyborem dla u\u017cytkownik\u00f3w poszukuj\u0105cych niezawodnego i bezpiecznego zasilania.<\/p>\n<p>Obudowa wykonana jest z blachy i posiada stopie\u0144 ochrony IP (IP20), co oznacza, \u017ce przeznaczona jest do u\u017cytku wewn\u0105trz pomieszcze\u0144.<\/p>\n<p>Transformator ma moc wyj\u015bciow\u0105 80 VA i dostarcza pr\u0105d do 5 A przy r\u00f3\u017cnych napi\u0119ciach (16VAC, 18VAC, 20VAC).<\/p>\n<p>Obudowa mie\u015bci akumulator 7Ah lub 17Ah i ma wymiary 320 x 400 x 120 mm (\u00b1 2 mm). Wyposa\u017cona jest tak\u017ce w styk sabota\u017cowy, zapewniaj\u0105cy dodatkow\u0105 ochron\u0119 przed nieuprawnionym dost\u0119pem. Obudow\u0119 mo\u017cna zamontowa\u0107 natynkowo, co u\u0142atwia instalacj\u0119 w r\u00f3\u017cnych \u015brodowiskach.<\/p>\n<p><strong>Specyfikacja techniczna:<\/strong><\/p>\n<ul>\n<li><strong>Aktualny:<\/strong> 5A \/ 16VAC, 4,5A \/ 18VAC, 4A \/ 20VAC<\/li>\n<li><strong>Pojemno\u015b\u0107 baterii:<\/strong> 1x7Ah \/ 1x17Ah<\/li>\n<li><strong>Mierzy\u0107:<\/strong> 320 x 400 x 120 mm (+\/- 2 mm)<\/li>\n<li><strong>Tworzywo:<\/strong> P\u0142yta<\/li>\n<li><strong>Ochrona IP:<\/strong> IP 20 (monta\u017c wewn\u0119trzny)<\/li>\n<\/ul>\n<p>Obudowa jest wydajnym i bezpiecznym rozwi\u0105zaniem dla instalacji wymagaj\u0105cych wysokiej jako\u015bci i niezawodno\u015bci.<\/p>\n<p>Jest to cz\u0119\u015b\u0107 zaanga\u017cowania DSC w oferowanie doskona\u0142ych rozwi\u0105za\u0144 bezpiecze\u0144stwa zar\u00f3wno dla dom\u00f3w, jak i firm.<\/p>","protected":false},"excerpt":{"rendered":"<p>DSC Enclosure Multi to du\u017ca obudowa z wbudowanym transformatorem 80 VA, idealna do instalacji DSC, Paradox i Risco.<\/p>\n<p>Zapewnia niezawodne zasilanie i doskonale sprawdza si\u0119 zar\u00f3wno w instalacjach alarmowych, jak i telekomunikacyjnych.<\/p>","protected":false},"featured_media":145079,"template":"","meta":{"_acf_changed":false},"product_brand":[],"product_cat":[3323,1322],"product_tag":[3311,3022],"class_list":{"0":"post-57112","1":"product","2":"type-product","3":"status-publish","4":"has-post-thumbnail","6":"product_cat-kapsling","7":"product_cat-dsc-larm-neo-power-hybridlarm","8":"product_tag-dsc-neo-svensk-manual","9":"product_tag-neo-central-kapslingar","10":"product_shipping_class-postnord-varubrev","11":"pa_brands-pulsar","12":"pa_dsc-neo-hybridlarm-kapslingar-boxar","13":"tm-has-options","15":"first","16":"instock","17":"sale","18":"featured","19":"taxable","20":"shipping-taxable","21":"purchasable","22":"product-type-simple"},"acf":[],"_links":{"self":[{"href":"https:\/\/secureus.se\/pl\/wp-json\/wp\/v2\/product\/57112","targetHints":{"allow":["GET"]}}],"collection":[{"href":"https:\/\/secureus.se\/pl\/wp-json\/wp\/v2\/product"}],"about":[{"href":"https:\/\/secureus.se\/pl\/wp-json\/wp\/v2\/types\/product"}],"wp:featuredmedia":[{"embeddable":true,"href":"https:\/\/secureus.se\/pl\/wp-json\/wp\/v2\/media\/145079"}],"wp:attachment":[{"href":"https:\/\/secureus.se\/pl\/wp-json\/wp\/v2\/media?parent=57112"}],"wp:term":[{"taxonomy":"product_brand","embeddable":true,"href":"https:\/\/secureus.se\/pl\/wp-json\/wp\/v2\/product_brand?post=57112"},{"taxonomy":"product_cat","embeddable":true,"href":"https:\/\/secureus.se\/pl\/wp-json\/wp\/v2\/product_cat?post=57112"},{"taxonomy":"product_tag","embeddable":true,"href":"https:\/\/secureus.se\/pl\/wp-json\/wp\/v2\/product_tag?post=57112"}],"curies":[{"name":"wp","href":"https:\/\/api.w.org\/{rel}","templated":true}]}}