{"id":57113,"date":"2022-03-10T15:42:00","date_gmt":"2022-03-10T14:42:00","guid":{"rendered":"https:\/\/secureus.se\/produkt\/dsc-neo-knappsats-tradbunden-hs2lcdp-prox-engelsk-text\/"},"modified":"2026-02-20T11:29:52","modified_gmt":"2026-02-20T10:29:52","slug":"dsc-hs2lcdp-hardwired-keypad-prox-eng","status":"publish","type":"product","link":"https:\/\/secureus.se\/pl\/dsc-hs2lcdp-hardwired-keypad-prox-eng\/","title":{"rendered":"Klawiatura przewodowa DSC HS2LCDP + Proxreader obs\u0142uguje j\u0119zyk angielski, francuski, w\u0142oski, niemiecki, holenderski i polski."},"content":{"rendered":"<p><strong>Klawiatura przewodowa DSC HS2LCDP Ok<\/strong> to wysokiej jako\u015bci manipulator przeznaczony do systemu alarmowego DSC NEO.<\/p>\n<p>Wyposa\u017cony jest w czytelny wy\u015bwietlacz LCD, kt\u00f3ry wy\u015bwietla informacje w j\u0119zyku angielskim oraz obs\u0142uguje pi\u0119\u0107 innych j\u0119zyk\u00f3w: francuski, w\u0142oski, niemiecki, holenderski i polski.<\/p>\n<p>Klawiatura ta posiada wbudowany czytnik PROX\/EM, kt\u00f3ry umo\u017cliwia korzystanie z kart zbli\u017ceniowych w celu zapewnienia \u0142atwego i bezpiecznego dost\u0119pu.<\/p>\n<p>HS2LCDP posiada dowolnie programowalne teksty dla stref i obszar\u00f3w alarmowych, daj\u0105c u\u017cytkownikom mo\u017cliwo\u015b\u0107 dostosowania systemu do swoich specyficznych potrzeb. Pami\u0119\u0107 zdarze\u0144 mo\u017cna \u0142atwo odczyta\u0107 na wy\u015bwietlaczu.<\/p>\n<p>Dzi\u0119ki pi\u0119ciu klawiszom skr\u00f3t\u00f3w funkcyjnych i trzem klawiszom awaryjnym klawiatura zapewnia szybki i skuteczny dost\u0119p do wa\u017cnych funkcji.<\/p>\n<p>Pob\u00f3r pr\u0105du wynosi od 55 do 105 mA, co czyni go energooszcz\u0119dnym i niezawodnym.<\/p>\n<p>DSC HS2LCDP jest nie tylko przyjazny dla u\u017cytkownika, ale tak\u017ce solidny, co czyni go doskona\u0142ym wyborem zar\u00f3wno dla dom\u00f3w, jak i firm poszukuj\u0105cych elastycznego i niezawodnego rozwi\u0105zania bezpiecze\u0144stwa.<\/p>","protected":false},"excerpt":{"rendered":"<p>DSC HS2LCDP Hardwired Keypad Prox to przewodowa klawiatura z czytnikiem PROX, obs\u0142uguj\u0105ca j\u0119zyk angielski i pi\u0119\u0107 j\u0119zyk\u00f3w, idealna do systemu alarmowego DSC NEO.<\/p>","protected":false},"featured_media":145225,"template":"","meta":{"_acf_changed":false},"product_brand":[],"product_cat":[3329,1322],"product_tag":[3311,3028,3029],"class_list":{"0":"post-57113","1":"product","2":"type-product","3":"status-publish","4":"has-post-thumbnail","6":"product_cat-knappsats-kod","7":"product_cat-dsc-larm-neo-power-hybridlarm","8":"product_tag-dsc-neo-svensk-manual","9":"product_tag-neo-knappsats-manoverpaneler","10":"product_tag-neo-dsc-knappsats-manoverpaneler","11":"product_shipping_class-postnord-varubrev","12":"pa_brands-4dsc","13":"pa_dsc-neo-hybridlarm-knappsatser","14":"tm-has-options","16":"first","17":"instock","18":"sale","19":"featured","20":"taxable","21":"shipping-taxable","22":"purchasable","23":"product-type-simple"},"acf":[],"_links":{"self":[{"href":"https:\/\/secureus.se\/pl\/wp-json\/wp\/v2\/product\/57113","targetHints":{"allow":["GET"]}}],"collection":[{"href":"https:\/\/secureus.se\/pl\/wp-json\/wp\/v2\/product"}],"about":[{"href":"https:\/\/secureus.se\/pl\/wp-json\/wp\/v2\/types\/product"}],"wp:featuredmedia":[{"embeddable":true,"href":"https:\/\/secureus.se\/pl\/wp-json\/wp\/v2\/media\/145225"}],"wp:attachment":[{"href":"https:\/\/secureus.se\/pl\/wp-json\/wp\/v2\/media?parent=57113"}],"wp:term":[{"taxonomy":"product_brand","embeddable":true,"href":"https:\/\/secureus.se\/pl\/wp-json\/wp\/v2\/product_brand?post=57113"},{"taxonomy":"product_cat","embeddable":true,"href":"https:\/\/secureus.se\/pl\/wp-json\/wp\/v2\/product_cat?post=57113"},{"taxonomy":"product_tag","embeddable":true,"href":"https:\/\/secureus.se\/pl\/wp-json\/wp\/v2\/product_tag?post=57113"}],"curies":[{"name":"wp","href":"https:\/\/api.w.org\/{rel}","templated":true}]}}