{"id":57116,"date":"2022-03-10T15:42:00","date_gmt":"2022-03-10T14:42:00","guid":{"rendered":"https:\/\/secureus.se\/produkt\/dsc-neo-knappsats-tradbunden-hs2lcdrfp-med-powerg-transceiver-prox-engelsk-text\/"},"modified":"2025-12-31T19:55:02","modified_gmt":"2025-12-31T18:55:02","slug":"dsc-hardwired-keypad-prox-hs2lcdrfp-e","status":"publish","type":"product","link":"https:\/\/secureus.se\/pl\/dsc-hardwired-keypad-prox-hs2lcdrfp-e\/","title":{"rendered":"Klawiatura DSC Prox HS2LCDRFP Prox i radioodbiornik obs\u0142uguj\u0105cy j\u0119zyki: angielski, francuski, w\u0142oski, niemiecki, holenderski i polski."},"content":{"rendered":"<p><strong>Klawiatura przewodowa DSC Prox HS2LCDRFP<\/strong> to zaawansowany manipulator przeznaczony dla systemu alarmowego DSC NEO.<\/p>\n<p>Dzi\u0119ki przejrzystemu i wyra\u017anemu wy\u015bwietlaczowi LCD, kt\u00f3ry wy\u015bwietla informacje w j\u0119zyku angielskim, francuskim, w\u0142oskim, niemieckim, holenderskim i polskim, ta klawiatura jest idealna dla u\u017cytkownik\u00f3w w \u015brodowiskach wieloj\u0119zycznych.<\/p>\n<p>Posiada wbudowany czytnik PROX\/EM, umo\u017cliwiaj\u0105cy \u0142atwy i bezpieczny dost\u0119p za pomoc\u0105 karty zbli\u017ceniowej.<\/p>\n<p>HS2LCDRFP oferuje swobodnie programowalne teksty dla stref i obszar\u00f3w alarmowych, umo\u017cliwiaj\u0105c u\u017cytkownikom dostosowanie systemu do ich specyficznych potrzeb.<\/p>\n<p>Pami\u0119\u0107 zdarze\u0144 mo\u017cna \u0142atwo odczyta\u0107 na wy\u015bwietlaczu.<\/p>\n<p>Klawiatura posiada pi\u0119\u0107 klawiszy funkcyjnych dla klawiszy skr\u00f3t\u00f3w oraz trzy klawisze awaryjne, umo\u017cliwiaj\u0105ce szybki dost\u0119p do wa\u017cnych funkcji.<\/p>\n<p>Pob\u00f3r pr\u0105du wynosi od 55 do 105 mA, co czyni go energooszcz\u0119dnym i niezawodnym.<\/p>\n<p>Produkt ten jest idealny zar\u00f3wno dla dom\u00f3w, jak i firm poszukuj\u0105cych elastycznego i przyjaznego dla u\u017cytkownika rozwi\u0105zania bezpiecze\u0144stwa.<\/p>","protected":false},"excerpt":{"rendered":"<p>DSC Hardwired Keypad Prox HS2LCDRFP to przewodowa klawiatura z czytnikiem PROX i wbudowanym odbiornikiem radiowym, obs\u0142uguj\u0105ca j\u0119zyk angielski i pi\u0119\u0107 innych j\u0119zyk\u00f3w.<\/p>","protected":false},"featured_media":140994,"template":"","meta":{"_acf_changed":false},"product_brand":[],"product_cat":[3329,1322],"product_tag":[3311,3028,3029],"class_list":{"0":"post-57116","1":"product","2":"type-product","3":"status-publish","4":"has-post-thumbnail","6":"product_cat-knappsats-kod","7":"product_cat-dsc-larm-neo-power-hybridlarm","8":"product_tag-dsc-neo-svensk-manual","9":"product_tag-neo-knappsats-manoverpaneler","10":"product_tag-neo-dsc-knappsats-manoverpaneler","11":"product_shipping_class-postnord-varubrev","12":"pa_brands-4dsc","13":"pa_dsc-neo-hybridlarm-knappsatser","14":"tm-has-options","16":"first","17":"instock","18":"sale","19":"featured","20":"taxable","21":"shipping-taxable","22":"purchasable","23":"product-type-simple"},"acf":[],"_links":{"self":[{"href":"https:\/\/secureus.se\/pl\/wp-json\/wp\/v2\/product\/57116","targetHints":{"allow":["GET"]}}],"collection":[{"href":"https:\/\/secureus.se\/pl\/wp-json\/wp\/v2\/product"}],"about":[{"href":"https:\/\/secureus.se\/pl\/wp-json\/wp\/v2\/types\/product"}],"wp:featuredmedia":[{"embeddable":true,"href":"https:\/\/secureus.se\/pl\/wp-json\/wp\/v2\/media\/140994"}],"wp:attachment":[{"href":"https:\/\/secureus.se\/pl\/wp-json\/wp\/v2\/media?parent=57116"}],"wp:term":[{"taxonomy":"product_brand","embeddable":true,"href":"https:\/\/secureus.se\/pl\/wp-json\/wp\/v2\/product_brand?post=57116"},{"taxonomy":"product_cat","embeddable":true,"href":"https:\/\/secureus.se\/pl\/wp-json\/wp\/v2\/product_cat?post=57116"},{"taxonomy":"product_tag","embeddable":true,"href":"https:\/\/secureus.se\/pl\/wp-json\/wp\/v2\/product_tag?post=57116"}],"curies":[{"name":"wp","href":"https:\/\/api.w.org\/{rel}","templated":true}]}}