{"id":57119,"date":"2022-03-10T15:42:00","date_gmt":"2022-03-10T14:42:00","guid":{"rendered":"https:\/\/secureus.se\/produkt\/dsc-neo-knappsats-tradloshs2lcdwf-engelsk-text\/"},"modified":"2026-03-19T11:41:07","modified_gmt":"2026-03-19T10:41:07","slug":"dsc-hs2lcdwf-wireless-lcd-powerg","status":"publish","type":"product","link":"https:\/\/secureus.se\/pl\/dsc-hs2lcdwf-wireless-lcd-powerg\/","title":{"rendered":"Klawiatura bezprzewodowa LCD DSC HS2LCDWF z pe\u0142nym wy\u015bwietlaczem PowerGF. Obs\u0142uguje j\u0119zyki: angielski, francuski, w\u0142oski, niemiecki, holenderski i polski."},"content":{"rendered":"<p><strong>DSC HS2LCDWF<\/strong> to zaawansowana klawiatura bezprzewodowa przeznaczona do systemu alarmowego DSC Neo.<\/p>\n<p>Dzi\u0119ki przejrzystemu wy\u015bwietlaczowi LCD wy\u015bwietlaj\u0105cemu informacje w j\u0119zyku angielskim oraz obs\u0142udze j\u0119zyk\u00f3w francuskiego, w\u0142oskiego, niemieckiego, holenderskiego i polskiego, ta klawiatura jest idealna dla u\u017cytkownik\u00f3w w \u015brodowiskach wieloj\u0119zycznych.<\/p>\n<p>Klawiatura jest bezprzewodowa i ma imponuj\u0105cy zasi\u0119g do 2000 metr\u00f3w na otwartej przestrzeni, co zapewnia elastyczno\u015b\u0107 instalacji.<\/p>\n<p>HS2LCDWF oferuje swobodnie programowalne teksty dla stref i obszar\u00f3w alarmowych, a pami\u0119\u0107 zdarze\u0144 mo\u017cna \u0142atwo odczyta\u0107 na wy\u015bwietlaczu.<\/p>\n<p>Dzi\u0119ki pi\u0119ciu klawiszom skr\u00f3t\u00f3w funkcyjnych i trzem klawiszom awaryjnym klawiatura zapewnia szybki i \u0142atwy dost\u0119p do wa\u017cnych funkcji.<\/p>\n<p>Pob\u00f3r pr\u0105du jest niski i wynosi od 55 do 105 mA, co czyni go energooszcz\u0119dnym i niezawodnym.<\/p>\n<p>Produkt ten jest idealny zar\u00f3wno dla dom\u00f3w, jak i firm poszukuj\u0105cych przyjaznego dla u\u017cytkownika i elastycznego rozwi\u0105zania zabezpieczaj\u0105cego.<\/p>","protected":false},"excerpt":{"rendered":"<p>DSC HS2LCDWF to bezprzewodowa klawiatura z pe\u0142nym wy\u015bwietlaczem komunikat\u00f3w, obs\u0142uguj\u0105ca j\u0119zyk angielski i pi\u0119\u0107 innych j\u0119zyk\u00f3w, idealna do systemu alarmowego Neo.<\/p>","protected":false},"featured_media":145403,"template":"","meta":{"_acf_changed":false},"product_brand":[],"product_cat":[3329,1322],"product_tag":[3311,3028,3029],"class_list":{"0":"post-57119","1":"product","2":"type-product","3":"status-publish","4":"has-post-thumbnail","6":"product_cat-knappsats-kod","7":"product_cat-dsc-larm-neo-power-hybridlarm","8":"product_tag-dsc-neo-svensk-manual","9":"product_tag-neo-knappsats-manoverpaneler","10":"product_tag-neo-dsc-knappsats-manoverpaneler","11":"product_shipping_class-postnord-varubrev","12":"pa_brands-4dsc","13":"pa_dsc-neo-hybridlarm-knappsatser","14":"tm-has-options","16":"first","17":"instock","18":"sale","19":"featured","20":"taxable","21":"shipping-taxable","22":"purchasable","23":"product-type-simple"},"acf":[],"_links":{"self":[{"href":"https:\/\/secureus.se\/pl\/wp-json\/wp\/v2\/product\/57119","targetHints":{"allow":["GET"]}}],"collection":[{"href":"https:\/\/secureus.se\/pl\/wp-json\/wp\/v2\/product"}],"about":[{"href":"https:\/\/secureus.se\/pl\/wp-json\/wp\/v2\/types\/product"}],"wp:featuredmedia":[{"embeddable":true,"href":"https:\/\/secureus.se\/pl\/wp-json\/wp\/v2\/media\/145403"}],"wp:attachment":[{"href":"https:\/\/secureus.se\/pl\/wp-json\/wp\/v2\/media?parent=57119"}],"wp:term":[{"taxonomy":"product_brand","embeddable":true,"href":"https:\/\/secureus.se\/pl\/wp-json\/wp\/v2\/product_brand?post=57119"},{"taxonomy":"product_cat","embeddable":true,"href":"https:\/\/secureus.se\/pl\/wp-json\/wp\/v2\/product_cat?post=57119"},{"taxonomy":"product_tag","embeddable":true,"href":"https:\/\/secureus.se\/pl\/wp-json\/wp\/v2\/product_tag?post=57119"}],"curies":[{"name":"wp","href":"https:\/\/api.w.org\/{rel}","templated":true}]}}