{"id":57153,"date":"2022-03-10T15:28:00","date_gmt":"2022-03-10T14:28:00","guid":{"rendered":"https:\/\/secureus.se\/produkt\/nyckelband-15-mm-student-sakerhetsspanne-j-klamma-i-plast-100-pack-farg-violett\/"},"modified":"2025-12-31T19:46:11","modified_gmt":"2025-12-31T18:46:11","slug":"nyckelband-15-mm-student-sakerhetsspanne-j-klamma-i-plast-100-pack-farg-violett","status":"publish","type":"product","link":"https:\/\/secureus.se\/pl\/nyckelband-15-mm-student-sakerhetsspanne-j-klamma-i-plast-100-pack-farg-violett\/","title":{"rendered":"Brelok 15 mm Student Purple Klamra zabezpieczaj\u0105ca J-clamp, 100 sztuk"},"content":{"rendered":"<p>Brelok 15 mm \u201eStudent\u201d Klamra bezpiecze\u0144stwa i klips J z tworzywa sztucznego (opakowanie 100 szt.)<\/p>\n<p>Smycz 15 mm z wyko\u0144czonym bia\u0142ym napisem \u201eStudent\u201d<\/p>","protected":false},"excerpt":{"rendered":"<p>Smycz do kluczy 15 mm \u201eStudent\u201d Klamra bezpiecze\u0144stwa i klips J z tworzywa sztucznego (opakowanie 100 szt.) Smycz do kluczy 15 mm z wyko\u0144czonym bia\u0142ym napisem \u201eStudent\u201d<\/p>","protected":false},"featured_media":145036,"template":"","meta":{"_acf_changed":false},"product_brand":[],"product_cat":[1875],"product_tag":[4360,4355,2416,2958],"class_list":{"0":"post-57153","1":"product","2":"type-product","3":"status-publish","4":"has-post-thumbnail","6":"product_cat-nyckelband","7":"product_tag-15mm","8":"product_tag-lila-nyckelband","9":"product_tag-rel-rfid-tillbehor","10":"product_tag-stonehouse-produkt","11":"product_shipping_class-tunga-paket","12":"pa_brands-stonehouse-security","13":"pa_farg-lila","14":"pa_farg-nyckelband-lila","15":"pa_rfid-tillbehor-nyckelband-halsband","16":"tm-no-options","18":"first","19":"instock","20":"sale","21":"featured","22":"taxable","23":"shipping-taxable","24":"purchasable","25":"product-type-simple"},"acf":[],"_links":{"self":[{"href":"https:\/\/secureus.se\/pl\/wp-json\/wp\/v2\/product\/57153","targetHints":{"allow":["GET"]}}],"collection":[{"href":"https:\/\/secureus.se\/pl\/wp-json\/wp\/v2\/product"}],"about":[{"href":"https:\/\/secureus.se\/pl\/wp-json\/wp\/v2\/types\/product"}],"wp:featuredmedia":[{"embeddable":true,"href":"https:\/\/secureus.se\/pl\/wp-json\/wp\/v2\/media\/145036"}],"wp:attachment":[{"href":"https:\/\/secureus.se\/pl\/wp-json\/wp\/v2\/media?parent=57153"}],"wp:term":[{"taxonomy":"product_brand","embeddable":true,"href":"https:\/\/secureus.se\/pl\/wp-json\/wp\/v2\/product_brand?post=57153"},{"taxonomy":"product_cat","embeddable":true,"href":"https:\/\/secureus.se\/pl\/wp-json\/wp\/v2\/product_cat?post=57153"},{"taxonomy":"product_tag","embeddable":true,"href":"https:\/\/secureus.se\/pl\/wp-json\/wp\/v2\/product_tag?post=57153"}],"curies":[{"name":"wp","href":"https:\/\/api.w.org\/{rel}","templated":true}]}}