{"id":57167,"date":"2022-03-10T15:28:00","date_gmt":"2022-03-10T14:28:00","guid":{"rendered":"https:\/\/secureus.se\/produkt\/nyckelband-15mm-visitor-sakerhetspannne-hummerklamma-i-metall-100-pack-farg-bla\/"},"modified":"2026-01-02T12:13:45","modified_gmt":"2026-01-02T11:13:45","slug":"nyckelband-15mm-visitor-sakerhetspannne-hummerklamma-i-metall-100-pack-farg-bla","status":"publish","type":"product","link":"https:\/\/secureus.se\/pl\/nyckelband-15mm-visitor-sakerhetspannne-hummerklamma-i-metall-100-pack-farg-bla\/","title":{"rendered":"Brelok do kluczy 15 mm, niebieska klamra bezpiecze\u0144stwa dla go\u015bci, karabi\u0144czyk, 100 sztuk"},"content":{"rendered":"<div>\n<div id=\"Product-Description\">\n<p>Brelok 15mm &quot;Go\u015b\u0107&quot; Klamra bezpiecze\u0144stwa &quot;homar&quot; w metalu (100 szt.)<\/p>\n<p>Smycz 15 mm z wyko\u0144czonym bia\u0142ym napisem \u201eVISITOR\u201d<\/p>\n<p>&nbsp;<\/p>\n<p>&nbsp;<\/p>\n<\/div>\n<\/div>","protected":false},"excerpt":{"rendered":"<p>Nyckelband 15mm &quot;Visitor&quot; S&auml;kerhetsp&auml;nnne &quot;hummerkl&auml;mma&quot; i metall (100-pack) 15mm nyckelband med f&auml;rdig vit&nbsp; text&nbsp; &#039;VISITOR&#039; &nbsp; &nbsp;<\/p>","protected":false},"featured_media":145146,"template":"","meta":{"_acf_changed":false},"product_brand":[],"product_cat":[1875],"product_tag":[4360,4352,2958],"class_list":{"0":"post-57167","1":"product","2":"type-product","3":"status-publish","4":"has-post-thumbnail","6":"product_cat-nyckelband","7":"product_tag-15mm","8":"product_tag-blaa-nyckelband","9":"product_tag-stonehouse-produkt","10":"product_shipping_class-tunga-paket","11":"pa_brands-stonehouse-security","12":"pa_farg-bla","13":"pa_farg-nyckelband-bla","14":"tm-no-options","16":"first","17":"instock","18":"sale","19":"featured","20":"taxable","21":"shipping-taxable","22":"purchasable","23":"product-type-simple"},"acf":[],"_links":{"self":[{"href":"https:\/\/secureus.se\/pl\/wp-json\/wp\/v2\/product\/57167","targetHints":{"allow":["GET"]}}],"collection":[{"href":"https:\/\/secureus.se\/pl\/wp-json\/wp\/v2\/product"}],"about":[{"href":"https:\/\/secureus.se\/pl\/wp-json\/wp\/v2\/types\/product"}],"wp:featuredmedia":[{"embeddable":true,"href":"https:\/\/secureus.se\/pl\/wp-json\/wp\/v2\/media\/145146"}],"wp:attachment":[{"href":"https:\/\/secureus.se\/pl\/wp-json\/wp\/v2\/media?parent=57167"}],"wp:term":[{"taxonomy":"product_brand","embeddable":true,"href":"https:\/\/secureus.se\/pl\/wp-json\/wp\/v2\/product_brand?post=57167"},{"taxonomy":"product_cat","embeddable":true,"href":"https:\/\/secureus.se\/pl\/wp-json\/wp\/v2\/product_cat?post=57167"},{"taxonomy":"product_tag","embeddable":true,"href":"https:\/\/secureus.se\/pl\/wp-json\/wp\/v2\/product_tag?post=57167"}],"curies":[{"name":"wp","href":"https:\/\/api.w.org\/{rel}","templated":true}]}}