{"id":57169,"date":"2022-03-10T15:28:00","date_gmt":"2022-03-10T14:28:00","guid":{"rendered":"https:\/\/secureus.se\/produkt\/nyckelband-staff-sakerhetsspanne-j-klamma-i-plast-100-pack-farg-bla\/"},"modified":"2025-12-31T19:52:54","modified_gmt":"2025-12-31T18:52:54","slug":"nyckelband-staff-sakerhetsspanne-j-klamma-i-plast-100-pack-farg-bla","status":"publish","type":"product","link":"https:\/\/secureus.se\/pl\/nyckelband-staff-sakerhetsspanne-j-klamma-i-plast-100-pack-farg-bla\/","title":{"rendered":"Smycz do kluczy Staff\/Event Niebieski Klamra zabezpieczaj\u0105ca J-clip w plastikowym opakowaniu, 100 sztuk"},"content":{"rendered":"<div>\n<div>\n<div id=\"Product-Description\">\n<p>Smycz Klamra bezpiecze\u0144stwa \u201eStaff\u201d 15 mm i zacisk J (opakowanie 100 szt.)<\/p>\n<p>Smycz 15 mm z wyko\u0144czonym bia\u0142ym napisem \u201eStaff\u201d<\/p>\n<p>&nbsp;<\/p>\n<\/div>\n<\/div>\n<\/div>","protected":false},"excerpt":{"rendered":"<p>Nyckelband 15mm &#8220;Staff&#8221; S\u00e4kerhetssp\u00e4nne och J-kl\u00e4mma (100-pack) 15mm nyckelband med f\u00e4rdig vit text\u00a0 &#8220;Staff&#8221; &nbsp;<\/p>","protected":false},"featured_media":145124,"template":"","meta":{"_acf_changed":false},"product_brand":[],"product_cat":[1875],"product_tag":[4360,4352,2416,2958],"class_list":{"0":"post-57169","1":"product","2":"type-product","3":"status-publish","4":"has-post-thumbnail","6":"product_cat-nyckelband","7":"product_tag-15mm","8":"product_tag-blaa-nyckelband","9":"product_tag-rel-rfid-tillbehor","10":"product_tag-stonehouse-produkt","11":"product_shipping_class-tunga-paket","12":"pa_brands-stonehouse-security","13":"pa_farg-bla","14":"pa_farg-nyckelband-bla","15":"pa_rfid-tillbehor-nyckelband-halsband","16":"tm-no-options","18":"first","19":"instock","20":"sale","21":"featured","22":"taxable","23":"shipping-taxable","24":"purchasable","25":"product-type-simple"},"acf":[],"_links":{"self":[{"href":"https:\/\/secureus.se\/pl\/wp-json\/wp\/v2\/product\/57169","targetHints":{"allow":["GET"]}}],"collection":[{"href":"https:\/\/secureus.se\/pl\/wp-json\/wp\/v2\/product"}],"about":[{"href":"https:\/\/secureus.se\/pl\/wp-json\/wp\/v2\/types\/product"}],"wp:featuredmedia":[{"embeddable":true,"href":"https:\/\/secureus.se\/pl\/wp-json\/wp\/v2\/media\/145124"}],"wp:attachment":[{"href":"https:\/\/secureus.se\/pl\/wp-json\/wp\/v2\/media?parent=57169"}],"wp:term":[{"taxonomy":"product_brand","embeddable":true,"href":"https:\/\/secureus.se\/pl\/wp-json\/wp\/v2\/product_brand?post=57169"},{"taxonomy":"product_cat","embeddable":true,"href":"https:\/\/secureus.se\/pl\/wp-json\/wp\/v2\/product_cat?post=57169"},{"taxonomy":"product_tag","embeddable":true,"href":"https:\/\/secureus.se\/pl\/wp-json\/wp\/v2\/product_tag?post=57169"}],"curies":[{"name":"wp","href":"https:\/\/api.w.org\/{rel}","templated":true}]}}