{"id":57172,"date":"2022-03-10T15:28:00","date_gmt":"2022-03-10T14:28:00","guid":{"rendered":"https:\/\/secureus.se\/produkt\/jojo-mini-svart-med-extra-lang-trad-1-2-meter\/"},"modified":"2026-04-29T11:07:21","modified_gmt":"2026-04-29T09:07:21","slug":"jojo-mini-svart-med-extra-lang-trad-1-2-meter","status":"publish","type":"product","link":"https:\/\/secureus.se\/pl\/jojo-mini-svart-med-extra-lang-trad-1-2-meter\/","title":{"rendered":"Wieszak na klucze jo-jo z bardzo d\u0142ugim sznurkiem 1,2 metra \u2013 czarny"},"content":{"rendered":"<div>\n<div>\n<div>\n<p>To popularne, elastyczne jo-jo jest wykonane z tworzywa ABS i wyposa\u017cone w metalowy brelok do kluczy.<\/p>\n<p>Materia\u0142: tworzywo ABS<\/p>\n<p>Rozmiar: \u015brednica 30 mm i grubo\u015b\u0107 10 mm.<\/p>\n<p>Dost\u0119pne w kolorze czarnym, \u017c\u00f3\u0142tym, bia\u0142ym, niebieskim i zielonym.<\/p>\n<p>Przew\u00f3d: UWAGA 1,2 metra<\/p>\n<\/div>\n<\/div>\n<\/div>","protected":false},"excerpt":{"rendered":"<p>To popularne, elastyczne jo-jo wykonane jest z tworzywa ABS i sprzedawane jest w zestawie z metalowym k\u00f3\u0142kiem do kluczy. Materia\u0142: tworzywo sztuczne ABS. Rozmiar: \u015brednica 30 mm, grubo\u015b\u0107 10 mm. Dost\u0119pne w kolorze czarnym,<\/p>","protected":false},"featured_media":147631,"template":"","meta":{"_acf_changed":false},"product_brand":[],"product_cat":[1676],"product_tag":[2958],"class_list":{"0":"post-57172","1":"product","2":"type-product","3":"status-publish","4":"has-post-thumbnail","6":"product_cat-jojos-och-nyckelringar","7":"product_tag-stonehouse-produkt","8":"product_shipping_class-postnord-varubrev","9":"pa_brands-stonehouse-security","10":"pa_farg-svart","11":"pa_rfid-tillbehor-jojo","12":"tm-no-options","14":"first","15":"instock","16":"sale","17":"featured","18":"taxable","19":"shipping-taxable","20":"purchasable","21":"product-type-simple"},"acf":[],"_links":{"self":[{"href":"https:\/\/secureus.se\/pl\/wp-json\/wp\/v2\/product\/57172","targetHints":{"allow":["GET"]}}],"collection":[{"href":"https:\/\/secureus.se\/pl\/wp-json\/wp\/v2\/product"}],"about":[{"href":"https:\/\/secureus.se\/pl\/wp-json\/wp\/v2\/types\/product"}],"wp:featuredmedia":[{"embeddable":true,"href":"https:\/\/secureus.se\/pl\/wp-json\/wp\/v2\/media\/147631"}],"wp:attachment":[{"href":"https:\/\/secureus.se\/pl\/wp-json\/wp\/v2\/media?parent=57172"}],"wp:term":[{"taxonomy":"product_brand","embeddable":true,"href":"https:\/\/secureus.se\/pl\/wp-json\/wp\/v2\/product_brand?post=57172"},{"taxonomy":"product_cat","embeddable":true,"href":"https:\/\/secureus.se\/pl\/wp-json\/wp\/v2\/product_cat?post=57172"},{"taxonomy":"product_tag","embeddable":true,"href":"https:\/\/secureus.se\/pl\/wp-json\/wp\/v2\/product_tag?post=57172"}],"curies":[{"name":"wp","href":"https:\/\/api.w.org\/{rel}","templated":true}]}}