{"id":57177,"date":"2022-03-10T15:28:00","date_gmt":"2022-03-10T14:28:00","guid":{"rendered":"https:\/\/secureus.se\/produkt\/nyckelband-staff-event-sakerhetsspanne-j-klamma-i-plast-100-pack\/"},"modified":"2025-12-31T19:45:31","modified_gmt":"2025-12-31T18:45:31","slug":"nyckelband-staff-event-sakerhetsspanne-j-klamma-i-plast-100-pack","status":"publish","type":"product","link":"https:\/\/secureus.se\/pl\/nyckelband-staff-event-sakerhetsspanne-j-klamma-i-plast-100-pack\/","title":{"rendered":"Smycz do kluczy Staff\/Event Pomara\u0144czowa klamra zabezpieczaj\u0105ca J-clip, 100 sztuk"},"content":{"rendered":"<div>\n<div>\n<div id=\"Product-Description\">\n<p>Smycz Klamra bezpiecze\u0144stwa \u201eStaff\u201d 15 mm i zacisk J (opakowanie 100 szt.)<\/p>\n<p>Smycz 15 mm z wyko\u0144czonym czarnym napisem \u201eStaff\u201d<\/p>\n<p>&nbsp;<\/p>\n<\/div>\n<\/div>\n<\/div>\n<p>- Pomara\u0144czowy<\/p>","protected":false},"excerpt":{"rendered":"<p>Nyckelband 15mm &#8220;Staff&#8221; S\u00e4kerhetssp\u00e4nne och J-kl\u00e4mma (100-pack) 15mm nyckelband med f\u00e4rdig svart text\u00a0 &#8220;Staff&#8221; &nbsp; &#8211; Orange<\/p>","protected":false},"featured_media":145426,"template":"","meta":{"_acf_changed":false},"product_brand":[],"product_cat":[1875],"product_tag":[4360,4353,2958],"class_list":{"0":"post-57177","1":"product","2":"type-product","3":"status-publish","4":"has-post-thumbnail","6":"product_cat-nyckelband","7":"product_tag-15mm","8":"product_tag-orange-nyckelband","9":"product_tag-stonehouse-produkt","10":"product_shipping_class-tunga-paket","11":"pa_brands-stonehouse-security","12":"pa_farg-orange","13":"pa_farg-nyckelband-orange","14":"pa_rfid-tillbehor-nyckelband-halsband","15":"tm-no-options","17":"first","18":"instock","19":"sale","20":"featured","21":"taxable","22":"shipping-taxable","23":"purchasable","24":"product-type-simple"},"acf":[],"_links":{"self":[{"href":"https:\/\/secureus.se\/pl\/wp-json\/wp\/v2\/product\/57177","targetHints":{"allow":["GET"]}}],"collection":[{"href":"https:\/\/secureus.se\/pl\/wp-json\/wp\/v2\/product"}],"about":[{"href":"https:\/\/secureus.se\/pl\/wp-json\/wp\/v2\/types\/product"}],"wp:featuredmedia":[{"embeddable":true,"href":"https:\/\/secureus.se\/pl\/wp-json\/wp\/v2\/media\/145426"}],"wp:attachment":[{"href":"https:\/\/secureus.se\/pl\/wp-json\/wp\/v2\/media?parent=57177"}],"wp:term":[{"taxonomy":"product_brand","embeddable":true,"href":"https:\/\/secureus.se\/pl\/wp-json\/wp\/v2\/product_brand?post=57177"},{"taxonomy":"product_cat","embeddable":true,"href":"https:\/\/secureus.se\/pl\/wp-json\/wp\/v2\/product_cat?post=57177"},{"taxonomy":"product_tag","embeddable":true,"href":"https:\/\/secureus.se\/pl\/wp-json\/wp\/v2\/product_tag?post=57177"}],"curies":[{"name":"wp","href":"https:\/\/api.w.org\/{rel}","templated":true}]}}