{"id":57179,"date":"2022-03-10T15:28:00","date_gmt":"2022-03-10T14:28:00","guid":{"rendered":"https:\/\/secureus.se\/produkt\/nyckelband-staff-hummerklamma-sakerhetspanne-i-metall-100-pack-farg-ljusgra-ton\/"},"modified":"2025-12-31T19:45:40","modified_gmt":"2025-12-31T18:45:40","slug":"nyckelband-staff-hummerklamma-sakerhetspanne-i-metall-100-pack-farg-ljusgra-ton","status":"publish","type":"product","link":"https:\/\/secureus.se\/pl\/nyckelband-staff-hummerklamma-sakerhetspanne-i-metall-100-pack-farg-ljusgra-ton\/","title":{"rendered":"Breloczek do kluczy Szary klips z karabi\u0144czykiem Klamra bezpiecze\u0144stwa, opakowanie 100 szt"},"content":{"rendered":"<p>Pasek poliestrowy Deluxe Royal Blue o \u015brednicy 15 mm z napisem \u201eSTAFF\u201d bia\u0142ym tekstem.<\/p>\n<p>Zawiera klamr\u0119 zabezpieczaj\u0105c\u0105 i metalowy karabi\u0144czyk.<\/p>\n<p>Po od\u0142\u0105czeniu smycz mo\u017cna z \u0142atwo\u015bci\u0105 ponownie przymocowa\u0107.<\/p>\n<p>Idealny do eksponowania dowod\u00f3w osobistych, wizyt\u00f3wek lub mocowania innych przedmiot\u00f3w, takich jak telefony kom\u00f3rkowe, gwizdki, pendrive&#039;y itp.<\/p>\n<p>&nbsp;<\/p>","protected":false},"excerpt":{"rendered":"<p>Pasek poliestrowy Deluxe Royal Blue o \u015brednicy 15 mm z napisem \u201eSTAFF\u201d bia\u0142ym tekstem. Zawiera klamr\u0119 zabezpieczaj\u0105c\u0105 i metalowy karabi\u0144czyk. Po od\u0142\u0105czeniu smycz mo\u017cna z \u0142atwo\u015bci\u0105 ponownie przymocowa\u0107. Idealny do ekspozycji dowod\u00f3w osobistych,<\/p>","protected":false},"featured_media":145248,"template":"","meta":{"_acf_changed":false},"product_brand":[],"product_cat":[1875],"product_tag":[4360,4351,2958],"class_list":{"0":"post-57179","1":"product","2":"type-product","3":"status-publish","4":"has-post-thumbnail","6":"product_cat-nyckelband","7":"product_tag-15mm","8":"product_tag-gra-nyckelband","9":"product_tag-stonehouse-produkt","10":"product_shipping_class-tunga-paket","11":"pa_brands-stonehouse-security","12":"pa_farg-gra","13":"pa_farg-nyckelband-gra","14":"pa_rfid-tillbehor-nyckelband-halsband","15":"tm-no-options","17":"first","18":"instock","19":"sale","20":"featured","21":"taxable","22":"shipping-taxable","23":"purchasable","24":"product-type-simple"},"acf":[],"_links":{"self":[{"href":"https:\/\/secureus.se\/pl\/wp-json\/wp\/v2\/product\/57179","targetHints":{"allow":["GET"]}}],"collection":[{"href":"https:\/\/secureus.se\/pl\/wp-json\/wp\/v2\/product"}],"about":[{"href":"https:\/\/secureus.se\/pl\/wp-json\/wp\/v2\/types\/product"}],"wp:featuredmedia":[{"embeddable":true,"href":"https:\/\/secureus.se\/pl\/wp-json\/wp\/v2\/media\/145248"}],"wp:attachment":[{"href":"https:\/\/secureus.se\/pl\/wp-json\/wp\/v2\/media?parent=57179"}],"wp:term":[{"taxonomy":"product_brand","embeddable":true,"href":"https:\/\/secureus.se\/pl\/wp-json\/wp\/v2\/product_brand?post=57179"},{"taxonomy":"product_cat","embeddable":true,"href":"https:\/\/secureus.se\/pl\/wp-json\/wp\/v2\/product_cat?post=57179"},{"taxonomy":"product_tag","embeddable":true,"href":"https:\/\/secureus.se\/pl\/wp-json\/wp\/v2\/product_tag?post=57179"}],"curies":[{"name":"wp","href":"https:\/\/api.w.org\/{rel}","templated":true}]}}