{"id":57191,"date":"2022-03-10T15:27:00","date_gmt":"2022-03-10T14:27:00","guid":{"rendered":"https:\/\/secureus.se\/produkt\/ensidig-eko-serie-id-korthallare-liggande-for-cr80-kort-100-pack-farg-violett\/"},"modified":"2025-12-31T19:43:14","modified_gmt":"2025-12-31T18:43:14","slug":"ensidig-eko-serie-id-korthallare-liggande-for-cr80-kort-100-pack-farg-violett","status":"publish","type":"product","link":"https:\/\/secureus.se\/pl\/ensidig-eko-serie-id-korthallare-liggande-for-cr80-kort-100-pack-farg-violett\/","title":{"rendered":"Etui na karty dost\u0119pu \/ identyfikatory \u2013 Eko BioBadge CR80 Poziomy, Jednostronny, Fioletowy (opakowanie 100 szt.)"},"content":{"rendered":"<div>\n<div id=\"Product-Description\">\n<div>\n<p>Nasza nowa gama ekologicznie degradowalnych jednostronnych etui na karty identyfikacyjne, wykonanych z biodegradowalnego plastiku.<\/p>\n<p>Posiadacze kart odgrywaj\u0105 ogromn\u0105 rol\u0119 w pomaganiu nam wszystkim w zmniejszaniu naszego \u015bladu w\u0119glowego.<\/p>\n<p>Formowana kraw\u0119d\u017a zmniejsza napr\u0119\u017cenia na kartach i p\u0119kni\u0119cia, co skutkuje mniejsz\u0105 liczb\u0105 wyda\u0144 kart, oszcz\u0119dzaj\u0105c czas i pieni\u0105dze Twoich klient\u00f3w.<\/p>\n<p>86 mm x 54 mm<\/p>\n<p>Pasuje do standardowego rozmiaru kredytu CR80<\/p>\n<p>Sprzedawane w opakowaniach po 100 sztuk<\/p>\n<\/div>\n<\/div>\n<\/div>","protected":false},"excerpt":{"rendered":"<p>Nasza nowa seria biodegradowalnych jednostronnych uchwyt\u00f3w na karty identyfikacyjne, wykonanych z biodegradowalnego plastiku, odgrywa du\u017c\u0105 rol\u0119 w pomaganiu nam wszystkim w redukcji naszego \u015bladu w\u0119glowego.<\/p>","protected":false},"featured_media":145459,"template":"","meta":{"_acf_changed":false},"product_brand":[],"product_cat":[4886,1667],"product_tag":[2847,2958],"class_list":{"0":"post-57191","1":"product","2":"type-product","3":"status-publish","4":"has-post-thumbnail","6":"product_cat-enkelsidig-liggande-korthallare","7":"product_cat-korthallare-passerkort-idkort","8":"product_tag-korthallare-liggande-eko","9":"product_tag-stonehouse-produkt","10":"product_shipping_class-tunga-paket","11":"pa_brands-stonehouse-security","12":"pa_farg-violett","13":"pa_rfid-tillbehor-korthallare","14":"tm-no-options","16":"first","17":"instock","18":"sale","19":"taxable","20":"shipping-taxable","21":"purchasable","22":"product-type-simple"},"acf":[],"_links":{"self":[{"href":"https:\/\/secureus.se\/pl\/wp-json\/wp\/v2\/product\/57191","targetHints":{"allow":["GET"]}}],"collection":[{"href":"https:\/\/secureus.se\/pl\/wp-json\/wp\/v2\/product"}],"about":[{"href":"https:\/\/secureus.se\/pl\/wp-json\/wp\/v2\/types\/product"}],"wp:featuredmedia":[{"embeddable":true,"href":"https:\/\/secureus.se\/pl\/wp-json\/wp\/v2\/media\/145459"}],"wp:attachment":[{"href":"https:\/\/secureus.se\/pl\/wp-json\/wp\/v2\/media?parent=57191"}],"wp:term":[{"taxonomy":"product_brand","embeddable":true,"href":"https:\/\/secureus.se\/pl\/wp-json\/wp\/v2\/product_brand?post=57191"},{"taxonomy":"product_cat","embeddable":true,"href":"https:\/\/secureus.se\/pl\/wp-json\/wp\/v2\/product_cat?post=57191"},{"taxonomy":"product_tag","embeddable":true,"href":"https:\/\/secureus.se\/pl\/wp-json\/wp\/v2\/product_tag?post=57191"}],"curies":[{"name":"wp","href":"https:\/\/api.w.org\/{rel}","templated":true}]}}