{"id":57193,"date":"2022-03-10T15:27:00","date_gmt":"2022-03-10T14:27:00","guid":{"rendered":"https:\/\/secureus.se\/produkt\/nyckelband-eko-regnbage-med-j-klamma-i-metall-100-pack\/"},"modified":"2025-12-31T19:39:02","modified_gmt":"2025-12-31T18:39:02","slug":"nyckelband-eko-regnbage-med-j-klamma-i-metall-100-pack","status":"publish","type":"product","link":"https:\/\/secureus.se\/pl\/nyckelband-eko-regnbage-med-j-klamma-i-metall-100-pack\/","title":{"rendered":"Brelok do kluczy Eco Rainbow z klipsem J, w metalowym opakowaniu 100 sztuk"},"content":{"rendered":"<div>\n<div id=\"Product-Description\">\n<p>Smycze \u201eRainbow\u201d dost\u0119pne z \u201emetalowym karabi\u0144czykiem\u201d lub plastikowym haczykiem typu J.<\/p>\n<p>Te t\u0119czowe wst\u0105\u017cki maj\u0105 te same kolory co flaga Pride i pozwalaj\u0105 Twoim klientom wspiera\u0107 spo\u0142eczno\u015b\u0107 LGBT+, wzmacniaj\u0105c r\u00f3wno\u015b\u0107 i r\u00f3\u017cnorodno\u015b\u0107.<\/p>\n<p>Te smycze s\u0105 wykonane z rPET, czyli materia\u0142u pochodz\u0105cego z plastikowych butelek pochodz\u0105cych z recyklingu, co czyni je bardziej przyjazn\u0105 dla \u015brodowiska alternatyw\u0105 dla poliestru.<\/p>\n<\/div>\n<\/div>","protected":false},"excerpt":{"rendered":"<p>Smycze \u201eRainbow\u201d dost\u0119pne z \u201emetalowym karabi\u0144czykiem\u201d lub plastikowym haczykiem typu J. Te t\u0119czowe wst\u0105\u017cki maj\u0105 te same kolory co flaga Dumy i pozwalaj\u0105 Twoim klientom wspiera\u0107 LGBT+<\/p>","protected":false},"featured_media":145289,"template":"","meta":{"_acf_changed":false},"product_brand":[],"product_cat":[1875],"product_tag":[2958],"class_list":{"0":"post-57193","1":"product","2":"type-product","3":"status-publish","4":"has-post-thumbnail","6":"product_cat-nyckelband","7":"product_tag-stonehouse-produkt","8":"product_shipping_class-tunga-paket","9":"pa_brands-stonehouse-security","10":"pa_farg-regnbage","11":"pa_farg-nyckelband-regnbage","12":"pa_rfid-tillbehor-nyckelband-halsband","13":"tm-no-options","15":"first","16":"instock","17":"sale","18":"featured","19":"taxable","20":"shipping-taxable","21":"purchasable","22":"product-type-simple"},"acf":[],"_links":{"self":[{"href":"https:\/\/secureus.se\/pl\/wp-json\/wp\/v2\/product\/57193","targetHints":{"allow":["GET"]}}],"collection":[{"href":"https:\/\/secureus.se\/pl\/wp-json\/wp\/v2\/product"}],"about":[{"href":"https:\/\/secureus.se\/pl\/wp-json\/wp\/v2\/types\/product"}],"wp:featuredmedia":[{"embeddable":true,"href":"https:\/\/secureus.se\/pl\/wp-json\/wp\/v2\/media\/145289"}],"wp:attachment":[{"href":"https:\/\/secureus.se\/pl\/wp-json\/wp\/v2\/media?parent=57193"}],"wp:term":[{"taxonomy":"product_brand","embeddable":true,"href":"https:\/\/secureus.se\/pl\/wp-json\/wp\/v2\/product_brand?post=57193"},{"taxonomy":"product_cat","embeddable":true,"href":"https:\/\/secureus.se\/pl\/wp-json\/wp\/v2\/product_cat?post=57193"},{"taxonomy":"product_tag","embeddable":true,"href":"https:\/\/secureus.se\/pl\/wp-json\/wp\/v2\/product_tag?post=57193"}],"curies":[{"name":"wp","href":"https:\/\/api.w.org\/{rel}","templated":true}]}}