{"id":57195,"date":"2022-03-10T15:27:00","date_gmt":"2022-03-10T14:27:00","guid":{"rendered":"https:\/\/secureus.se\/produkt\/ensidig-eko-serie-id-korthallare-liggande-for-cr80-kort-100-pack-farg-rod\/"},"modified":"2026-01-02T12:19:41","modified_gmt":"2026-01-02T11:19:41","slug":"id-korthallare-passerkortshallare-rod-enkel-liggande-100-pack","status":"publish","type":"product","link":"https:\/\/secureus.se\/pl\/id-korthallare-passerkortshallare-rod-enkel-liggande-100-pack\/","title":{"rendered":"Etui na karty dost\u0119pu \/ identyfikatory \u2013 Eko BioBadge CR80 Poziomy, Jednostronny, Czerwony (opakowanie 100 szt.)"},"content":{"rendered":"<div id=\"Product-Description\">\n<p>Nasze czerwone, jednostronne etui na dow\u00f3d osobisty w formacie poziomym to praktyczna i przyjazna dla \u015brodowiska alternatywa, wykonana z oksydegradowalnego tworzywa sztucznego. Solidna konstrukcja z formowanymi kraw\u0119dziami zapobiega zginaniu si\u0119 i p\u0119kaniu kart, redukuj\u0105c potrzeb\u0119 wymiany kart i oszcz\u0119dzaj\u0105c czas i pieni\u0105dze.<\/p>\n<ul>\n<li><strong>Sprzedawane w opakowaniach po 100 sztuk<\/strong><\/li>\n<li><strong>Mierzy\u0107:<\/strong> 86 x 54 mm<\/li>\n<li><strong>Pasuje do standardowych kart o rozmiarze CR80<\/strong><\/li>\n<li><strong>Jednostronna konstrukcja zapewniaj\u0105ca przejrzyst\u0105 prezentacj\u0119 kart<\/strong><\/li>\n<li>Idealny do dowod\u00f3w osobistych, kart dost\u0119pu i innych kart w tym samym formacie.<\/li>\n<\/ul>\n<p>Kolorowy i przyjazny dla \u015brodowiska wyb\u00f3r do miejsc pracy, wydarze\u0144 i innych \u015brodowisk, w kt\u00f3rych cz\u0119sto u\u017cywane s\u0105 identyfikatory i karty dost\u0119pu.<\/p>\n<p>Skontaktuj si\u0119 z nami, aby uzyska\u0107 wi\u0119cej kolor\u00f3w i opcji!<\/p>\n<\/div>","protected":false},"excerpt":{"rendered":"<p>Czerwone jednostronne etui na dow\u00f3d osobisty w formacie poziomym, wykonane z tworzywa oksydegradowalnego. Pasuje do standardowych kart w rozmiarze CR80 (86\u00d754 mm). Dostarczane w opakowaniach po 100 sztuk.<\/p>","protected":false},"featured_media":145636,"template":"","meta":{"_acf_changed":false},"product_brand":[],"product_cat":[4886,1667],"product_tag":[4523,2847,4524,2958],"class_list":{"0":"post-57195","1":"product","2":"type-product","3":"status-publish","4":"has-post-thumbnail","6":"product_cat-enkelsidig-liggande-korthallare","7":"product_cat-korthallare-passerkort-idkort","8":"product_tag-enkelsidig-korthallare","9":"product_tag-korthallare-liggande-eko","10":"product_tag-liggande-korthallare","11":"product_tag-stonehouse-produkt","12":"product_shipping_class-tunga-paket","13":"pa_brands-stonehouse-security","14":"pa_farg-rod","15":"pa_rfid-tillbehor-korthallare","16":"tm-no-options","18":"first","19":"instock","20":"sale","21":"taxable","22":"shipping-taxable","23":"purchasable","24":"product-type-simple"},"acf":[],"_links":{"self":[{"href":"https:\/\/secureus.se\/pl\/wp-json\/wp\/v2\/product\/57195","targetHints":{"allow":["GET"]}}],"collection":[{"href":"https:\/\/secureus.se\/pl\/wp-json\/wp\/v2\/product"}],"about":[{"href":"https:\/\/secureus.se\/pl\/wp-json\/wp\/v2\/types\/product"}],"wp:featuredmedia":[{"embeddable":true,"href":"https:\/\/secureus.se\/pl\/wp-json\/wp\/v2\/media\/145636"}],"wp:attachment":[{"href":"https:\/\/secureus.se\/pl\/wp-json\/wp\/v2\/media?parent=57195"}],"wp:term":[{"taxonomy":"product_brand","embeddable":true,"href":"https:\/\/secureus.se\/pl\/wp-json\/wp\/v2\/product_brand?post=57195"},{"taxonomy":"product_cat","embeddable":true,"href":"https:\/\/secureus.se\/pl\/wp-json\/wp\/v2\/product_cat?post=57195"},{"taxonomy":"product_tag","embeddable":true,"href":"https:\/\/secureus.se\/pl\/wp-json\/wp\/v2\/product_tag?post=57195"}],"curies":[{"name":"wp","href":"https:\/\/api.w.org\/{rel}","templated":true}]}}