{"id":57199,"date":"2022-03-10T15:27:00","date_gmt":"2022-03-10T14:27:00","guid":{"rendered":"https:\/\/secureus.se\/produkt\/ensidig-eko-serie-id-korthallare-liggande-for-cr80-kort-100-pack-farg-vit\/"},"modified":"2025-12-31T19:51:00","modified_gmt":"2025-12-31T18:51:00","slug":"id-korthallare-passerkortshallare-transparent-enkel-liggande-100-pack","status":"publish","type":"product","link":"https:\/\/secureus.se\/pl\/id-korthallare-passerkortshallare-transparent-enkel-liggande-100-pack\/","title":{"rendered":"Etui na karty dost\u0119pu \/ identyfikatory \u2013 Eko BioBadge CR80 Poziomy, Jednostronny, Przezroczysty (opakowanie 100 szt.)"},"content":{"rendered":"<div id=\"Product-Description\">\n<p>Nasze przezroczyste, jednostronne, poziome etui na dow\u00f3d osobisty to zr\u00f3wnowa\u017cony wyb\u00f3r, wykonany z oksydegradowalnego plastiku, pomagaj\u0105cy firmom zmniejszy\u0107 sw\u00f3j \u015blad w\u0119glowy. Inteligentna konstrukcja uchwytu na karty z formowanymi kraw\u0119dziami chroni karty przed zginaniem lub p\u0119kaniem, zmniejszaj\u0105c potrzeb\u0119 wymiany kart i oszcz\u0119dzaj\u0105c czas i pieni\u0105dze.<\/p>\n<ul>\n<li><strong>Sprzedawane w opakowaniach po 100 sztuk<\/strong><\/li>\n<li><strong>Mierzy\u0107:<\/strong> 86 x 54 mm<\/li>\n<li><strong>Pasuje do standardowych kart o rozmiarze CR80<\/strong><\/li>\n<li><strong>Jednostronne dla prostej i przejrzystej ekspozycji kart<\/strong><\/li>\n<li>Idealny do dowod\u00f3w osobistych, kart dost\u0119pu i innych kart w tym samym formacie.<\/li>\n<\/ul>\n<p>Doskona\u0142a opcja do biur, wydarze\u0144 i innych \u015brodowisk, w kt\u00f3rych cz\u0119sto u\u017cywane s\u0105 karty i karty dost\u0119pu.<\/p>\n<p>Skontaktuj si\u0119 z nami, aby uzyska\u0107 wi\u0119cej kolor\u00f3w i modeli! Po\u0142\u0105cz z naszym <strong>falrep<\/strong> dla kompletnego rozwi\u0105zania!<\/p>\n<\/div>","protected":false},"excerpt":{"rendered":"<p>Przezroczyste, jednostronne etui na dow\u00f3d osobisty w formacie poziomym, wykonane z tworzywa oksydegradowalnego. Idealny do ekspozycji standardowych kart przepustowych w formacie CR80 (86x54mm). Dostarczane w opakowaniach po 100 sztuk.<\/p>","protected":false},"featured_media":145468,"template":"","meta":{"_acf_changed":false},"product_brand":[],"product_cat":[4886,1667],"product_tag":[4523,2847,4524,2958,4525],"class_list":{"0":"post-57199","1":"product","2":"type-product","3":"status-publish","4":"has-post-thumbnail","6":"product_cat-enkelsidig-liggande-korthallare","7":"product_cat-korthallare-passerkort-idkort","8":"product_tag-enkelsidig-korthallare","9":"product_tag-korthallare-liggande-eko","10":"product_tag-liggande-korthallare","11":"product_tag-stonehouse-produkt","12":"product_tag-transparent-korthallare","13":"product_shipping_class-tunga-paket","14":"pa_brands-stonehouse-security","15":"pa_farg-transparent","16":"pa_rfid-tillbehor-korthallare","17":"tm-no-options","19":"first","20":"instock","21":"sale","22":"taxable","23":"shipping-taxable","24":"purchasable","25":"product-type-simple"},"acf":[],"_links":{"self":[{"href":"https:\/\/secureus.se\/pl\/wp-json\/wp\/v2\/product\/57199","targetHints":{"allow":["GET"]}}],"collection":[{"href":"https:\/\/secureus.se\/pl\/wp-json\/wp\/v2\/product"}],"about":[{"href":"https:\/\/secureus.se\/pl\/wp-json\/wp\/v2\/types\/product"}],"wp:featuredmedia":[{"embeddable":true,"href":"https:\/\/secureus.se\/pl\/wp-json\/wp\/v2\/media\/145468"}],"wp:attachment":[{"href":"https:\/\/secureus.se\/pl\/wp-json\/wp\/v2\/media?parent=57199"}],"wp:term":[{"taxonomy":"product_brand","embeddable":true,"href":"https:\/\/secureus.se\/pl\/wp-json\/wp\/v2\/product_brand?post=57199"},{"taxonomy":"product_cat","embeddable":true,"href":"https:\/\/secureus.se\/pl\/wp-json\/wp\/v2\/product_cat?post=57199"},{"taxonomy":"product_tag","embeddable":true,"href":"https:\/\/secureus.se\/pl\/wp-json\/wp\/v2\/product_tag?post=57199"}],"curies":[{"name":"wp","href":"https:\/\/api.w.org\/{rel}","templated":true}]}}