{"id":57220,"date":"2022-03-10T15:27:00","date_gmt":"2022-03-10T14:27:00","guid":{"rendered":"https:\/\/secureus.se\/produkt\/ensidig-eko-serie-id-korthallare-liggande-for-cr80-kort-100-pack-farg-svart\/"},"modified":"2026-01-02T12:20:29","modified_gmt":"2026-01-02T11:20:29","slug":"id-korthallare-passerkortshallare-svart-enkelsidig-liggande-100-pack","status":"publish","type":"product","link":"https:\/\/secureus.se\/pl\/id-korthallare-passerkortshallare-svart-enkelsidig-liggande-100-pack\/","title":{"rendered":"Etui na karty dost\u0119pu \/ identyfikatory \u2013 Eko BioBadge CR80 Poziomy, Jednostronny, Czarny (opakowanie 100 szt.)"},"content":{"rendered":"<div id=\"Product-Description\">\n<p>Nasze etui na identyfikatory i karty dost\u0119pu wykonane s\u0105 z biodegradowalnego tworzywa sztucznego Oxo, aby zmniejszy\u0107 wp\u0142yw na \u015brodowisko. Jednostronny uchwyt o poziomej konstrukcji idealnie nadaje si\u0119 do ochrony dowod\u00f3w osobistych i przepustek w standardzie CR80 (86 x 54 mm). Formowany grzbiet zapobiega zginaniu si\u0119 i p\u0119kaniu kart, oszcz\u0119dzaj\u0105c czas i pieni\u0105dze dzi\u0119ki mniejszej liczbie wymian kart.<\/p>\n<ul>\n<li><strong>Ekologiczny projekt:<\/strong> Wykonane z oksy-biodegradowalnego tworzywa sztucznego.<\/li>\n<li><strong>Rozmiar standardowy:<\/strong> Pasuje do wszystkich kart CR80 (86 x 54 mm).<\/li>\n<li><strong>Bezpieczne przechowywanie:<\/strong> Chroni przed kr\u00f3tkimi zgi\u0119ciami i p\u0119kni\u0119ciami.<\/li>\n<li><strong>Sprzedawane w opakowaniach po 100 sztuk:<\/strong> Idealny dla firm i organizacji.<\/li>\n<li><strong>Zmniejsza wp\u0142yw na klimat:<\/strong> Przyczynia si\u0119 do bardziej zr\u00f3wnowa\u017conego biznesu.<\/li>\n<\/ul>\n<p><strong>Idealny dla:<\/strong><\/p>\n<ul>\n<li>Dow\u00f3d osobisty<\/li>\n<li>Karta dost\u0119pu<\/li>\n<li>Tagi zabezpieczaj\u0105ce<\/li>\n<\/ul>\n<p>Po\u0142\u0105cz z naszym <strong>falrep<\/strong> dla kompletnego rozwi\u0105zania!<\/p>\n<\/div>","protected":false},"excerpt":{"rendered":"<p>Ekologiczne etui na dow\u00f3d osobisty wykonane z tworzywa sztucznego ulegaj\u0105cego biodegradacji Oxo. Pasuje do kart dost\u0119pu i identyfikator\u00f3w w standardzie CR80. Konstrukcja pozioma z zabezpieczeniem przed zginaniem i p\u0119kaniem. Idealny dla firm, kt\u00f3re chc\u0105 zmniejszy\u0107 sw\u00f3j wp\u0142yw na klimat. Sprzedawane w opakowaniach po 100 sztuk.<\/p>","protected":false},"featured_media":145318,"template":"","meta":{"_acf_changed":false},"product_brand":[],"product_cat":[4886,1667],"product_tag":[4523,2847,4524,2958,4526],"class_list":{"0":"post-57220","1":"product","2":"type-product","3":"status-publish","4":"has-post-thumbnail","6":"product_cat-enkelsidig-liggande-korthallare","7":"product_cat-korthallare-passerkort-idkort","8":"product_tag-enkelsidig-korthallare","9":"product_tag-korthallare-liggande-eko","10":"product_tag-liggande-korthallare","11":"product_tag-stonehouse-produkt","12":"product_tag-svart-korthallare","13":"product_shipping_class-tunga-paket","14":"pa_brands-stonehouse-security","15":"pa_farg-svart","16":"pa_rfid-tillbehor-korthallare","17":"tm-no-options","19":"first","20":"instock","21":"sale","22":"taxable","23":"shipping-taxable","24":"purchasable","25":"product-type-simple"},"acf":[],"_links":{"self":[{"href":"https:\/\/secureus.se\/pl\/wp-json\/wp\/v2\/product\/57220","targetHints":{"allow":["GET"]}}],"collection":[{"href":"https:\/\/secureus.se\/pl\/wp-json\/wp\/v2\/product"}],"about":[{"href":"https:\/\/secureus.se\/pl\/wp-json\/wp\/v2\/types\/product"}],"wp:featuredmedia":[{"embeddable":true,"href":"https:\/\/secureus.se\/pl\/wp-json\/wp\/v2\/media\/145318"}],"wp:attachment":[{"href":"https:\/\/secureus.se\/pl\/wp-json\/wp\/v2\/media?parent=57220"}],"wp:term":[{"taxonomy":"product_brand","embeddable":true,"href":"https:\/\/secureus.se\/pl\/wp-json\/wp\/v2\/product_brand?post=57220"},{"taxonomy":"product_cat","embeddable":true,"href":"https:\/\/secureus.se\/pl\/wp-json\/wp\/v2\/product_cat?post=57220"},{"taxonomy":"product_tag","embeddable":true,"href":"https:\/\/secureus.se\/pl\/wp-json\/wp\/v2\/product_tag?post=57220"}],"curies":[{"name":"wp","href":"https:\/\/api.w.org\/{rel}","templated":true}]}}