{"id":57227,"date":"2022-03-10T15:27:00","date_gmt":"2022-03-10T14:27:00","guid":{"rendered":"https:\/\/secureus.se\/produkt\/ensidig-eko-serie-id-korthallare-staende-for-cr80-kort-100-pack-farg-svart\/"},"modified":"2026-04-16T10:20:00","modified_gmt":"2026-04-16T08:20:00","slug":"id-korthallare-passerkortshallare-svart-enkel-staende-100-pack","status":"publish","type":"product","link":"https:\/\/secureus.se\/pl\/id-korthallare-passerkortshallare-svart-enkel-staende-100-pack\/","title":{"rendered":"Etui na karty dost\u0119pu \/ identyfikatory \u2013 Eko BioBadge CR80 Pionowe, Jednostronne, Czarne (opakowanie 100 szt.)"},"content":{"rendered":"<p>Czarne jednostronne etui na dow\u00f3d osobisty w formacie pionowym to trwa\u0142a i przyjazna dla \u015brodowiska opcja ekspozycji dowod\u00f3w osobistych, kart dost\u0119pu i innych wa\u017cnych kart. Wykonane z oksydegradowalnego plastiku, to etui na karty pomaga zmniejszy\u0107 \u015blad w\u0119glowy bez utraty jako\u015bci i funkcjonalno\u015bci.<\/p>\n<ul>\n<li><strong>Sprzedawane w opakowaniach po 100 sztuk<\/strong><\/li>\n<li><strong>Mierzy\u0107:<\/strong> 86 x 54 mm<\/li>\n<li><strong>Pasuje do standardowych kart o rozmiarze CR80<\/strong><\/li>\n<li><strong>Jednostronna konstrukcja zapewniaj\u0105ca przejrzyst\u0105 i bezpieczn\u0105 prezentacj\u0119 kart<\/strong><\/li>\n<li>Formowane kraw\u0119dzie chroni\u0105 karty przed zginaniem i p\u0119kaniem<\/li>\n<\/ul>\n<p>Idealny do miejsc pracy, wydarze\u0144 i innych \u015brodowisk, w kt\u00f3rych wymagany jest praktyczny i trwa\u0142y uchwyt na karty. Dokonaj ekologicznego wyboru, nie rezygnuj\u0105c z funkcjonalno\u015bci.<\/p>\n<p><strong>Wybierz ten trwa\u0142y i ekologiczny uchwyt na karty dostosowany do Twoich potrzeb ju\u017c dzi\u015b!<\/strong><\/p>","protected":false},"excerpt":{"rendered":"<p>Czarne jednostronne etui na dow\u00f3d osobisty w formacie pionowym, wykonane z tworzywa oksydegradowalnego. Pasuje do standardowych kart w rozmiarze CR80 (86\u00d754 mm). Dostarczane w opakowaniach po 100 szt.<\/p>","protected":false},"featured_media":145229,"template":"","meta":{"_acf_changed":false},"product_brand":[],"product_cat":[4888,1667],"product_tag":[4523,2869,2851,4526],"class_list":{"0":"post-57227","1":"product","2":"type-product","3":"status-publish","4":"has-post-thumbnail","6":"product_cat-enkelsidig-staende-korthallare","7":"product_cat-korthallare-passerkort-idkort","8":"product_tag-enkelsidig-korthallare","9":"product_tag-korthallare-staende","10":"product_tag-korthallare-staende-eko","11":"product_tag-svart-korthallare","12":"product_shipping_class-tunga-paket","13":"pa_brands-stonehouse-security","14":"pa_farg-svart","15":"pa_rfid-tillbehor-korthallare","16":"tm-no-options","18":"first","19":"instock","20":"sale","21":"taxable","22":"shipping-taxable","23":"purchasable","24":"product-type-simple"},"acf":[],"_links":{"self":[{"href":"https:\/\/secureus.se\/pl\/wp-json\/wp\/v2\/product\/57227","targetHints":{"allow":["GET"]}}],"collection":[{"href":"https:\/\/secureus.se\/pl\/wp-json\/wp\/v2\/product"}],"about":[{"href":"https:\/\/secureus.se\/pl\/wp-json\/wp\/v2\/types\/product"}],"wp:featuredmedia":[{"embeddable":true,"href":"https:\/\/secureus.se\/pl\/wp-json\/wp\/v2\/media\/145229"}],"wp:attachment":[{"href":"https:\/\/secureus.se\/pl\/wp-json\/wp\/v2\/media?parent=57227"}],"wp:term":[{"taxonomy":"product_brand","embeddable":true,"href":"https:\/\/secureus.se\/pl\/wp-json\/wp\/v2\/product_brand?post=57227"},{"taxonomy":"product_cat","embeddable":true,"href":"https:\/\/secureus.se\/pl\/wp-json\/wp\/v2\/product_cat?post=57227"},{"taxonomy":"product_tag","embeddable":true,"href":"https:\/\/secureus.se\/pl\/wp-json\/wp\/v2\/product_tag?post=57227"}],"curies":[{"name":"wp","href":"https:\/\/api.w.org\/{rel}","templated":true}]}}