{"id":57228,"date":"2022-03-10T15:27:00","date_gmt":"2022-03-10T14:27:00","guid":{"rendered":"https:\/\/secureus.se\/produkt\/dubbelsidig-eko-serie-id-korthallare-staende-for-cr80-kort-100-pack-farg-genomskinlig\/"},"modified":"2025-12-31T19:44:01","modified_gmt":"2025-12-31T18:44:01","slug":"id-korthallare-passerkortshallare-transparent-dubbel-staende-100-pack","status":"publish","type":"product","link":"https:\/\/secureus.se\/pl\/id-korthallare-passerkortshallare-transparent-dubbel-staende-100-pack\/","title":{"rendered":"Etui na karty dost\u0119pu \/ identyfikatory \u2013 Eko BioBadge CR80 Pionowe, dwustronne, przezroczyste (opakowanie 100 szt.)"},"content":{"rendered":"<div id=\"Product-Description\">\n<p>Przezroczysty dwustronny wizytownik w formacie pionowym to idealny wyb\u00f3r do bezpiecznej i trwa\u0142ej prezentacji dowod\u00f3w osobistych, przepustek i innych wa\u017cnych kart. Wykonane z oksydegradowalnego tworzywa sztucznego etui na karty pomaga zmniejszy\u0107 \u015blad w\u0119glowy, a jednocze\u015bnie oferuje najwy\u017csz\u0105 jako\u015b\u0107 i funkcjonalno\u015b\u0107.<\/p>\n<ul>\n<li><strong>Sprzedawane w opakowaniach po 100 sztuk<\/strong><\/li>\n<li><strong>Mierzy\u0107:<\/strong> 86 x 54 mm<\/li>\n<li><strong>Pasuje do standardowych kart o rozmiarze CR80<\/strong><\/li>\n<li><strong>Podw\u00f3jna konstrukcja zapewniaj\u0105ca elastyczne zastosowanie po obu stronach<\/strong><\/li>\n<li>Formowane kraw\u0119dzie zmniejszaj\u0105 ryzyko kr\u00f3tkich zgi\u0119\u0107 i p\u0119kni\u0119\u0107<\/li>\n<\/ul>\n<p>Ten przyjazny dla \u015brodowiska posiadacz karty idealnie nadaje si\u0119 do miejsc pracy, wydarze\u0144 i innych kontekst\u00f3w, w kt\u00f3rych priorytetem jest zr\u00f3wnowa\u017cony rozw\u00f3j i funkcjonalno\u015b\u0107. Dbaj o ochron\u0119 i widoczno\u015b\u0107 swoich kart, dokonuj\u0105c \u015bwiadomego wyboru dla \u015brodowiska.<\/p>\n<p><strong>Zam\u00f3w przezroczysty, dwustronny uchwyt na karty ju\u017c dzi\u015b!<\/strong><\/p>\n<\/div>","protected":false},"excerpt":{"rendered":"<p>Przezroczyste, dwustronne etui na dow\u00f3d osobisty w formacie pionowym, wykonane z tworzywa oksydegradowalnego. Pasuje do standardowych kart w rozmiarze CR80 (86\u00d754 mm). Dostarczane w opakowaniach po 100 szt.<\/p>","protected":false},"featured_media":145337,"template":"","meta":{"_acf_changed":false},"product_brand":[],"product_cat":[1667,4887],"product_tag":[4528,2869,2851,2958,4525],"class_list":{"0":"post-57228","1":"product","2":"type-product","3":"status-publish","4":"has-post-thumbnail","6":"product_cat-korthallare-passerkort-idkort","7":"product_cat-dubbelsidig-staende-korthallare","8":"product_tag-dubbelsidig-korthallare","9":"product_tag-korthallare-staende","10":"product_tag-korthallare-staende-eko","11":"product_tag-stonehouse-produkt","12":"product_tag-transparent-korthallare","13":"product_shipping_class-tunga-paket","14":"pa_brands-stonehouse-security","15":"pa_farg-transparent","16":"pa_rfid-tillbehor-korthallare","17":"tm-no-options","19":"first","20":"instock","21":"sale","22":"taxable","23":"shipping-taxable","24":"purchasable","25":"product-type-simple"},"acf":[],"_links":{"self":[{"href":"https:\/\/secureus.se\/pl\/wp-json\/wp\/v2\/product\/57228","targetHints":{"allow":["GET"]}}],"collection":[{"href":"https:\/\/secureus.se\/pl\/wp-json\/wp\/v2\/product"}],"about":[{"href":"https:\/\/secureus.se\/pl\/wp-json\/wp\/v2\/types\/product"}],"wp:featuredmedia":[{"embeddable":true,"href":"https:\/\/secureus.se\/pl\/wp-json\/wp\/v2\/media\/145337"}],"wp:attachment":[{"href":"https:\/\/secureus.se\/pl\/wp-json\/wp\/v2\/media?parent=57228"}],"wp:term":[{"taxonomy":"product_brand","embeddable":true,"href":"https:\/\/secureus.se\/pl\/wp-json\/wp\/v2\/product_brand?post=57228"},{"taxonomy":"product_cat","embeddable":true,"href":"https:\/\/secureus.se\/pl\/wp-json\/wp\/v2\/product_cat?post=57228"},{"taxonomy":"product_tag","embeddable":true,"href":"https:\/\/secureus.se\/pl\/wp-json\/wp\/v2\/product_tag?post=57228"}],"curies":[{"name":"wp","href":"https:\/\/api.w.org\/{rel}","templated":true}]}}