{"id":57236,"date":"2022-03-10T15:27:00","date_gmt":"2022-03-10T14:27:00","guid":{"rendered":"https:\/\/secureus.se\/produkt\/dubbelsidig-eko-serie-id-korthallare-staende-for-cr80-kort-100-pack-farg-svart\/"},"modified":"2026-02-17T13:21:13","modified_gmt":"2026-02-17T12:21:13","slug":"id-korthallare-passerkortshallare-svart-dubbel-staende-100-pack","status":"publish","type":"product","link":"https:\/\/secureus.se\/pl\/id-korthallare-passerkortshallare-svart-dubbel-staende-100-pack\/","title":{"rendered":"Etui na legitymacj\u0119 \/ dow\u00f3d osobisty - Eko BioBadge CR80 Upright, dwustronne, czarne (opakowanie 100 szt.)"},"content":{"rendered":"<div id=\"Product-Description\">\n<p>Czarne, dwustronne etui na dow\u00f3d osobisty w formacie pionowym zosta\u0142o zaprojektowane tak, aby spe\u0142nia\u0107 zar\u00f3wno wymagania dotycz\u0105ce trwa\u0142o\u015bci, jak i bezpiecze\u0144stwa. Wykonany z oksydegradowalnego tworzywa sztucznego, pomaga zmniejszy\u0107 \u015blad w\u0119glowy, zapewniaj\u0105c jednocze\u015bnie solidn\u0105 i niezawodn\u0105 jako\u015b\u0107.<\/p>\n<ul>\n<li><strong>Sprzedawane w opakowaniach po 100 sztuk<\/strong><\/li>\n<li><strong>Mierzy\u0107:<\/strong> 86 x 54 mm<\/li>\n<li><strong>Pasuje do standardowych kart o rozmiarze CR80<\/strong><\/li>\n<li><strong>Podw\u00f3jna konstrukcja do wy\u015bwietlania i ochrony obu stron karty<\/strong><\/li>\n<li>Formowane kraw\u0119dzie zapobiegaj\u0105 zginaniu si\u0119 i p\u0119kaniu kart, redukuj\u0105c potrzeb\u0119 wymiany kart<\/li>\n<\/ul>\n<p>Idealny do stosowania w miejscach pracy, na wydarzeniach i innych kontekstach zawodowych. Trwa\u0142a konstrukcja \u0142\u0105czy w sobie styl i funkcjonalno\u015b\u0107, aby zapewni\u0107, \u017ce Twoje karty identyfikacyjne, legitymacje i inne wa\u017cne karty pozostan\u0105 bezpieczne i \u0142atwo dost\u0119pne.<\/p>\n<p><strong>Zam\u00f3w ju\u017c dzi\u015b sw\u00f3j czarny dwustronny wizytownik i dokonaj zr\u00f3wnowa\u017conego wyboru!<\/strong><\/p>\n<\/div>","protected":false},"excerpt":{"rendered":"<p>Czarne dwustronne etui na dow\u00f3d osobisty w formacie pionowym, wykonane z tworzywa oksydegradowalnego. Pasuje do standardowych kart w rozmiarze CR80 (86\u00d754 mm). Dostarczane w opakowaniach po 100 sztuk.<\/p>","protected":false},"featured_media":145492,"template":"","meta":{"_acf_changed":false},"product_brand":[],"product_cat":[4887,1667],"product_tag":[4528,2869,2851,2958,4526],"class_list":{"0":"post-57236","1":"product","2":"type-product","3":"status-publish","4":"has-post-thumbnail","6":"product_cat-dubbelsidig-staende-korthallare","7":"product_cat-korthallare-passerkort-idkort","8":"product_tag-dubbelsidig-korthallare","9":"product_tag-korthallare-staende","10":"product_tag-korthallare-staende-eko","11":"product_tag-stonehouse-produkt","12":"product_tag-svart-korthallare","13":"product_shipping_class-tunga-paket","14":"pa_brands-stonehouse-security","15":"pa_farg-svart","16":"pa_rfid-tillbehor-korthallare","17":"tm-no-options","19":"first","20":"instock","21":"sale","22":"taxable","23":"shipping-taxable","24":"purchasable","25":"product-type-simple"},"acf":[],"_links":{"self":[{"href":"https:\/\/secureus.se\/pl\/wp-json\/wp\/v2\/product\/57236","targetHints":{"allow":["GET"]}}],"collection":[{"href":"https:\/\/secureus.se\/pl\/wp-json\/wp\/v2\/product"}],"about":[{"href":"https:\/\/secureus.se\/pl\/wp-json\/wp\/v2\/types\/product"}],"wp:featuredmedia":[{"embeddable":true,"href":"https:\/\/secureus.se\/pl\/wp-json\/wp\/v2\/media\/145492"}],"wp:attachment":[{"href":"https:\/\/secureus.se\/pl\/wp-json\/wp\/v2\/media?parent=57236"}],"wp:term":[{"taxonomy":"product_brand","embeddable":true,"href":"https:\/\/secureus.se\/pl\/wp-json\/wp\/v2\/product_brand?post=57236"},{"taxonomy":"product_cat","embeddable":true,"href":"https:\/\/secureus.se\/pl\/wp-json\/wp\/v2\/product_cat?post=57236"},{"taxonomy":"product_tag","embeddable":true,"href":"https:\/\/secureus.se\/pl\/wp-json\/wp\/v2\/product_tag?post=57236"}],"curies":[{"name":"wp","href":"https:\/\/api.w.org\/{rel}","templated":true}]}}