{"id":57237,"date":"2022-03-10T15:27:00","date_gmt":"2022-03-10T14:27:00","guid":{"rendered":"https:\/\/secureus.se\/produkt\/nyckelband-20-mm-sakerhetsspanne-och-spanne-av-metall-100-pack-farg-svart\/"},"modified":"2026-01-02T12:13:15","modified_gmt":"2026-01-02T11:13:15","slug":"nyckelband-20mm-svart-sakerhetsspanne-metallklamma-100-pack","status":"publish","type":"product","link":"https:\/\/secureus.se\/pl\/nyckelband-20mm-svart-sakerhetsspanne-metallklamma-100-pack\/","title":{"rendered":"Brelok 20 mm Czarny - Klamra bezpiecze\u0144stwa i metalowy klips - 100 szt"},"content":{"rendered":"<div id=\"Product-Description\">\n<p>Te trwa\u0142e breloczki do kluczy s\u0105 wykonane z materia\u0142u PET pochodz\u0105cego z recyklingu i maj\u0105 szeroko\u015b\u0107 20 mm i d\u0142ugo\u015b\u0107 90 cm. Dzi\u0119ki solidnej konstrukcji i p\u0142askiej klamrze zabezpieczaj\u0105cej idealnie nadaj\u0105 si\u0119 do bezpiecznego i wygodnego u\u017cytkowania zar\u00f3wno w \u015brodowisku pracy, jak i podczas wydarze\u0144. Wbudowana metalowa klamra umo\u017cliwia \u0142atwe przymocowanie i wyeksponowanie dowod\u00f3w osobistych, brelok\u00f3w lub innych przedmiot\u00f3w.<\/p>\n<p><strong>Funkcje i zalety:<\/strong><\/p>\n<ul>\n<li><strong>Trwa\u0142y materia\u0142:<\/strong> Materia\u0142 PET z recyklingu, kt\u00f3ry \u0142\u0105czy przyjazno\u015b\u0107 dla \u015brodowiska z d\u0142ug\u0105 \u017cywotno\u015bci\u0105.<\/li>\n<li><strong>Klamra bezpiecze\u0144stwa:<\/strong> Dla bezpiecznego u\u017cytkowania i \u0142atwego usuwania w razie potrzeby.<\/li>\n<li><strong>Metalowy klips:<\/strong> Wytrzyma\u0142y metalowy klips spustowy do mocowania przedmiot\u00f3w na miejscu.<\/li>\n<li><strong>Niestandardowe zastosowania:<\/strong> Idealny do dowod\u00f3w osobistych, wizyt\u00f3wek, breloczk\u00f3w, pendrive&#039;\u00f3w i telefon\u00f3w kom\u00f3rkowych.<\/li>\n<\/ul>\n<p><strong>Dane techniczne:<\/strong><\/p>\n<ul>\n<li><strong>Szeroko\u015b\u0107:<\/strong> 20 mm<\/li>\n<li><strong>D\u0142ugo\u015b\u0107:<\/strong> 90cm<\/li>\n<li><strong>Zabarwienie:<\/strong> Czarny (dost\u0119pny r\u00f3wnie\u017c w kolorze czerwonym, niebieskim i bia\u0142ym)<\/li>\n<li><strong>Opakowanie:<\/strong> Sprzedawane w zestawach po 100 sztuk<\/li>\n<\/ul>\n<p>Te smycze s\u0105 konieczno\u015bci\u0105 dla firm, szk\u00f3\u0142 i wydarze\u0144, gdzie bezpiecze\u0144stwo i \u0142atwa identyfikacja s\u0105 priorytetem. Zam\u00f3w ju\u017c dzi\u015b i zapewnij swoim pracownikom lub go\u015bciom praktyczne i niezawodne rozwi\u0105zanie!<\/p>\n<\/div>","protected":false},"excerpt":{"rendered":"<p>\u0141a\u0144cuszek do kluczy 20 mm z wytrzyma\u0142ego materia\u0142u PET pochodz\u0105cego z recyklingu, z klamr\u0105 zabezpieczaj\u0105c\u0105 i metalowym klipsem. Idealny do dowod\u00f3w osobistych, brelok\u00f3w i kart pami\u0119ci. Sprzedawane w opakowaniach po 100 i 20 mm, dost\u0119pne r\u00f3wnie\u017c w kolorze czerwonym, niebieskim i bia\u0142ym.<\/p>","protected":false},"featured_media":145162,"template":"","meta":{"_acf_changed":false},"product_brand":[],"product_cat":[1875],"product_tag":[4359,2958,4349],"class_list":{"0":"post-57237","1":"product","2":"type-product","3":"status-publish","4":"has-post-thumbnail","6":"product_cat-nyckelband","7":"product_tag-20mm","8":"product_tag-stonehouse-produkt","9":"product_tag-svart-nyckelband","10":"product_shipping_class-tunga-paket","11":"pa_brands-stonehouse-security","12":"pa_farg-svart","13":"pa_farg-nyckelband-svart","14":"pa_rfid-tillbehor-nyckelband-halsband","15":"tm-no-options","17":"first","18":"instock","19":"sale","20":"featured","21":"taxable","22":"shipping-taxable","23":"purchasable","24":"product-type-simple"},"acf":[],"_links":{"self":[{"href":"https:\/\/secureus.se\/pl\/wp-json\/wp\/v2\/product\/57237","targetHints":{"allow":["GET"]}}],"collection":[{"href":"https:\/\/secureus.se\/pl\/wp-json\/wp\/v2\/product"}],"about":[{"href":"https:\/\/secureus.se\/pl\/wp-json\/wp\/v2\/types\/product"}],"wp:featuredmedia":[{"embeddable":true,"href":"https:\/\/secureus.se\/pl\/wp-json\/wp\/v2\/media\/145162"}],"wp:attachment":[{"href":"https:\/\/secureus.se\/pl\/wp-json\/wp\/v2\/media?parent=57237"}],"wp:term":[{"taxonomy":"product_brand","embeddable":true,"href":"https:\/\/secureus.se\/pl\/wp-json\/wp\/v2\/product_brand?post=57237"},{"taxonomy":"product_cat","embeddable":true,"href":"https:\/\/secureus.se\/pl\/wp-json\/wp\/v2\/product_cat?post=57237"},{"taxonomy":"product_tag","embeddable":true,"href":"https:\/\/secureus.se\/pl\/wp-json\/wp\/v2\/product_tag?post=57237"}],"curies":[{"name":"wp","href":"https:\/\/api.w.org\/{rel}","templated":true}]}}