{"id":57247,"date":"2022-03-10T15:26:00","date_gmt":"2022-03-10T14:26:00","guid":{"rendered":"https:\/\/secureus.se\/produkt\/nyckelband-eko-10-mm-sakerhetsspanne-hummerklamma-i-metall-100-pack-farg-violett\/"},"modified":"2026-01-02T12:11:28","modified_gmt":"2026-01-02T11:11:28","slug":"nyckelband-eko-10-mm-sakerhetsspanne-hummerklamma-i-metall-100-pack-farg-violett","status":"publish","type":"product","link":"https:\/\/secureus.se\/pl\/nyckelband-eko-10-mm-sakerhetsspanne-hummerklamma-i-metall-100-pack-farg-violett\/","title":{"rendered":"Brelok Eco Purple 10 mm Klamra zabezpieczaj\u0105ca karabi\u0144czyk 100 szt"},"content":{"rendered":"<p>Luksusowy czerwony pasek poliestrowy 10 mm z metalow\u0105 klamr\u0105 zapinan\u0105 na klamr\u0119 zabezpieczaj\u0105c\u0105.<\/p>\n<p>Dostarczane w paczkach po 100 kluczy<\/p>\n<p>Klamra bezpiecze\u0144stwa zapewnia wi\u0119ksze bezpiecze\u0144stwo poprzez poluzowanie si\u0119 w przypadku jej poci\u0105gni\u0119cia lub utkni\u0119cia np. w ubraniu. maszyneria.<\/p>\n<p>Po od\u0142\u0105czeniu smycz mo\u017cna z \u0142atwo\u015bci\u0105 ponownie przymocowa\u0107.<\/p>\n<p>Idealny do eksponowania dowod\u00f3w osobistych, kart go\u015bci lub mocowania innych przedmiot\u00f3w, takich jak telefony kom\u00f3rkowe, gwizdki, pami\u0119ci USB itp.<\/p>","protected":false},"excerpt":{"rendered":"<p>Luksusowy czerwony pasek poliestrowy 10 mm z metalow\u0105 klamr\u0105 zapinan\u0105 na klamr\u0119 zabezpieczaj\u0105c\u0105. Dostarczane w opakowaniach po 100 kluczy. Klamra bezpiecze\u0144stwa zapewnia wi\u0119ksze bezpiecze\u0144stwo poprzez poluzowanie przy poci\u0105gni\u0119ciu lub zaczepieniu<\/p>","protected":false},"featured_media":145583,"template":"","meta":{"_acf_changed":false},"product_brand":[],"product_cat":[1875],"product_tag":[4348,4355],"class_list":{"0":"post-57247","1":"product","2":"type-product","3":"status-publish","4":"has-post-thumbnail","6":"product_cat-nyckelband","7":"product_tag-10mm","8":"product_tag-lila-nyckelband","9":"product_shipping_class-tunga-paket","10":"pa_brands-stonehouse-security","11":"pa_farg-lila","12":"pa_farg-nyckelband-lila","13":"pa_rfid-tillbehor-nyckelband-halsband","14":"tm-no-options","16":"first","17":"instock","18":"sale","19":"featured","20":"taxable","21":"shipping-taxable","22":"purchasable","23":"product-type-simple"},"acf":[],"_links":{"self":[{"href":"https:\/\/secureus.se\/pl\/wp-json\/wp\/v2\/product\/57247","targetHints":{"allow":["GET"]}}],"collection":[{"href":"https:\/\/secureus.se\/pl\/wp-json\/wp\/v2\/product"}],"about":[{"href":"https:\/\/secureus.se\/pl\/wp-json\/wp\/v2\/types\/product"}],"wp:featuredmedia":[{"embeddable":true,"href":"https:\/\/secureus.se\/pl\/wp-json\/wp\/v2\/media\/145583"}],"wp:attachment":[{"href":"https:\/\/secureus.se\/pl\/wp-json\/wp\/v2\/media?parent=57247"}],"wp:term":[{"taxonomy":"product_brand","embeddable":true,"href":"https:\/\/secureus.se\/pl\/wp-json\/wp\/v2\/product_brand?post=57247"},{"taxonomy":"product_cat","embeddable":true,"href":"https:\/\/secureus.se\/pl\/wp-json\/wp\/v2\/product_cat?post=57247"},{"taxonomy":"product_tag","embeddable":true,"href":"https:\/\/secureus.se\/pl\/wp-json\/wp\/v2\/product_tag?post=57247"}],"curies":[{"name":"wp","href":"https:\/\/api.w.org\/{rel}","templated":true}]}}