{"id":57253,"date":"2022-03-10T15:26:00","date_gmt":"2022-03-10T14:26:00","guid":{"rendered":"https:\/\/secureus.se\/produkt\/jojo-mini-gron\/"},"modified":"2026-04-08T09:01:09","modified_gmt":"2026-04-08T07:01:09","slug":"jojo-mini-gron","status":"publish","type":"product","link":"https:\/\/secureus.se\/pl\/jojo-mini-gron\/","title":{"rendered":"Brelok z wysuwanym uchwytem i klipsem \u2013 Zielony"},"content":{"rendered":"<p>To popularne, elastyczne jo-jo jest wykonane z wytrzyma\u0142ego tworzywa ABS i wyposa\u017cone w metalowy brelok do kluczy. Dzi\u0119ki \u015brednicy 30 mm i grubo\u015bci 10 mm jest kompaktowy, a jednocze\u015bnie solidny, idealny do codziennego u\u017cytku. Wyposa\u017cony w wytrzyma\u0142y przew\u00f3d o d\u0142ugo\u015bci 60 cm, zapewnia wygod\u0119 i funkcjonalno\u015b\u0107.<\/p>\n<h4>Funkcje i zalety:<\/h4>\n<ul>\n<li><strong>Zr\u00f3wnowa\u017cony projekt:<\/strong> Wykonane z wytrzyma\u0142ego tworzywa ABS, zapewniaj\u0105cego d\u0142ugotrwa\u0142e u\u017cytkowanie.<\/li>\n<li><strong>Mocny klips do paska:<\/strong> Stabilne urz\u0105dzenie mocuj\u0105ce do bezpiecznego mocowania do pask\u00f3w, kieszeni lub toreb.<\/li>\n<li><strong>Mocny metalowy brelok do kluczy:<\/strong> Solidny metalowy brelok do kluczy zapewniaj\u0105cy dodatkow\u0105 trwa\u0142o\u015b\u0107.<\/li>\n<li><strong>Kilka opcji kolorystycznych:<\/strong> Dost\u0119pne w kolorze czarnym, \u017c\u00f3\u0142tym, bia\u0142ym, niebieskim i zielonym, aby dopasowa\u0107 si\u0119 do Twojego stylu i potrzeb.<\/li>\n<li><strong>D\u0142ugo\u015b\u0107 d\u0142ugiego sznurka:<\/strong> Wyposa\u017cony w nylonowy sznurek o d\u0142ugo\u015bci 60 cm zapewniaj\u0105cy \u0142atwy dost\u0119p.<\/li>\n<\/ul>\n<h4>Obszary zastosowania:<\/h4>\n<ul>\n<li><strong>Pracownicy biura:<\/strong> Idealny do przechowywania kluczy lub dowod\u00f3w osobistych w \u0142atwo dost\u0119pnym miejscu.<\/li>\n<li><strong>Pracownicy ochrony:<\/strong> Idealny do przenoszenia sprz\u0119tu zabezpieczaj\u0105cego lub kluczy.<\/li>\n<li><strong>Personel wydarzenia:<\/strong> Przydatny do przechowywania dowod\u00f3w osobistych lub kart dost\u0119pu w widocznym i \u0142atwo dost\u0119pnym miejscu.<\/li>\n<li><strong>Codzienne u\u017cytkowanie:<\/strong> Praktyczne rozwi\u0105zanie dla ka\u017cdego, kto potrzebuje szybkiego i \u0142atwego dost\u0119pu do swoich kluczy lub kart.<\/li>\n<\/ul>\n<h4>Specyfikacja techniczna:<\/h4>\n<ul>\n<li><strong>Tworzywo:<\/strong> Plastik ABS<\/li>\n<li><strong>Rozmiar:<\/strong> \u015arednica 30 mm, grubo\u015b\u0107 10 mm<\/li>\n<li><strong>D\u0142ugo\u015b\u0107 przewodu:<\/strong> 60cm<\/li>\n<li><strong>Farba:<\/strong> Czarny, \u017c\u00f3\u0142ty, bia\u0142y, niebieski, zielony<\/li>\n<\/ul>\n<h3>Zalety wysuwanego breloka do kluczy:<\/h3>\n<ul>\n<li>Prosta i \u0142atwa instalacja<\/li>\n<li>Nie wymaga wiercenia<\/li>\n<li>Szybka instalacja<\/li>\n<li>Idealny do dach\u00f3w litych, takich jak beton, gdzie wiercenie mo\u017ce by\u0107 trudne lub niepo\u017c\u0105dane<\/li>\n<\/ul>","protected":false},"excerpt":{"rendered":"<p>Ten por\u0119czny, wysuwany brelok do kluczy z jo-jo z tworzywa ABS jest idealny do \u0142atwego i bezpiecznego dost\u0119pu do kluczy lub dowod\u00f3w osobistych. W zestawie znajduje si\u0119 metalowy brelok do kluczy i wytrzyma\u0142y klips do bezpiecznego mocowania.<\/p>","protected":false},"featured_media":147644,"template":"","meta":{"_acf_changed":false},"product_brand":[],"product_cat":[1676,2901,1324],"product_tag":[2958],"class_list":{"0":"post-57253","1":"product","2":"type-product","3":"status-publish","4":"has-post-thumbnail","6":"product_cat-jojos-och-nyckelringar","7":"product_cat-jojo-yoyo-alltid-i-lager","8":"product_cat-outlet","9":"product_tag-stonehouse-produkt","10":"product_shipping_class-postnord-varubrev","11":"pa_brands-stonehouse-security","12":"pa_farg-gron","13":"pa_rfid-tillbehor-jojo","14":"tm-no-options","16":"first","17":"instock","18":"sale","19":"featured","20":"taxable","21":"shipping-taxable","22":"purchasable","23":"product-type-simple"},"acf":[],"_links":{"self":[{"href":"https:\/\/secureus.se\/pl\/wp-json\/wp\/v2\/product\/57253","targetHints":{"allow":["GET"]}}],"collection":[{"href":"https:\/\/secureus.se\/pl\/wp-json\/wp\/v2\/product"}],"about":[{"href":"https:\/\/secureus.se\/pl\/wp-json\/wp\/v2\/types\/product"}],"wp:featuredmedia":[{"embeddable":true,"href":"https:\/\/secureus.se\/pl\/wp-json\/wp\/v2\/media\/147644"}],"wp:attachment":[{"href":"https:\/\/secureus.se\/pl\/wp-json\/wp\/v2\/media?parent=57253"}],"wp:term":[{"taxonomy":"product_brand","embeddable":true,"href":"https:\/\/secureus.se\/pl\/wp-json\/wp\/v2\/product_brand?post=57253"},{"taxonomy":"product_cat","embeddable":true,"href":"https:\/\/secureus.se\/pl\/wp-json\/wp\/v2\/product_cat?post=57253"},{"taxonomy":"product_tag","embeddable":true,"href":"https:\/\/secureus.se\/pl\/wp-json\/wp\/v2\/product_tag?post=57253"}],"curies":[{"name":"wp","href":"https:\/\/api.w.org\/{rel}","templated":true}]}}