{"id":57255,"date":"2022-03-10T15:26:00","date_gmt":"2022-03-10T14:26:00","guid":{"rendered":"https:\/\/secureus.se\/produkt\/nyckelband-eko-10-mm-sakerhetsspanne-hummerklamma-i-metall-100-pack-farg-gul\/"},"modified":"2026-01-02T12:11:44","modified_gmt":"2026-01-02T11:11:44","slug":"nyckelband-10mm-gul-metallklamma-100-pack","status":"publish","type":"product","link":"https:\/\/secureus.se\/pl\/nyckelband-10mm-gul-metallklamma-100-pack\/","title":{"rendered":"Brelok 10 mm \u017c\u00f3\u0142ty - metalowy karabi\u0144czyk i klamra zabezpieczaj\u0105ca - 100 szt"},"content":{"rendered":"<p>Te \u017c\u00f3\u0142te smycze o szeroko\u015bci 10 mm to trwa\u0142y i praktyczny wyb\u00f3r do porz\u0105dkowania i eksponowania dowod\u00f3w osobistych, przepustek lub breloczk\u00f3w do kluczy. Wykonane z trwa\u0142ego materia\u0142u PET pochodz\u0105cego z recyklingu, s\u0105 przyjazne dla \u015brodowiska i wytrzyma\u0142e.<\/p>\n<ul>\n<li><strong>Trwa\u0142e materia\u0142y:<\/strong> Materia\u0142 PET z recyklingu to rozwi\u0105zanie przyjazne dla \u015brodowiska i zr\u00f3wnowa\u017cone.<\/li>\n<li><strong>Metalowy zacisk homarowy:<\/strong> Bezpieczne i wytrzyma\u0142e do mocowania dowod\u00f3w osobistych, brelok\u00f3w lub kart dost\u0119pu.<\/li>\n<li><strong>Klamra bezpiecze\u0144stwa:<\/strong> Zaprojektowane z my\u015bl\u0105 o szybkim od\u0142\u0105czeniu, zwi\u0119kszaj\u0105ce bezpiecze\u0144stwo u\u017cytkownika.<\/li>\n<li><strong>Elegancki wygl\u0105d:<\/strong> \u017b\u00f3\u0142ty kolor zapewnia \u017cywe i widoczne rozwi\u0105zanie dla wszystkich obszar\u00f3w zastosowa\u0144.<\/li>\n<li><strong>Wszechstronna funkcjonalno\u015b\u0107:<\/strong> Idealne do ekspozycji dowod\u00f3w osobistych, wizyt\u00f3wek, brelok\u00f3w, pendrive&#039;\u00f3w i telefon\u00f3w kom\u00f3rkowych.<\/li>\n<\/ul>\n<p><strong>Dane techniczne:<\/strong><\/p>\n<ul>\n<li><strong>Szeroko\u015b\u0107:<\/strong> 10 mm<\/li>\n<li><strong>D\u0142ugo\u015b\u0107:<\/strong> 90 cm (d\u0142ugo\u015b\u0107 opadania 45 cm)<\/li>\n<li><strong>Tworzywo:<\/strong> Materia\u0142 PET z recyklingu<\/li>\n<li><strong>Farba:<\/strong> \u017b\u00f3\u0142ty<\/li>\n<li><strong>Opakowanie:<\/strong> 100 sztuk w opakowaniu<\/li>\n<\/ul>\n<p>Te \u017c\u00f3\u0142te breloczki do kluczy \u0142\u0105cz\u0105 w sobie trwa\u0142o\u015b\u0107, bezpiecze\u0144stwo i styl. Idealny do pracy, na imprezy lub do codziennego u\u017cytku - niezawodne rozwi\u0105zanie dla Twoich potrzeb!<\/p>","protected":false},"excerpt":{"rendered":"<p>\u017b\u00f3\u0142te smycze o szeroko\u015bci 10 mm, wykonane z materia\u0142u PET pochodz\u0105cego z recyklingu. Wyposa\u017cone w klamr\u0119 zabezpieczaj\u0105c\u0105 i metalowy karabi\u0144czyk. Sprzedawane w opakowaniach po 100 sztuk.<\/p>","protected":false},"featured_media":145595,"template":"","meta":{"_acf_changed":false},"product_brand":[],"product_cat":[1875],"product_tag":[4348,4357],"class_list":{"0":"post-57255","1":"product","2":"type-product","3":"status-publish","4":"has-post-thumbnail","6":"product_cat-nyckelband","7":"product_tag-10mm","8":"product_tag-gula-nyckelband","9":"product_shipping_class-tunga-paket","10":"pa_brands-stonehouse-security","11":"pa_farg-gul","12":"pa_farg-nyckelband-gul","13":"pa_rfid-tillbehor-nyckelband-halsband","14":"tm-no-options","16":"first","17":"instock","18":"sale","19":"featured","20":"taxable","21":"shipping-taxable","22":"purchasable","23":"product-type-simple"},"acf":[],"_links":{"self":[{"href":"https:\/\/secureus.se\/pl\/wp-json\/wp\/v2\/product\/57255","targetHints":{"allow":["GET"]}}],"collection":[{"href":"https:\/\/secureus.se\/pl\/wp-json\/wp\/v2\/product"}],"about":[{"href":"https:\/\/secureus.se\/pl\/wp-json\/wp\/v2\/types\/product"}],"wp:featuredmedia":[{"embeddable":true,"href":"https:\/\/secureus.se\/pl\/wp-json\/wp\/v2\/media\/145595"}],"wp:attachment":[{"href":"https:\/\/secureus.se\/pl\/wp-json\/wp\/v2\/media?parent=57255"}],"wp:term":[{"taxonomy":"product_brand","embeddable":true,"href":"https:\/\/secureus.se\/pl\/wp-json\/wp\/v2\/product_brand?post=57255"},{"taxonomy":"product_cat","embeddable":true,"href":"https:\/\/secureus.se\/pl\/wp-json\/wp\/v2\/product_cat?post=57255"},{"taxonomy":"product_tag","embeddable":true,"href":"https:\/\/secureus.se\/pl\/wp-json\/wp\/v2\/product_tag?post=57255"}],"curies":[{"name":"wp","href":"https:\/\/api.w.org\/{rel}","templated":true}]}}