{"id":57256,"date":"2022-03-10T15:26:00","date_gmt":"2022-03-10T14:26:00","guid":{"rendered":"https:\/\/secureus.se\/produkt\/nyckelband-eko-15-mm-med-jojo-50-pack-farg-svart\/"},"modified":"2026-02-23T09:45:25","modified_gmt":"2026-02-23T08:45:25","slug":"nyckelband-eko-15-mm-med-jojo-50-pack-farg-svart","status":"publish","type":"product","link":"https:\/\/secureus.se\/pl\/nyckelband-eko-15-mm-med-jojo-50-pack-farg-svart\/","title":{"rendered":"Brelok Eco Czarny 15 mm z jojo, 50 sztuk"},"content":{"rendered":"<p>Brelok PET 15 mm z jojo to propozycja dla tych, kt\u00f3rzy chc\u0105 zmniejszy\u0107 sw\u00f3j \u015blad w\u0119glowy w \u015brodowisku.<\/p>\n<p>Breloczki do kluczy wykonane s\u0105 z plastikowych butelek pochodz\u0105cych z recyklingu, co czyni je bardziej przyjazn\u0105 dla \u015brodowiska alternatyw\u0105 dla poliestru.<\/p>\n<p>Nadaje si\u0119 do kontroli dost\u0119pu<\/p>\n<p>Pakowane w worki ze skrobi kukurydzianej innej ni\u017c PVC<\/p>\n<p>&nbsp;<\/p>","protected":false},"excerpt":{"rendered":"<p>Brelok PET 15 mm z jojo to propozycja dla tych, kt\u00f3rzy chc\u0105 zmniejszy\u0107 sw\u00f3j \u015blad w\u0119glowy w \u015brodowisku. Breloczki do kluczy wykonane s\u0105 z plastikowych butelek pochodz\u0105cych z recyklingu, co czyni je jednymi<\/p>","protected":false},"featured_media":145654,"template":"","meta":{"_acf_changed":false},"product_brand":[],"product_cat":[1676],"product_tag":[],"class_list":{"0":"post-57256","1":"product","2":"type-product","3":"status-publish","4":"has-post-thumbnail","6":"product_cat-jojos-och-nyckelringar","7":"product_shipping_class-tunga-paket","8":"pa_brands-stonehouse-security","9":"pa_farg-svart","10":"pa_farg-nyckelband-svart","11":"pa_rfid-tillbehor-nyckelband-halsband","12":"tm-no-options","14":"first","15":"instock","16":"sale","17":"featured","18":"taxable","19":"shipping-taxable","20":"purchasable","21":"product-type-simple"},"acf":[],"_links":{"self":[{"href":"https:\/\/secureus.se\/pl\/wp-json\/wp\/v2\/product\/57256","targetHints":{"allow":["GET"]}}],"collection":[{"href":"https:\/\/secureus.se\/pl\/wp-json\/wp\/v2\/product"}],"about":[{"href":"https:\/\/secureus.se\/pl\/wp-json\/wp\/v2\/types\/product"}],"wp:featuredmedia":[{"embeddable":true,"href":"https:\/\/secureus.se\/pl\/wp-json\/wp\/v2\/media\/145654"}],"wp:attachment":[{"href":"https:\/\/secureus.se\/pl\/wp-json\/wp\/v2\/media?parent=57256"}],"wp:term":[{"taxonomy":"product_brand","embeddable":true,"href":"https:\/\/secureus.se\/pl\/wp-json\/wp\/v2\/product_brand?post=57256"},{"taxonomy":"product_cat","embeddable":true,"href":"https:\/\/secureus.se\/pl\/wp-json\/wp\/v2\/product_cat?post=57256"},{"taxonomy":"product_tag","embeddable":true,"href":"https:\/\/secureus.se\/pl\/wp-json\/wp\/v2\/product_tag?post=57256"}],"curies":[{"name":"wp","href":"https:\/\/api.w.org\/{rel}","templated":true}]}}