{"id":57258,"date":"2022-03-10T15:26:00","date_gmt":"2022-03-10T14:26:00","guid":{"rendered":"https:\/\/secureus.se\/produkt\/plastficka-korthallare-transparent-113x92-liggande-5-pack\/"},"modified":"2025-12-31T19:36:13","modified_gmt":"2025-12-31T18:36:13","slug":"plastficka-korthallare-transparent-113x92-liggande-5-pack","status":"publish","type":"product","link":"https:\/\/secureus.se\/pl\/plastficka-korthallare-transparent-113x92-liggande-5-pack\/","title":{"rendered":"Plastikowa kiesze\u0144\/etui na karty Przezroczysty 113\u00d792 Poziomo"},"content":{"rendered":"<div>\n<p>Mi\u0119kka plastikowa kiesze\u0144 na kart\u0119 krajobrazow\u0105.<\/p>\n<p>Mo\u017cna \u0142atwo przymocowa\u0107 dowolny klips.<\/p>\n<p>Kolor: Przezroczysty<\/p>\n<p>Wymiary: Pasuje do wk\u0142adek o maksymalnych wymiarach 110\u00d774 mm.<\/p>\n<p>Materia\u0142: Winyl<\/p>\n<\/div>","protected":false},"excerpt":{"rendered":"<p>Mi\u0119kka plastikowa kiesze\u0144 na kart\u0119 w uk\u0142adzie poziomym. Ka\u017cdy klips mo\u017cna \u0142atwo zamocowa\u0107. Kolor: Przezroczysty Wymiary: Pasuje do wk\u0142ad\u00f3w o maksymalnych wymiarach 110\u00d774 mm. Materia\u0142: Winyl<\/p>","protected":false},"featured_media":147655,"template":"","meta":{"_acf_changed":false},"product_brand":[],"product_cat":[1679],"product_tag":[],"class_list":{"0":"post-57258","1":"product","2":"type-product","3":"status-publish","4":"has-post-thumbnail","6":"product_cat-plastfickor","7":"product_shipping_class-postnord-varubrev","8":"pa_brands-stonehouse-security","9":"pa_rfid-tillbehor-plastfickor","10":"tm-no-options","12":"first","13":"instock","14":"sale","15":"featured","16":"taxable","17":"shipping-taxable","18":"purchasable","19":"product-type-simple"},"acf":[],"_links":{"self":[{"href":"https:\/\/secureus.se\/pl\/wp-json\/wp\/v2\/product\/57258","targetHints":{"allow":["GET"]}}],"collection":[{"href":"https:\/\/secureus.se\/pl\/wp-json\/wp\/v2\/product"}],"about":[{"href":"https:\/\/secureus.se\/pl\/wp-json\/wp\/v2\/types\/product"}],"wp:featuredmedia":[{"embeddable":true,"href":"https:\/\/secureus.se\/pl\/wp-json\/wp\/v2\/media\/147655"}],"wp:attachment":[{"href":"https:\/\/secureus.se\/pl\/wp-json\/wp\/v2\/media?parent=57258"}],"wp:term":[{"taxonomy":"product_brand","embeddable":true,"href":"https:\/\/secureus.se\/pl\/wp-json\/wp\/v2\/product_brand?post=57258"},{"taxonomy":"product_cat","embeddable":true,"href":"https:\/\/secureus.se\/pl\/wp-json\/wp\/v2\/product_cat?post=57258"},{"taxonomy":"product_tag","embeddable":true,"href":"https:\/\/secureus.se\/pl\/wp-json\/wp\/v2\/product_tag?post=57258"}],"curies":[{"name":"wp","href":"https:\/\/api.w.org\/{rel}","templated":true}]}}