{"id":57263,"date":"2022-03-10T15:26:00","date_gmt":"2022-03-10T14:26:00","guid":{"rendered":"https:\/\/secureus.se\/produkt\/nyckelband-eko-10-mm-sakerhetsspanne-hummerklamma-i-metall-100-pack-farg-navy-bla\/"},"modified":"2026-01-02T12:12:04","modified_gmt":"2026-01-02T11:12:04","slug":"nyckelband-10mm-marinbla-metallklamma-100-pack","status":"publish","type":"product","link":"https:\/\/secureus.se\/pl\/nyckelband-10mm-marinbla-metallklamma-100-pack\/","title":{"rendered":"Brelok 10 mm Granatowy Eco - Metalowy karabi\u0144czyk i klamra zabezpieczaj\u0105ca - 100 szt"},"content":{"rendered":"<p>Te granatowe smycze o szeroko\u015bci 10 mm to optymalny wyb\u00f3r dla profesjonalnego i trwa\u0142ego rozwi\u0105zania. Wykonane z wytrzyma\u0142ego materia\u0142u PET pochodz\u0105cego z recyklingu, \u0142\u0105cz\u0105 przyjazny dla \u015brodowiska profil z wysok\u0105 funkcjonalno\u015bci\u0105. Standardowa d\u0142ugo\u015b\u0107 wynosz\u0105ca 90 cm (d\u0142ugo\u015b\u0107 opadania 45 cm w przypadku doros\u0142ych) sprawia, \u017ce s\u0105 wygodne w u\u017cyciu w wielu r\u00f3\u017cnych kontekstach, od miejsc pracy i szk\u00f3\u0142 po wydarzenia i konferencje.<\/p>\n<ul>\n<li><strong>Materia\u0142y z recyklingu:<\/strong> Wykonane z trwa\u0142ego i przyjaznego dla \u015brodowiska materia\u0142u PET.<\/li>\n<li><strong>Metalowy zacisk homarowy:<\/strong> Idealne do zabezpieczania dowod\u00f3w osobistych, brelok\u00f3w czy kart dost\u0119pu.<\/li>\n<li><strong>Klamra bezpiecze\u0144stwa:<\/strong> Dla bezpiecznego i szybkiego zwolnienia w razie potrzeby.<\/li>\n<li><strong>Elastyczne obszary zastosowa\u0144:<\/strong> Doskona\u0142e do eksponowania dowod\u00f3w osobistych, wizyt\u00f3wek, brelok\u00f3w, kart pami\u0119ci i telefon\u00f3w kom\u00f3rkowych.<\/li>\n<li><strong>Dost\u0119pne kolory:<\/strong> Dost\u0119pne r\u00f3wnie\u017c w kolorze czarnym, jasnoniebieskim, zielonym, pomara\u0144czowym, r\u00f3\u017cowym, czerwonym, bia\u0142ym i \u017c\u00f3\u0142tym.<\/li>\n<\/ul>\n<p><strong>Dane techniczne:<\/strong><\/p>\n<ul>\n<li><strong>Szeroko\u015b\u0107:<\/strong> 10 mm<\/li>\n<li><strong>D\u0142ugo\u015b\u0107:<\/strong> 90 cm (d\u0142ugo\u015b\u0107 opadania 45 cm)<\/li>\n<li><strong>Tworzywo:<\/strong> Materia\u0142 PET z recyklingu<\/li>\n<li><strong>Opakowanie:<\/strong> 100 sztuk w opakowaniu<\/li>\n<\/ul>\n<p>Te granatowe smycze oferuj\u0105 zar\u00f3wno styl, jak i trwa\u0142o\u015b\u0107, dzi\u0119ki czemu s\u0105 idealne dla organizacji poszukuj\u0105cych produkt\u00f3w wysokiej jako\u015bci i dbaj\u0105cych o \u015brodowisko.<\/p>","protected":false},"excerpt":{"rendered":"<p>Wytrzyma\u0142e smycze w kolorze granatowym o szeroko\u015bci 10 mm, wykonane z materia\u0142u PET pochodz\u0105cego z recyklingu. Wyposa\u017cone w metalowe karabi\u0144czyk i klamr\u0119 zabezpieczaj\u0105c\u0105. Sprzedawane w opakowaniach po 100 szt.<\/p>","protected":false},"featured_media":145642,"template":"","meta":{"_acf_changed":false},"product_brand":[],"product_cat":[1875],"product_tag":[4348,4352],"class_list":{"0":"post-57263","1":"product","2":"type-product","3":"status-publish","4":"has-post-thumbnail","6":"product_cat-nyckelband","7":"product_tag-10mm","8":"product_tag-blaa-nyckelband","9":"product_shipping_class-tunga-paket","10":"pa_brands-stonehouse-security","11":"pa_farg-bla-navy","12":"pa_farg-nyckelband-navybla","13":"pa_rfid-tillbehor-nyckelband-halsband","14":"tm-no-options","16":"first","17":"instock","18":"sale","19":"featured","20":"taxable","21":"shipping-taxable","22":"purchasable","23":"product-type-simple"},"acf":[],"_links":{"self":[{"href":"https:\/\/secureus.se\/pl\/wp-json\/wp\/v2\/product\/57263","targetHints":{"allow":["GET"]}}],"collection":[{"href":"https:\/\/secureus.se\/pl\/wp-json\/wp\/v2\/product"}],"about":[{"href":"https:\/\/secureus.se\/pl\/wp-json\/wp\/v2\/types\/product"}],"wp:featuredmedia":[{"embeddable":true,"href":"https:\/\/secureus.se\/pl\/wp-json\/wp\/v2\/media\/145642"}],"wp:attachment":[{"href":"https:\/\/secureus.se\/pl\/wp-json\/wp\/v2\/media?parent=57263"}],"wp:term":[{"taxonomy":"product_brand","embeddable":true,"href":"https:\/\/secureus.se\/pl\/wp-json\/wp\/v2\/product_brand?post=57263"},{"taxonomy":"product_cat","embeddable":true,"href":"https:\/\/secureus.se\/pl\/wp-json\/wp\/v2\/product_cat?post=57263"},{"taxonomy":"product_tag","embeddable":true,"href":"https:\/\/secureus.se\/pl\/wp-json\/wp\/v2\/product_tag?post=57263"}],"curies":[{"name":"wp","href":"https:\/\/api.w.org\/{rel}","templated":true}]}}