{"id":57267,"date":"2022-03-10T15:26:00","date_gmt":"2022-03-10T14:26:00","guid":{"rendered":"https:\/\/secureus.se\/produkt\/nyckelband-standard-med-j-klamma-i-plast-100-pack-farg-svart\/"},"modified":"2026-01-02T12:12:20","modified_gmt":"2026-01-02T11:12:20","slug":"nyckelband-standard-med-j-klamma-i-plast-100-pack-farg-svart","status":"publish","type":"product","link":"https:\/\/secureus.se\/pl\/nyckelband-standard-med-j-klamma-i-plast-100-pack-farg-svart\/","title":{"rendered":"Brelok 10 mm Czarny - Plastikowy zacisk J i klamra zabezpieczaj\u0105ca - 100 sztuk"},"content":{"rendered":"<p>Te czarne smycze o szeroko\u015bci 10 mm s\u0105 idealnym wyborem do eksponowania dowod\u00f3w osobistych, przepustek lub breloczk\u00f3w do kluczy. Dzi\u0119ki trwa\u0142emu materia\u0142owi PET pochodz\u0105cemu z recyklingu i praktycznemu plastikowemu zaciskowi J \u0142\u0105czy si\u0119 funkcjonalno\u015b\u0107 i przyjazno\u015b\u0107 dla \u015brodowiska.<\/p>\n<ul>\n<li><strong>Trwa\u0142e materia\u0142y:<\/strong> Wykonane z trwa\u0142ego materia\u0142u PET pochodz\u0105cego z recyklingu, co zapewnia przyjazne dla \u015brodowiska i niezawodne rozwi\u0105zanie.<\/li>\n<li><strong>Plastikowy zacisk J:<\/strong> Szerokie i k\u0105towe, zapewniaj\u0105ce wyra\u017ane i bezpieczne eksponowanie kart i kart dost\u0119pu.<\/li>\n<li><strong>Klamra bezpiecze\u0144stwa:<\/strong> Zaprojektowane z my\u015bl\u0105 o szybkim od\u0142\u0105czeniu, poprawiaj\u0105ce bezpiecze\u0144stwo u\u017cytkowania.<\/li>\n<li><strong>Profesjonalny projekt:<\/strong> Czarny kolor sprawia wra\u017cenie stylowego i profesjonalnego.<\/li>\n<li><strong>Wszechstronna funkcjonalno\u015b\u0107:<\/strong> Nadaje si\u0119 do dowod\u00f3w osobistych, breloczk\u00f3w, pami\u0119ci USB, wizyt\u00f3wek i telefon\u00f3w kom\u00f3rkowych.<\/li>\n<\/ul>\n<p><strong>Dane techniczne:<\/strong><\/p>\n<ul>\n<li><strong>Szeroko\u015b\u0107:<\/strong> 10 mm<\/li>\n<li><strong>D\u0142ugo\u015b\u0107:<\/strong> 90 cm (d\u0142ugo\u015b\u0107 opadania 45 cm)<\/li>\n<li><strong>Tworzywo:<\/strong> Materia\u0142 PET z recyklingu<\/li>\n<li><strong>Farba:<\/strong> Czarny<\/li>\n<li><strong>Opakowanie:<\/strong> 100 sztuk w opakowaniu<\/li>\n<\/ul>\n<p>Wybierz te czarne smycze, aby uzyska\u0107 trwa\u0142e i praktyczne rozwi\u0105zanie. Idealny do pracy, na imprezy i do codziennego u\u017cytku - zar\u00f3wno przyjazny dla \u015brodowiska, jak i niezawodny!<\/p>","protected":false},"excerpt":{"rendered":"<p>Czarne smycze o szeroko\u015bci 10 mm, wykonane z materia\u0142u PET pochodz\u0105cego z recyklingu. Wyposa\u017cone w plastikowy zacisk J i klamr\u0119 zabezpieczaj\u0105c\u0105. Sprzedawane w opakowaniach po 100 szt.<\/p>","protected":false},"featured_media":145422,"template":"","meta":{"_acf_changed":false},"product_brand":[],"product_cat":[1875],"product_tag":[4348,4349],"class_list":{"0":"post-57267","1":"product","2":"type-product","3":"status-publish","4":"has-post-thumbnail","6":"product_cat-nyckelband","7":"product_tag-10mm","8":"product_tag-svart-nyckelband","9":"product_shipping_class-tunga-paket","10":"pa_brands-stonehouse-security","11":"pa_farg-svart","12":"pa_farg-nyckelband-svart","13":"pa_rfid-tillbehor-nyckelband-halsband","14":"tm-no-options","16":"first","17":"instock","18":"sale","19":"featured","20":"taxable","21":"shipping-taxable","22":"purchasable","23":"product-type-simple"},"acf":[],"_links":{"self":[{"href":"https:\/\/secureus.se\/pl\/wp-json\/wp\/v2\/product\/57267","targetHints":{"allow":["GET"]}}],"collection":[{"href":"https:\/\/secureus.se\/pl\/wp-json\/wp\/v2\/product"}],"about":[{"href":"https:\/\/secureus.se\/pl\/wp-json\/wp\/v2\/types\/product"}],"wp:featuredmedia":[{"embeddable":true,"href":"https:\/\/secureus.se\/pl\/wp-json\/wp\/v2\/media\/145422"}],"wp:attachment":[{"href":"https:\/\/secureus.se\/pl\/wp-json\/wp\/v2\/media?parent=57267"}],"wp:term":[{"taxonomy":"product_brand","embeddable":true,"href":"https:\/\/secureus.se\/pl\/wp-json\/wp\/v2\/product_brand?post=57267"},{"taxonomy":"product_cat","embeddable":true,"href":"https:\/\/secureus.se\/pl\/wp-json\/wp\/v2\/product_cat?post=57267"},{"taxonomy":"product_tag","embeddable":true,"href":"https:\/\/secureus.se\/pl\/wp-json\/wp\/v2\/product_tag?post=57267"}],"curies":[{"name":"wp","href":"https:\/\/api.w.org\/{rel}","templated":true}]}}